{"id":33529,"date":"2025-05-14T14:47:01","date_gmt":"2025-05-14T06:47:01","guid":{"rendered":"https:\/\/shop.wosente-tech.com\/shop\/samsung-sm-a72on-wf\/"},"modified":"2025-11-20T22:10:51","modified_gmt":"2025-11-20T14:10:51","slug":"samsung-sm-a72on-wf","status":"publish","type":"product","link":"https:\/\/shop.wosente-tech.com\/pt-pt\/produto\/samsung-sm-a72on-wf\/","title":{"rendered":"Samsung SM A72(ON WF)"},"content":{"rendered":"\t\t<div data-elementor-type=\"wp-post\" data-elementor-id=\"33529\" class=\"elementor elementor-33529 elementor-29937\" data-elementor-post-type=\"product\">\n\t\t\t\t<div class=\"elementor-element elementor-element-997cfae e-flex e-con-boxed e-con e-parent\" data-id=\"997cfae\" data-element_type=\"container\" data-e-type=\"container\">\n\t\t\t\t\t<div class=\"e-con-inner\">\n\t\t<div class=\"elementor-element elementor-element-3fed916 e-con-full e-flex e-con e-child\" data-id=\"3fed916\" data-element_type=\"container\" data-e-type=\"container\">\n\t\t\t\t<div class=\"elementor-element elementor-element-d6c6ca0 color-scheme-inherit text-left elementor-widget elementor-widget-text-editor\" data-id=\"d6c6ca0\" data-element_type=\"widget\" data-e-type=\"widget\" data-widget_type=\"text-editor.default\">\n\t\t\t\t<div class=\"elementor-widget-container\">\n\t\t\t\t\t\t\t\t\t<h3><strong>Taxa de atualiza\u00e7\u00e3o: 60 Hz<\/strong><\/h3><ul><li>100% testado por equipe profissional de controle de qualidade antes do envio.<\/li><li>Este item vem com uma tela sens\u00edvel ao toque capacitiva Super AMOLED, tela sens\u00edvel ao toque e cabo LCD flex\u00edvel.<\/li><li>Se a tela do seu dispositivo estiver riscada, rachada ou danificada e n\u00e3o estiver funcionando, voc\u00ea precisar\u00e1 deste item para repar\u00e1-la.<\/li><\/ul>\t\t\t\t\t\t\t\t<\/div>\n\t\t\t\t<\/div>\n\t\t\t\t<\/div>\n\t\t\t\t\t<\/div>\n\t\t\t\t<\/div>\n\t\t\t\t<\/div>\n\t\t","protected":false},"excerpt":{"rendered":"<ul>\n<li>Tipo de ecr\u00e3: Ecr\u00e3 plano com furo centralizado (ecr\u00e3 completo)<\/li>\n<li>Qualidade: ORIGINAL NOVO COM MOLDURA<\/li>\n<li>Cor: Preto<\/li>\n<li>Tecnologia: AMOLED<\/li>\n<li>Tamanho do ecr\u00e3: 6,7 polegadas<\/li>\n<li>Resolu\u00e7\u00e3o: 1080*2400 FHD+ \u25cf Taxa de atualiza\u00e7\u00e3o: 90 Hz<\/li>\n<\/ul>\n","protected":false},"featured_media":33530,"comment_status":"open","ping_status":"closed","template":"","meta":[],"product_brand":[105],"product_cat":[219],"product_tag":[233,235],"class_list":{"0":"post-33529","1":"product","2":"type-product","3":"status-publish","4":"has-post-thumbnail","6":"product_brand-samsung","7":"product_cat-pacote-de-servicos-lcd","8":"product_tag-frete-gratis","9":"product_tag-novas-chegadas","11":"first","12":"instock","13":"shipping-taxable","14":"purchasable","15":"product-type-simple"},"_links":{"self":[{"href":"https:\/\/shop.wosente-tech.com\/pt-pt\/wp-json\/wp\/v2\/product\/33529","targetHints":{"allow":["GET"]}}],"collection":[{"href":"https:\/\/shop.wosente-tech.com\/pt-pt\/wp-json\/wp\/v2\/product"}],"about":[{"href":"https:\/\/shop.wosente-tech.com\/pt-pt\/wp-json\/wp\/v2\/types\/product"}],"replies":[{"embeddable":true,"href":"https:\/\/shop.wosente-tech.com\/pt-pt\/wp-json\/wp\/v2\/comments?post=33529"}],"version-history":[{"count":0,"href":"https:\/\/shop.wosente-tech.com\/pt-pt\/wp-json\/wp\/v2\/product\/33529\/revisions"}],"wp:featuredmedia":[{"embeddable":true,"href":"https:\/\/shop.wosente-tech.com\/pt-pt\/wp-json\/wp\/v2\/media\/33530"}],"wp:attachment":[{"href":"https:\/\/shop.wosente-tech.com\/pt-pt\/wp-json\/wp\/v2\/media?parent=33529"}],"wp:term":[{"taxonomy":"product_brand","embeddable":true,"href":"https:\/\/shop.wosente-tech.com\/pt-pt\/wp-json\/wp\/v2\/product_brand?post=33529"},{"taxonomy":"product_cat","embeddable":true,"href":"https:\/\/shop.wosente-tech.com\/pt-pt\/wp-json\/wp\/v2\/product_cat?post=33529"},{"taxonomy":"product_tag","embeddable":true,"href":"https:\/\/shop.wosente-tech.com\/pt-pt\/wp-json\/wp\/v2\/product_tag?post=33529"}],"curies":[{"name":"wp","href":"https:\/\/api.w.org\/{rel}","templated":true}]}}