{"id":32581,"date":"2025-06-07T23:20:50","date_gmt":"2025-06-07T15:20:50","guid":{"rendered":"https:\/\/shop.wosente-tech.com\/ioss\/"},"modified":"2025-11-20T11:15:39","modified_gmt":"2025-11-20T03:15:39","slug":"ioss","status":"publish","type":"page","link":"https:\/\/shop.wosente-tech.com\/pt-pt\/ioss\/","title":{"rendered":"IOSS"},"content":{"rendered":"\t\t<div data-elementor-type=\"wp-page\" data-elementor-id=\"32581\" class=\"elementor elementor-32581 elementor-30802\" data-elementor-post-type=\"page\">\n\t\t\t\t<div class=\"wd-negative-gap elementor-element elementor-element-7c7c544 e-flex e-con-boxed e-con e-parent\" data-id=\"7c7c544\" data-element_type=\"container\">\n\t\t\t\t\t<div class=\"e-con-inner\">\n\t\t<div class=\"elementor-element elementor-element-97d6084 e-con-full e-flex e-con e-child\" data-id=\"97d6084\" data-element_type=\"container\">\n\t\t\t\t<div class=\"elementor-element elementor-element-98d830b wd-width-100 elementor-widget elementor-widget-wd_title\" data-id=\"98d830b\" data-element_type=\"widget\" data-widget_type=\"wd_title.default\">\n\t\t\t\t<div class=\"elementor-widget-container\">\n\t\t\t\t\t\t\t<div class=\"title-wrapper wd-set-mb reset-last-child wd-title-color-primary wd-title-style-default wd-title-size-large text-left\">\n\n\t\t\t\n\t\t\t<div class=\"liner-continer\">\n\t\t\t\t<h4 class=\"woodmart-title-container title wd-fontsize-xxl\">TUDO O QUE VOC\u00ca PRECISA SABER SOBRE O IMPORT ONE-STOP SHOP (IOSS) NA LOJA Wosente-tech<br \/>\n<\/h4> \n\t\t\t\t\t\t\t<\/div>\n\n\t\t\t\t\t<\/div>\n\t\t\t\t\t\t<\/div>\n\t\t\t\t<\/div>\n\t\t\t\t<div class=\"elementor-element elementor-element-66e47ad elementor-widget elementor-widget-wd_text_block\" data-id=\"66e47ad\" data-element_type=\"widget\" data-widget_type=\"wd_text_block.default\">\n\t\t\t\t<div class=\"elementor-widget-container\">\n\t\t\t\t\t\t\t<div class=\"wd-text-block reset-last-child text-left\">\n\t\t\t\n\t\t\t<div class=\"wholesale thyme-color\" data-v-d47d8e28=\"\">\n<div class=\"common-main clearfix\" data-v-d47d8e28=\"\">\n<div class=\"fr wholesale-main border-e4 bg-white box-shadow-ee\" data-v-d47d8e28=\"\">\n<div class=\"ioss nuxt\" data-v-9de262a8=\"\" data-v-d47d8e28=\"\">\n<div class=\"IossTop\" data-v-7ccd39a4=\"\" data-v-9de262a8=\"\">\n<p class=\"line30 color-66 margin-b10 \" data-v-7ccd39a4=\"\">A partir de 1\u00ba de julho de 2021, todas as mercadorias importadas para a UE est\u00e3o sujeitas ao IVA, que se aplica apenas a encomendas feitas por compradores da UE cujo valor das mercadorias seja superior a \u20ac 22, mas inferior a \u20ac 150. J\u00e1 as mercadorias importadas cujo valor n\u00e3o exceda \u20ac 22 est\u00e3o isentas do Imposto sobre o Valor Acrescentado (IVA). <\/p>\n<p class=\"line30 color-66 margin-b10 \" data-v-7ccd39a4=\"\">O Balc\u00e3o \u00danico de Importa\u00e7\u00e3o (IOSS, na sigla em ingl\u00eas) foi criado para facilitar e simplificar a cobran\u00e7a, a declara\u00e7\u00e3o e o pagamento do IVA sobre mercadorias importadas vendidas por vendedores distantes.<\/p>\n<p class=\"line30 color-66 margin-b10 \" data-v-7ccd39a4=\"\">A loja Wosente-tech deixou de cobrar o IVA para encomendas provenientes de pa\u00edses\/territ\u00f3rios da UE, o que significa que os compradores da UE devem pagar as taxas de desalfandegamento por conta pr\u00f3pria quando as mercadorias forem importadas para os seus pa\u00edses. Al\u00e9m disso, a Wosente-tech N\u00c3O se responsabiliza por quaisquer encargos decorrentes do n\u00e3o pagamento do IVA. <\/p>\n<p class=\"line30 color-66\" data-v-7ccd39a4=\"\">Obrigado por comprar na loja Wosente-tech. Abaixo est\u00e3o os detalhes do IVA da UE:<\/p>\n<\/div>\n<div class=\"IossTable\" data-v-071c8ade=\"\" data-v-9de262a8=\"\">\n<div class=\"el-table el-table--fit el-table--striped el-table--enable-row-hover el-table--enable-row-transition el-table--medium\" data-v-071c8ade=\"\">\n<div class=\"hidden-columns\">\n<div data-v-071c8ade=\"\"><\/div>\n<div data-v-071c8ade=\"\"><\/div>\n<div data-v-071c8ade=\"\"><\/div>\n<\/div>\n<div class=\"el-table__header-wrapper\">\n<table class=\"el-table__header\" border=\"0\" cellspacing=\"0\" cellpadding=\"0\">\n<colgroup>\n<col width=\"341\">\n<col width=\"340\">\n<col width=\"340\">\n<col width=\"0\"><\/colgroup>\n<thead class=\"has-gutter\">\n<tr class=\"table-head\">\n<th class=\"el-table_1_column_1 is-leaf\" colspan=\"1\" rowspan=\"1\">\n<div class=\"cell\">NO.<\/div>\n<\/th>\n<th class=\"el-table_1_column_2 is-leaf\" colspan=\"1\" rowspan=\"1\">\n<div class=\"cell\">PA\u00cdS<\/div>\n<\/th>\n<th class=\"el-table_1_column_3 is-leaf\" colspan=\"1\" rowspan=\"1\">\n<div class=\"cell\">CUBA<\/div>\n<\/th>\n<\/tr>\n<\/thead>\n<\/table>\n<\/div>\n<div class=\"el-table__body-wrapper is-scrolling-none\">\n<table class=\"el-table__body\" border=\"0\" cellspacing=\"0\" cellpadding=\"0\">\n<colgroup>\n<col width=\"341\">\n<col width=\"340\">\n<col width=\"340\"><\/colgroup>\n<tbody>\n<tr class=\"el-table__row\">\n<td class=\"el-table_1_column_1 \" colspan=\"1\" rowspan=\"1\">\n<div class=\"cell\">1<\/div>\n<\/td>\n<td class=\"el-table_1_column_2 \" colspan=\"1\" rowspan=\"1\">\n<div class=\"cell\">Austria<\/div>\n<\/td>\n<td class=\"el-table_1_column_3 \" colspan=\"1\" rowspan=\"1\">\n<div class=\"cell\">20%<\/div>\n<\/td>\n<\/tr>\n<tr class=\"el-table__row el-table__row--striped\">\n<td class=\"el-table_1_column_1 \" colspan=\"1\" rowspan=\"1\">\n<div class=\"cell\">2<\/div>\n<\/td>\n<td class=\"el-table_1_column_2 \" colspan=\"1\" rowspan=\"1\">\n<div class=\"cell\">Belgium<\/div>\n<\/td>\n<td class=\"el-table_1_column_3 \" colspan=\"1\" rowspan=\"1\">\n<div class=\"cell\">21%<\/div>\n<\/td>\n<\/tr>\n<tr class=\"el-table__row\">\n<td class=\"el-table_1_column_1 \" colspan=\"1\" rowspan=\"1\">\n<div class=\"cell\">3<\/div>\n<\/td>\n<td class=\"el-table_1_column_2 \" colspan=\"1\" rowspan=\"1\">\n<div class=\"cell\">Bulg\u00e1ria<\/div>\n<\/td>\n<td class=\"el-table_1_column_3 \" colspan=\"1\" rowspan=\"1\">\n<div class=\"cell\">20%<\/div>\n<\/td>\n<\/tr>\n<tr class=\"el-table__row el-table__row--striped\">\n<td class=\"el-table_1_column_1 \" colspan=\"1\" rowspan=\"1\">\n<div class=\"cell\">4<\/div>\n<\/td>\n<td class=\"el-table_1_column_2 \" colspan=\"1\" rowspan=\"1\">\n<div class=\"cell\">Cro\u00e1cia<\/div>\n<\/td>\n<td class=\"el-table_1_column_3 \" colspan=\"1\" rowspan=\"1\">\n<div class=\"cell\">25%<\/div>\n<\/td>\n<\/tr>\n<tr class=\"el-table__row\">\n<td class=\"el-table_1_column_1 \" colspan=\"1\" rowspan=\"1\">\n<div class=\"cell\">5<\/div>\n<\/td>\n<td class=\"el-table_1_column_2 \" colspan=\"1\" rowspan=\"1\">\n<div class=\"cell\">Cyprus<\/div>\n<\/td>\n<td class=\"el-table_1_column_3 \" colspan=\"1\" rowspan=\"1\">\n<div class=\"cell\">19%<\/div>\n<\/td>\n<\/tr>\n<tr class=\"el-table__row el-table__row--striped\">\n<td class=\"el-table_1_column_1 \" colspan=\"1\" rowspan=\"1\">\n<div class=\"cell\">6<\/div>\n<\/td>\n<td class=\"el-table_1_column_2 \" colspan=\"1\" rowspan=\"1\">\n<div class=\"cell\">Rep\u00fablica Tcheca<\/div>\n<\/td>\n<td class=\"el-table_1_column_3 \" colspan=\"1\" rowspan=\"1\">\n<div class=\"cell\">21%<\/div>\n<\/td>\n<\/tr>\n<tr class=\"el-table__row\">\n<td class=\"el-table_1_column_1 \" colspan=\"1\" rowspan=\"1\">\n<div class=\"cell\">7<\/div>\n<\/td>\n<td class=\"el-table_1_column_2 \" colspan=\"1\" rowspan=\"1\">\n<div class=\"cell\">Denmark<\/div>\n<\/td>\n<td class=\"el-table_1_column_3 \" colspan=\"1\" rowspan=\"1\">\n<div class=\"cell\">25%<\/div>\n<\/td>\n<\/tr>\n<tr class=\"el-table__row el-table__row--striped\">\n<td class=\"el-table_1_column_1 \" colspan=\"1\" rowspan=\"1\">\n<div class=\"cell\">8<\/div>\n<\/td>\n<td class=\"el-table_1_column_2 \" colspan=\"1\" rowspan=\"1\">\n<div class=\"cell\">Estonia<\/div>\n<\/td>\n<td class=\"el-table_1_column_3 \" colspan=\"1\" rowspan=\"1\">\n<div class=\"cell\">20%<\/div>\n<\/td>\n<\/tr>\n<tr class=\"el-table__row\">\n<td class=\"el-table_1_column_1 \" colspan=\"1\" rowspan=\"1\">\n<div class=\"cell\">9<\/div>\n<\/td>\n<td class=\"el-table_1_column_2 \" colspan=\"1\" rowspan=\"1\">\n<div class=\"cell\">Finl\u00e2ndia<\/div>\n<\/td>\n<td class=\"el-table_1_column_3 \" colspan=\"1\" rowspan=\"1\">\n<div class=\"cell\">24%<\/div>\n<\/td>\n<\/tr>\n<tr class=\"el-table__row el-table__row--striped\">\n<td class=\"el-table_1_column_1 \" colspan=\"1\" rowspan=\"1\">\n<div class=\"cell\">10<\/div>\n<\/td>\n<td class=\"el-table_1_column_2 \" colspan=\"1\" rowspan=\"1\">\n<div class=\"cell\">Fran\u00e7a<\/div>\n<\/td>\n<td class=\"el-table_1_column_3 \" colspan=\"1\" rowspan=\"1\">\n<div class=\"cell\">20%<\/div>\n<\/td>\n<\/tr>\n<tr class=\"el-table__row\">\n<td class=\"el-table_1_column_1 \" colspan=\"1\" rowspan=\"1\">\n<div class=\"cell\">11<\/div>\n<\/td>\n<td class=\"el-table_1_column_2 \" colspan=\"1\" rowspan=\"1\">\n<div class=\"cell\">Germany<\/div>\n<\/td>\n<td class=\"el-table_1_column_3 \" colspan=\"1\" rowspan=\"1\">\n<div class=\"cell\">19%<\/div>\n<\/td>\n<\/tr>\n<tr class=\"el-table__row el-table__row--striped\">\n<td class=\"el-table_1_column_1 \" colspan=\"1\" rowspan=\"1\">\n<div class=\"cell\">12<\/div>\n<\/td>\n<td class=\"el-table_1_column_2 \" colspan=\"1\" rowspan=\"1\">\n<div class=\"cell\">Gr\u00e9cia<\/div>\n<\/td>\n<td class=\"el-table_1_column_3 \" colspan=\"1\" rowspan=\"1\">\n<div class=\"cell\">24%<\/div>\n<\/td>\n<\/tr>\n<tr class=\"el-table__row\">\n<td class=\"el-table_1_column_1 \" colspan=\"1\" rowspan=\"1\">\n<div class=\"cell\">13<\/div>\n<\/td>\n<td class=\"el-table_1_column_2 \" colspan=\"1\" rowspan=\"1\">\n<div class=\"cell\">Hungria<\/div>\n<\/td>\n<td class=\"el-table_1_column_3 \" colspan=\"1\" rowspan=\"1\">\n<div class=\"cell\">27%<\/div>\n<\/td>\n<\/tr>\n<tr class=\"el-table__row el-table__row--striped\">\n<td class=\"el-table_1_column_1 \" colspan=\"1\" rowspan=\"1\">\n<div class=\"cell\">14<\/div>\n<\/td>\n<td class=\"el-table_1_column_2 \" colspan=\"1\" rowspan=\"1\">\n<div class=\"cell\">Irlanda<\/div>\n<\/td>\n<td class=\"el-table_1_column_3 \" colspan=\"1\" rowspan=\"1\">\n<div class=\"cell\">23%<\/div>\n<\/td>\n<\/tr>\n<tr class=\"el-table__row\">\n<td class=\"el-table_1_column_1 \" colspan=\"1\" rowspan=\"1\">\n<div class=\"cell\">15<\/div>\n<\/td>\n<td class=\"el-table_1_column_2 \" colspan=\"1\" rowspan=\"1\">\n<div class=\"cell\">It\u00e1lia<\/div>\n<\/td>\n<td class=\"el-table_1_column_3 \" colspan=\"1\" rowspan=\"1\">\n<div class=\"cell\">22%<\/div>\n<\/td>\n<\/tr>\n<tr class=\"el-table__row el-table__row--striped\">\n<td class=\"el-table_1_column_1 \" colspan=\"1\" rowspan=\"1\">\n<div class=\"cell\">16<\/div>\n<\/td>\n<td class=\"el-table_1_column_2 \" colspan=\"1\" rowspan=\"1\">\n<div class=\"cell\">Latvia<\/div>\n<\/td>\n<td class=\"el-table_1_column_3 \" colspan=\"1\" rowspan=\"1\">\n<div class=\"cell\">21%<\/div>\n<\/td>\n<\/tr>\n<tr class=\"el-table__row\">\n<td class=\"el-table_1_column_1 \" colspan=\"1\" rowspan=\"1\">\n<div class=\"cell\">17<\/div>\n<\/td>\n<td class=\"el-table_1_column_2 \" colspan=\"1\" rowspan=\"1\">\n<div class=\"cell\">Litu\u00e2nia<\/div>\n<\/td>\n<td class=\"el-table_1_column_3 \" colspan=\"1\" rowspan=\"1\">\n<div class=\"cell\">21%<\/div>\n<\/td>\n<\/tr>\n<tr class=\"el-table__row el-table__row--striped\">\n<td class=\"el-table_1_column_1 \" colspan=\"1\" rowspan=\"1\">\n<div class=\"cell\">18<\/div>\n<\/td>\n<td class=\"el-table_1_column_2 \" colspan=\"1\" rowspan=\"1\">\n<div class=\"cell\">Luxemburgo<\/div>\n<\/td>\n<td class=\"el-table_1_column_3 \" colspan=\"1\" rowspan=\"1\">\n<div class=\"cell\">17%<\/div>\n<\/td>\n<\/tr>\n<tr class=\"el-table__row\">\n<td class=\"el-table_1_column_1 \" colspan=\"1\" rowspan=\"1\">\n<div class=\"cell\">19<\/div>\n<\/td>\n<td class=\"el-table_1_column_2 \" colspan=\"1\" rowspan=\"1\">\n<div class=\"cell\">Malta<\/div>\n<\/td>\n<td class=\"el-table_1_column_3 \" colspan=\"1\" rowspan=\"1\">\n<div class=\"cell\">18%<\/div>\n<\/td>\n<\/tr>\n<tr class=\"el-table__row el-table__row--striped\">\n<td class=\"el-table_1_column_1 \" colspan=\"1\" rowspan=\"1\">\n<div class=\"cell\">20<\/div>\n<\/td>\n<td class=\"el-table_1_column_2 \" colspan=\"1\" rowspan=\"1\">\n<div class=\"cell\">Holanda<\/div>\n<\/td>\n<td class=\"el-table_1_column_3 \" colspan=\"1\" rowspan=\"1\">\n<div class=\"cell\">21%<\/div>\n<\/td>\n<\/tr>\n<tr class=\"el-table__row\">\n<td class=\"el-table_1_column_1 \" colspan=\"1\" rowspan=\"1\">\n<div class=\"cell\">21<\/div>\n<\/td>\n<td class=\"el-table_1_column_2 \" colspan=\"1\" rowspan=\"1\">\n<div class=\"cell\">Pol\u00f4nia<\/div>\n<\/td>\n<td class=\"el-table_1_column_3 \" colspan=\"1\" rowspan=\"1\">\n<div class=\"cell\">23%<\/div>\n<\/td>\n<\/tr>\n<tr class=\"el-table__row el-table__row--striped\">\n<td class=\"el-table_1_column_1 \" colspan=\"1\" rowspan=\"1\">\n<div class=\"cell\">22<\/div>\n<\/td>\n<td class=\"el-table_1_column_2 \" colspan=\"1\" rowspan=\"1\">\n<div class=\"cell\">Portugal<\/div>\n<\/td>\n<td class=\"el-table_1_column_3 \" colspan=\"1\" rowspan=\"1\">\n<div class=\"cell\">23%<\/div>\n<\/td>\n<\/tr>\n<tr class=\"el-table__row\">\n<td class=\"el-table_1_column_1 \" colspan=\"1\" rowspan=\"1\">\n<div class=\"cell\">23<\/div>\n<\/td>\n<td class=\"el-table_1_column_2 \" colspan=\"1\" rowspan=\"1\">\n<div class=\"cell\">Rom\u00eania<\/div>\n<\/td>\n<td class=\"el-table_1_column_3 \" colspan=\"1\" rowspan=\"1\">\n<div class=\"cell\">19%<\/div>\n<\/td>\n<\/tr>\n<tr class=\"el-table__row el-table__row--striped\">\n<td class=\"el-table_1_column_1 \" colspan=\"1\" rowspan=\"1\">\n<div class=\"cell\">24<\/div>\n<\/td>\n<td class=\"el-table_1_column_2 \" colspan=\"1\" rowspan=\"1\">\n<div class=\"cell\">Eslov\u00e1quia<\/div>\n<\/td>\n<td class=\"el-table_1_column_3 \" colspan=\"1\" rowspan=\"1\">\n<div class=\"cell\">20%<\/div>\n<\/td>\n<\/tr>\n<tr class=\"el-table__row\">\n<td class=\"el-table_1_column_1 \" colspan=\"1\" rowspan=\"1\">\n<div class=\"cell\">25<\/div>\n<\/td>\n<td class=\"el-table_1_column_2 \" colspan=\"1\" rowspan=\"1\">\n<div class=\"cell\">Eslov\u00eania<\/div>\n<\/td>\n<td class=\"el-table_1_column_3 \" colspan=\"1\" rowspan=\"1\">\n<div class=\"cell\">22%<\/div>\n<\/td>\n<\/tr>\n<tr class=\"el-table__row el-table__row--striped\">\n<td class=\"el-table_1_column_1 \" colspan=\"1\" rowspan=\"1\">\n<div class=\"cell\">26<\/div>\n<\/td>\n<td class=\"el-table_1_column_2 \" colspan=\"1\" rowspan=\"1\">\n<div class=\"cell\">Espanha<\/div>\n<\/td>\n<td class=\"el-table_1_column_3 \" colspan=\"1\" rowspan=\"1\">\n<div class=\"cell\">21%<\/div>\n<\/td>\n<\/tr>\n<tr class=\"el-table__row\">\n<td class=\"el-table_1_column_1 \" colspan=\"1\" rowspan=\"1\">\n<div class=\"cell\">27<\/div>\n<\/td>\n<td class=\"el-table_1_column_2 \" colspan=\"1\" rowspan=\"1\">\n<div class=\"cell\">Su\u00e9cia<\/div>\n<\/td>\n<td class=\"el-table_1_column_3 \" colspan=\"1\" rowspan=\"1\">\n<div class=\"cell\">25%<\/div>\n<\/td>\n<\/tr>\n<\/tbody>\n<\/table>\n<\/div>\n<\/div>\n<div class=\"margin-tb20\" data-v-071c8ade=\"\">\n<p class=\"margin-b10\" data-v-071c8ade=\"\">Mais detalhes:<\/p>\n<p><a class=\"color-24\" href=\"https:\/\/ec.europa.eu\/taxation_customs\/business\/vat\/ioss_en\" target=\"_blank\" rel=\"noopener\" data-v-071c8ade=\"\">https:\/\/ec.europa.eu\/taxation_customs\/business\/vat\/ioss_en<\/a><\/div>\n<\/div>\n<\/div>\n<\/div>\n<\/div>\n<\/div>\n<div class=\"Wosente-tech-shop-footer\" data-v-5cc6095f=\"\" data-v-d47d8e28=\"\">\n<div class=\"home-main-bottom\" data-v-0064c524=\"\" data-v-5cc6095f=\"\">\n<div class=\"common-main\" data-v-0064c524=\"\">\n<div class=\"libody\" data-v-0064c524=\"\">\n<div class=\"out-wrap\" data-v-0064c524=\"\">\n<div class=\"logo-wrap\" data-v-0064c524=\"\"><\/div>\n<\/div>\n<\/div>\n<\/div>\n<\/div>\n<\/div>\n\n\t\t\t\t\t<\/div>\n\t\t\t\t\t\t<\/div>\n\t\t\t\t<\/div>\n\t\t\t\t<\/div>\n\t\t\t\t\t<\/div>\n\t\t\t\t<\/div>\n\t\t\t\t<\/div>\n\t\t","protected":false},"excerpt":{"rendered":"<p>TUDO O QUE VOC\u00ca PRECISA SABER SOBRE O IMPORT ONE-STOP SHOP (IOSS) NA LOJA Wosente-tech A partir de 1\u00ba de<\/p>\n","protected":false},"author":1,"featured_media":0,"parent":0,"menu_order":0,"comment_status":"closed","ping_status":"closed","template":"","meta":{"footnotes":""},"class_list":["post-32581","page","type-page","status-publish","hentry"],"_links":{"self":[{"href":"https:\/\/shop.wosente-tech.com\/pt-pt\/wp-json\/wp\/v2\/pages\/32581","targetHints":{"allow":["GET"]}}],"collection":[{"href":"https:\/\/shop.wosente-tech.com\/pt-pt\/wp-json\/wp\/v2\/pages"}],"about":[{"href":"https:\/\/shop.wosente-tech.com\/pt-pt\/wp-json\/wp\/v2\/types\/page"}],"author":[{"embeddable":true,"href":"https:\/\/shop.wosente-tech.com\/pt-pt\/wp-json\/wp\/v2\/users\/1"}],"replies":[{"embeddable":true,"href":"https:\/\/shop.wosente-tech.com\/pt-pt\/wp-json\/wp\/v2\/comments?post=32581"}],"version-history":[{"count":0,"href":"https:\/\/shop.wosente-tech.com\/pt-pt\/wp-json\/wp\/v2\/pages\/32581\/revisions"}],"wp:attachment":[{"href":"https:\/\/shop.wosente-tech.com\/pt-pt\/wp-json\/wp\/v2\/media?parent=32581"}],"curies":[{"name":"wp","href":"https:\/\/api.w.org\/{rel}","templated":true}]}}