{"id":32543,"date":"2025-05-13T10:14:03","date_gmt":"2025-05-13T02:14:03","guid":{"rendered":"https:\/\/shop.wosente-tech.com\/cookies\/"},"modified":"2025-11-19T20:53:02","modified_gmt":"2025-11-19T12:53:02","slug":"cookies","status":"publish","type":"page","link":"https:\/\/shop.wosente-tech.com\/pt-pt\/cookies\/","title":{"rendered":"Cookies"},"content":{"rendered":"\t\t<div data-elementor-type=\"wp-page\" data-elementor-id=\"32543\" class=\"elementor elementor-32543 elementor-29749\" data-elementor-post-type=\"page\">\n\t\t\t\t<div class=\"wd-negative-gap elementor-element elementor-element-7c7c544 e-flex e-con-boxed e-con e-parent\" data-id=\"7c7c544\" data-element_type=\"container\" data-e-type=\"container\">\n\t\t\t\t\t<div class=\"e-con-inner\">\n\t\t<div class=\"elementor-element elementor-element-97d6084 e-con-full e-flex e-con e-child\" data-id=\"97d6084\" data-element_type=\"container\" data-e-type=\"container\">\n\t\t\t\t<div class=\"elementor-element elementor-element-2e7f7ce wd-width-100 elementor-widget elementor-widget-wd_title\" data-id=\"2e7f7ce\" data-element_type=\"widget\" data-e-type=\"widget\" data-widget_type=\"wd_title.default\">\n\t\t\t\t<div class=\"elementor-widget-container\">\n\t\t\t\t\t\t\t<div class=\"title-wrapper wd-set-mb reset-last-child wd-title-color-primary wd-title-style-default wd-title-size-large text-left\">\n\n\t\t\t\n\t\t\t<div class=\"liner-continer\">\n\t\t\t\t<h4 class=\"woodmart-title-container title wd-fontsize-xxl\">Biscoito<\/h4> \n\t\t\t\t\t\t\t<\/div>\n\n\t\t\t\t\t<\/div>\n\t\t\t\t\t\t<\/div>\n\t\t\t\t<\/div>\n\t\t\t\t<div class=\"elementor-element elementor-element-66e47ad elementor-widget elementor-widget-wd_text_block\" data-id=\"66e47ad\" data-element_type=\"widget\" data-e-type=\"widget\" data-widget_type=\"wd_text_block.default\">\n\t\t\t\t<div class=\"elementor-widget-container\">\n\t\t\t\t\t\t\t<div class=\"wd-text-block reset-last-child text-left\">\n\t\t\t\n\t\t\t<p id=\"company\" class=\"c5 pad-ub20 border-b-e4\" data-v-7d7d467a=\"\">Esta es la Pol\u00edtica de Cookies de Wosente Tech, accesible desde <a href=\"https:\/\/shop.wosente-tech.com\/pt-pt\/\">https:\/\/shop.wosente-tech.com\/<\/a><\/p>\n\t\t\t\t\t<\/div>\n\t\t\t\t\t\t<\/div>\n\t\t\t\t<\/div>\n\t\t\t\t<div class=\"elementor-element elementor-element-b0080de elementor-widget elementor-widget-wd_text_block\" data-id=\"b0080de\" data-element_type=\"widget\" data-e-type=\"widget\" data-widget_type=\"wd_text_block.default\">\n\t\t\t\t<div class=\"elementor-widget-container\">\n\t\t\t\t\t\t\t<div class=\"wd-text-block reset-last-child text-left\">\n\t\t\t\n\t\t\t<h3><span style=\"color: #00c6b8;\">O que s\u00e3o cookies?<\/span><\/h3><p data-v-7d7d467a=\"\">Como \u00e9 pr\u00e1tica comum em quase todos os sites profissionais, este site utiliza cookies, que s\u00e3o pequenos arquivos baixados para o seu computador, para melhorar a sua experi\u00eancia. Esta p\u00e1gina descreve quais informa\u00e7\u00f5es coletamos, como as utilizamos e por que, \u00e0s vezes, precisamos armazenar esses cookies. Tamb\u00e9m explicaremos como voc\u00ea pode impedir que esses cookies sejam armazenados, embora isso possa degradar ou \"quebrar\" certas funcionalidades do site.  <\/p>\n\t\t\t\t\t<\/div>\n\t\t\t\t\t\t<\/div>\n\t\t\t\t<\/div>\n\t\t\t\t<div class=\"elementor-element elementor-element-e31ec35 elementor-widget elementor-widget-pp-divider\" data-id=\"e31ec35\" data-element_type=\"widget\" data-e-type=\"widget\" data-widget_type=\"pp-divider.default\">\n\t\t\t\t<div class=\"elementor-widget-container\">\n\t\t\t\t\t\t\t<div class=\"pp-divider-wrap\">\n\t\t\t\t\t\t\t<div class=\"pp-divider pp-divider-horizontal horizontal\"><\/div>\n\t\t\t\t\t\t<\/div>    \n\t\t\t\t\t\t<\/div>\n\t\t\t\t<\/div>\n\t\t\t\t<div class=\"elementor-element elementor-element-b6a8452 elementor-widget elementor-widget-wd_text_block\" data-id=\"b6a8452\" data-element_type=\"widget\" data-e-type=\"widget\" data-widget_type=\"wd_text_block.default\">\n\t\t\t\t<div class=\"elementor-widget-container\">\n\t\t\t\t\t\t\t<div class=\"wd-text-block reset-last-child text-left\">\n\t\t\t\n\t\t\t<h3><span style=\"color: #00c6b8;\">Como usamos cookies<\/span><\/h3><p data-v-7d7d467a=\"\">A <a href=\"https:\/\/shop.wosente-tech.com\/pt-pt\/\">shop.wosente-tech.com<\/a> reserva-se o direito de cancelar contas de clientes a qualquer momento, com ou sem aviso pr\u00e9vio. O fornecimento de informa\u00e7\u00f5es de conta falsas ou inv\u00e1lidas pode resultar no encerramento da sua conta. <\/p><p data-v-7d7d467a=\"\">Voc\u00ea concorda em usar o Site ou os Servi\u00e7os exclusivamente para seus pr\u00f3prios fins privados e internos. Voc\u00ea concorda que <\/p><p data-v-7d7d467a=\"\">(a) Voc\u00ea n\u00e3o poder\u00e1 copiar, reproduzir, baixar, republicar, vender, distribuir ou revender quaisquer servi\u00e7os ou quaisquer informa\u00e7\u00f5es, textos, imagens, gr\u00e1ficos, videoclipes, sons, diret\u00f3rios, arquivos, bancos de dados ou listas, etc., dispon\u00edveis no ou atrav\u00e9s do site <a href=\"https:\/\/shop.wosente-tech.com\/pt-pt\/\">shop.wosente-tech.com<\/a>.<\/p><p data-v-7d7d467a=\"\">(b) Voc\u00ea n\u00e3o poder\u00e1 copiar, reproduzir, baixar, compilar ou usar de qualquer outra forma o Conte\u00fado do Site para fins de operar um neg\u00f3cio que concorra com <a href=\"https:\/\/shop.wosente-tech.com\/pt-pt\/\">shop.wosente-tech.com<\/a>, ou explorar comercialmente o Conte\u00fado do Site de qualquer outra forma. \u00c9 proibida a recupera\u00e7\u00e3o sistem\u00e1tica do Conte\u00fado do Site para criar ou compilar, direta ou indiretamente, uma cole\u00e7\u00e3o, compila\u00e7\u00e3o, banco de dados ou diret\u00f3rio (seja por meio de rob\u00f4s, spiders, dispositivos autom\u00e1ticos ou processos manuais) sem a permiss\u00e3o por escrito de <a href=\"https:\/\/shop.wosente-tech.com\/pt-pt\/\">shop.wosente-tech.com<\/a>. \u00c9 proibido o uso de qualquer conte\u00fado ou material do Site para qualquer finalidade n\u00e3o expressamente permitida nos Termos.  <\/p><p class=\"margin-t20\" data-v-7d7d467a=\"\">Voc\u00ea deve ler a Pol\u00edtica de Privacidade da <a href=\"https:\/\/shop.wosente-tech.com\/pt-pt\/\">shop.wosente-tech.com<\/a>, que rege a prote\u00e7\u00e3o e o uso das informa\u00e7\u00f5es pessoais dos Usu\u00e1rios que est\u00e3o em posse da shop.wosente-tech.com e de nossas afiliadas. Ao aceitar os termos da Pol\u00edtica de Privacidade, voc\u00ea concorda com o uso de suas informa\u00e7\u00f5es pessoais de acordo com a mesma. <\/p><p class=\"margin-t20\" data-v-7d7d467a=\"\">De acordo com as normas alfandeg\u00e1rias, os clientes devem fornecer dados v\u00e1lidos e precisos. Todos os nomes do destinat\u00e1rio, endere\u00e7os e nomes dos pagadores devem ser v\u00e1lidos. Em alguns pa\u00edses, o destinat\u00e1rio pode ter que apresentar seu documento de identidade ou passaporte para liberar a encomenda ou para fins de verifica\u00e7\u00e3o de pagamento. Os clientes s\u00e3o os \u00fanicos respons\u00e1veis \u200b\u200bpela exatid\u00e3o dos dados que fornecem \u00e0 <a href=\"https:\/\/shop.wosente-tech.com\/pt-pt\/\">shop.wosente-tech.com<\/a>. Caso alguma informa\u00e7\u00e3o esteja incorreta e impe\u00e7a o envio, a entrega ou o desembara\u00e7o aduaneiro, a Wosente n\u00e3o se responsabilizar\u00e1 e n\u00e3o oferecer\u00e1 qualquer compensa\u00e7\u00e3o nesses casos.    <\/p><p data-v-7d7d467a=\"\">Ap\u00f3s o cadastro inicial, os clientes s\u00e3o adicionados \u00e0 nossa lista de e-mails com ofertas especiais, cupons e promo\u00e7\u00f5es. Isso permite que nossos clientes aproveitem descontos exclusivos. Todos os clientes podem optar por cancelar a assinatura de nossos e-mails de marketing a qualquer momento, clicando no link no rodap\u00e9 do e-mail.  <\/p>\n\t\t\t\t\t<\/div>\n\t\t\t\t\t\t<\/div>\n\t\t\t\t<\/div>\n\t\t\t\t<div class=\"elementor-element elementor-element-f314432 elementor-widget elementor-widget-pp-divider\" data-id=\"f314432\" data-element_type=\"widget\" data-e-type=\"widget\" data-widget_type=\"pp-divider.default\">\n\t\t\t\t<div class=\"elementor-widget-container\">\n\t\t\t\t\t\t\t<div class=\"pp-divider-wrap\">\n\t\t\t\t\t\t\t<div class=\"pp-divider pp-divider-horizontal horizontal\"><\/div>\n\t\t\t\t\t\t<\/div>    \n\t\t\t\t\t\t<\/div>\n\t\t\t\t<\/div>\n\t\t\t\t<div class=\"elementor-element elementor-element-a3b07cc elementor-widget elementor-widget-wd_text_block\" data-id=\"a3b07cc\" data-element_type=\"widget\" data-e-type=\"widget\" data-widget_type=\"wd_text_block.default\">\n\t\t\t\t<div class=\"elementor-widget-container\">\n\t\t\t\t\t\t\t<div class=\"wd-text-block reset-last-child text-left\">\n\t\t\t\n\t\t\t<h3><span style=\"color: #00c6b8;\">Desativar cookies<\/span><\/h3><p data-v-7d7d467a=\"\">Voc\u00ea pode impedir a configura\u00e7\u00e3o de cookies ajustando as configura\u00e7\u00f5es do seu navegador (consulte a Ajuda do seu navegador para saber como fazer isso). Esteja ciente de que desativar os cookies afetar\u00e1 a funcionalidade deste e de muitos outros sites que voc\u00ea visita. Desativar os cookies geralmente tamb\u00e9m resulta na desativa\u00e7\u00e3o de certas funcionalidades e recursos deste site. Portanto, recomenda-se que voc\u00ea n\u00e3o desative os cookies.   <\/p>\n\t\t\t\t\t<\/div>\n\t\t\t\t\t\t<\/div>\n\t\t\t\t<\/div>\n\t\t\t\t<div class=\"elementor-element elementor-element-b7df72b elementor-widget elementor-widget-pp-divider\" data-id=\"b7df72b\" data-element_type=\"widget\" data-e-type=\"widget\" data-widget_type=\"pp-divider.default\">\n\t\t\t\t<div class=\"elementor-widget-container\">\n\t\t\t\t\t\t\t<div class=\"pp-divider-wrap\">\n\t\t\t\t\t\t\t<div class=\"pp-divider pp-divider-horizontal horizontal\"><\/div>\n\t\t\t\t\t\t<\/div>    \n\t\t\t\t\t\t<\/div>\n\t\t\t\t<\/div>\n\t\t\t\t<div class=\"elementor-element elementor-element-79ef30a elementor-widget elementor-widget-wd_text_block\" data-id=\"79ef30a\" data-element_type=\"widget\" data-e-type=\"widget\" data-widget_type=\"wd_text_block.default\">\n\t\t\t\t<div class=\"elementor-widget-container\">\n\t\t\t\t\t\t\t<div class=\"wd-text-block reset-last-child text-left\">\n\t\t\t\n\t\t\t<h3><span style=\"color: #00c6b8;\">Os Cookies que Definimos<\/span><\/h3><ul><li><span class=\"listhead\">Cookies relacionados \u00e0 conta:<\/span> Se voc\u00ea criar uma conta conosco, usaremos cookies para gerenciar o processo de inscri\u00e7\u00e3o e a administra\u00e7\u00e3o geral. Esses cookies geralmente s\u00e3o exclu\u00eddos quando voc\u00ea sai da sua conta, por\u00e9m, em alguns casos, podem permanecer para lembrar suas prefer\u00eancias do site mesmo ap\u00f3s o logout. <\/li><li><span class=\"listhead\">Login related cookies<\/span><br>We use cookies when you are logged in so that we can remember this fact. This prevents you from having to log in every single time you visit a new page. These cookies are typically removed or cleared when you log out to ensure that you can only access restricted features and areas when logged in.  <\/li><li><span class=\"listhead\">Cookies relacionados a newsletters por e-mail<\/span><br>Este site oferece servi\u00e7os de assinatura de newsletter ou e-mail e cookies podem ser usados \u200b\u200bpara lembrar se voc\u00ea j\u00e1 est\u00e1 cadastrado e se deve exibir certas notifica\u00e7\u00f5es que podem ser v\u00e1lidas apenas para usu\u00e1rios inscritos\/n\u00e3o inscritos.<\/li><li><span class=\"listhead\">Cookies relacionados a pesquisas<\/span><br>De tempos em tempos, oferecemos pesquisas e question\u00e1rios aos usu\u00e1rios para fornecer informa\u00e7\u00f5es interessantes e ferramentas \u00fateis, ou para entender melhor nossa base de usu\u00e1rios. Essas pesquisas podem usar cookies para lembrar quem j\u00e1 participou de uma pesquisa ou para fornecer resultados precisos depois que voc\u00ea mudar de p\u00e1gina. <\/li><li><span class=\"listhead\">Cookies relacionados a formul\u00e1rios<\/span><br>Ao enviar dados por meio de um formul\u00e1rio, como os encontrados em p\u00e1ginas de contato ou formul\u00e1rios de coment\u00e1rios, cookies podem ser definidos para lembrar seus dados de usu\u00e1rio para correspond\u00eancias futuras.<\/li><li><span class=\"listhead\">Cookies de prefer\u00eancias do site<\/span><br>Para lhe proporcionar uma \u00f3tima experi\u00eancia neste site, oferecemos a funcionalidade de definir suas prefer\u00eancias de uso. Para lembrar suas prefer\u00eancias, precisamos usar cookies para que essas informa\u00e7\u00f5es possam ser acessadas sempre que voc\u00ea interagir com uma p\u00e1gina afetada por suas prefer\u00eancias. <\/li><\/ul>\n\t\t\t\t\t<\/div>\n\t\t\t\t\t\t<\/div>\n\t\t\t\t<\/div>\n\t\t\t\t<div class=\"elementor-element elementor-element-0829680 elementor-widget elementor-widget-pp-divider\" data-id=\"0829680\" data-element_type=\"widget\" data-e-type=\"widget\" data-widget_type=\"pp-divider.default\">\n\t\t\t\t<div class=\"elementor-widget-container\">\n\t\t\t\t\t\t\t<div class=\"pp-divider-wrap\">\n\t\t\t\t\t\t\t<div class=\"pp-divider pp-divider-horizontal horizontal\"><\/div>\n\t\t\t\t\t\t<\/div>    \n\t\t\t\t\t\t<\/div>\n\t\t\t\t<\/div>\n\t\t\t\t<div class=\"elementor-element elementor-element-52b0c75 elementor-widget elementor-widget-wd_text_block\" data-id=\"52b0c75\" data-element_type=\"widget\" data-e-type=\"widget\" data-widget_type=\"wd_text_block.default\">\n\t\t\t\t<div class=\"elementor-widget-container\">\n\t\t\t\t\t\t\t<div class=\"wd-text-block reset-last-child text-left\">\n\t\t\t\n\t\t\t<h3><span style=\"color: #00c6b8;\">Cookies de terceiros<\/span><\/h3><p>Em alguns casos especiais, tamb\u00e9m utilizamos cookies fornecidos por terceiros confi\u00e1veis. A se\u00e7\u00e3o a seguir detalha quais cookies de terceiros voc\u00ea poder\u00e1 encontrar neste site. <\/p><ul class=\"list2\"><li>Este site utiliza o Google Analytics, uma das solu\u00e7\u00f5es de an\u00e1lise mais populares e confi\u00e1veis \u200b\u200bda internet, para nos ajudar a entender como voc\u00ea utiliza o site e como podemos melhorar sua experi\u00eancia. Esses cookies podem rastrear informa\u00e7\u00f5es como o tempo que voc\u00ea passa no site e as p\u00e1ginas que voc\u00ea visita, para que possamos continuar produzindo conte\u00fado interessante. Para mais informa\u00e7\u00f5es sobre os cookies do Google Analytics, consulte a p\u00e1gina oficial do Google Analytics.  <\/li><li>De tempos em tempos, testamos novos recursos e fazemos pequenas altera\u00e7\u00f5es na forma como o site \u00e9 apresentado. Enquanto ainda estivermos testando novos recursos, esses cookies podem ser usados \u200b\u200bpara garantir que voc\u00ea tenha uma experi\u00eancia consistente no site, ao mesmo tempo que nos ajudam a entender quais otimiza\u00e7\u00f5es nossos usu\u00e1rios mais apreciam. <\/li><li>Tamb\u00e9m utilizamos bot\u00f5es e\/ou plugins de redes sociais neste site que permitem que voc\u00ea se conecte com sua rede social de diversas maneiras. Para que funcionem, as seguintes redes sociais, incluindo Facebook, YouTube, LinkedIn, X, etc., instalar\u00e3o cookies por meio do nosso site, que poder\u00e3o ser usados \u200b\u200bpara aprimorar seu perfil no site delas ou contribuir para os dados que elas armazenam para diversos fins, conforme descrito em suas respectivas pol\u00edticas de privacidade. <\/li><\/ul>\n\t\t\t\t\t<\/div>\n\t\t\t\t\t\t<\/div>\n\t\t\t\t<\/div>\n\t\t\t\t<div class=\"elementor-element elementor-element-ef08d5c elementor-widget elementor-widget-pp-divider\" data-id=\"ef08d5c\" data-element_type=\"widget\" data-e-type=\"widget\" data-widget_type=\"pp-divider.default\">\n\t\t\t\t<div class=\"elementor-widget-container\">\n\t\t\t\t\t\t\t<div class=\"pp-divider-wrap\">\n\t\t\t\t\t\t\t<div class=\"pp-divider pp-divider-horizontal horizontal\"><\/div>\n\t\t\t\t\t\t<\/div>    \n\t\t\t\t\t\t<\/div>\n\t\t\t\t<\/div>\n\t\t\t\t<div class=\"elementor-element elementor-element-94fe338 elementor-widget elementor-widget-wd_text_block\" data-id=\"94fe338\" data-element_type=\"widget\" data-e-type=\"widget\" data-widget_type=\"wd_text_block.default\">\n\t\t\t\t<div class=\"elementor-widget-container\">\n\t\t\t\t\t\t\t<div class=\"wd-text-block reset-last-child text-left\">\n\t\t\t\n\t\t\t<h3><span style=\"color: #00c6b8;\">Cookies de terceiros<\/span><\/h3><p>Esperamos que isso tenha esclarecido suas d\u00favidas e, como mencionado anteriormente, se houver algo sobre o qual voc\u00ea n\u00e3o tenha certeza se precisa ou n\u00e3o, geralmente \u00e9 mais seguro deixar os cookies ativados, caso interajam com algum dos recursos que voc\u00ea usa em nosso site.<\/p><p>No entanto, se ainda precisar de mais informa\u00e7\u00f5es, entre em contato conosco por um de nossos canais preferenciais:<\/p><ul><li>Email: <a href=\"mailto:service@wosente-tech.com\">service@wosente-tech.com<\/a><\/li><\/ul>\n\t\t\t\t\t<\/div>\n\t\t\t\t\t\t<\/div>\n\t\t\t\t<\/div>\n\t\t\t\t<\/div>\n\t\t\t\t\t<\/div>\n\t\t\t\t<\/div>\n\t\t\t\t<\/div>\n\t\t","protected":false},"excerpt":{"rendered":"<p>Biscoito Esta es la Pol\u00edtica de Cookies de Wosente Tech, accesible desde https:\/\/shop.wosente-tech.com\/ O que s\u00e3o cookies? Como \u00e9 pr\u00e1tica<\/p>\n","protected":false},"author":1,"featured_media":0,"parent":0,"menu_order":0,"comment_status":"closed","ping_status":"closed","template":"","meta":{"footnotes":""},"class_list":["post-32543","page","type-page","status-publish","hentry"],"_links":{"self":[{"href":"https:\/\/shop.wosente-tech.com\/pt-pt\/wp-json\/wp\/v2\/pages\/32543","targetHints":{"allow":["GET"]}}],"collection":[{"href":"https:\/\/shop.wosente-tech.com\/pt-pt\/wp-json\/wp\/v2\/pages"}],"about":[{"href":"https:\/\/shop.wosente-tech.com\/pt-pt\/wp-json\/wp\/v2\/types\/page"}],"author":[{"embeddable":true,"href":"https:\/\/shop.wosente-tech.com\/pt-pt\/wp-json\/wp\/v2\/users\/1"}],"replies":[{"embeddable":true,"href":"https:\/\/shop.wosente-tech.com\/pt-pt\/wp-json\/wp\/v2\/comments?post=32543"}],"version-history":[{"count":0,"href":"https:\/\/shop.wosente-tech.com\/pt-pt\/wp-json\/wp\/v2\/pages\/32543\/revisions"}],"wp:attachment":[{"href":"https:\/\/shop.wosente-tech.com\/pt-pt\/wp-json\/wp\/v2\/media?parent=32543"}],"curies":[{"name":"wp","href":"https:\/\/api.w.org\/{rel}","templated":true}]}}