{"id":32539,"date":"2025-05-08T14:08:35","date_gmt":"2025-05-08T06:08:35","guid":{"rendered":"https:\/\/shop.wosente-tech.com\/termos-de-uso\/"},"modified":"2025-11-16T08:13:24","modified_gmt":"2025-11-16T00:13:24","slug":"termos-de-uso","status":"publish","type":"page","link":"https:\/\/shop.wosente-tech.com\/pt-pt\/termos-de-uso\/","title":{"rendered":"Termos de Uso"},"content":{"rendered":"\t\t<div data-elementor-type=\"wp-page\" data-elementor-id=\"32539\" class=\"elementor elementor-32539 elementor-28515\" data-elementor-post-type=\"page\">\n\t\t\t\t<div class=\"wd-negative-gap elementor-element elementor-element-7c7c544 e-flex e-con-boxed e-con e-parent\" data-id=\"7c7c544\" data-element_type=\"container\" data-e-type=\"container\">\n\t\t\t\t\t<div class=\"e-con-inner\">\n\t\t<div class=\"elementor-element elementor-element-97d6084 e-con-full e-flex e-con e-child\" data-id=\"97d6084\" data-element_type=\"container\" data-e-type=\"container\">\n\t\t\t\t<div class=\"elementor-element elementor-element-98d830b wd-width-100 elementor-widget elementor-widget-wd_title\" data-id=\"98d830b\" data-element_type=\"widget\" data-e-type=\"widget\" data-widget_type=\"wd_title.default\">\n\t\t\t\t<div class=\"elementor-widget-container\">\n\t\t\t\t\t\t\t<div class=\"title-wrapper wd-set-mb reset-last-child wd-title-color-primary wd-title-style-default wd-title-size-large text-left\">\n\n\t\t\t\n\t\t\t<div class=\"liner-continer\">\n\t\t\t\t<h4 class=\"woodmart-title-container title wd-fontsize-xxl\">Termos de Uso<\/h4> \n\t\t\t\t\t\t\t<\/div>\n\n\t\t\t\t\t<\/div>\n\t\t\t\t\t\t<\/div>\n\t\t\t\t<\/div>\n\t\t\t\t<div class=\"elementor-element elementor-element-66e47ad elementor-widget elementor-widget-wd_text_block\" data-id=\"66e47ad\" data-element_type=\"widget\" data-e-type=\"widget\" data-widget_type=\"wd_text_block.default\">\n\t\t\t\t<div class=\"elementor-widget-container\">\n\t\t\t\t\t\t\t<div class=\"wd-text-block reset-last-child text-left\">\n\t\t\t\n\t\t\t<p id=\"company\" class=\"c5 pad-ub20 border-b-e4\" data-v-7d7d467a=\"\">Bem-vindo \u00e0 <a href=\"https:\/\/shop.wosente-tech.com\/pt-pt\/\"><span class=\"c60 bold text-decoration\" data-v-7d7d467a=\"\">loja.wosente-tech.com<\/span><\/a>! Estes Termos de Utiliza\u00e7\u00e3o descrevem os termos e condi\u00e7\u00f5es aplic\u00e1veis ao teu acesso e utiliza\u00e7\u00e3o do website em <a href=\"https:\/\/shop.wosente-tech.com\/pt-pt\/\">shop.wosente-tech.com<\/a> Ao utilizares este website, aceitas estes Termos de Utiliza\u00e7\u00e3o na \u00edntegra. Se n\u00e3o concordares com estes Termos de Utiliza\u00e7\u00e3o ou com qualquer parte destes Termos de Utiliza\u00e7\u00e3o, n\u00e3o deves utilizar este website. <\/p>\n\t\t\t\t\t<\/div>\n\t\t\t\t\t\t<\/div>\n\t\t\t\t<\/div>\n\t\t\t\t<div class=\"elementor-element elementor-element-b0080de elementor-widget elementor-widget-wd_text_block\" data-id=\"b0080de\" data-element_type=\"widget\" data-e-type=\"widget\" data-widget_type=\"wd_text_block.default\">\n\t\t\t\t<div class=\"elementor-widget-container\">\n\t\t\t\t\t\t\t<div class=\"wd-text-block reset-last-child text-left\">\n\t\t\t\n\t\t\t<h3><span style=\"color: #00c6b8;\">ACEITA\u00c7\u00c3O E APLICA\u00c7\u00d5ES DA AP\u00d3LICE<\/span><\/h3><p data-v-7d7d467a=\"\">Este site utiliza cookies. Ao utilizar este site e concordar com estes Termos de Uso, voc\u00ea consente com o uso de cookies pela <a href=\"https:\/\/shop.wosente-tech.com\/pt-pt\/\">shop.wosente-tech.com<\/a> de acordo com os termos da Pol\u00edtica de Privacidade da <a href=\"https:\/\/shop.wosente-tech.com\/pt-pt\/\">shop.wosente-tech.com.<\/a> <\/p><p class=\"margin-t20\" data-v-7d7d467a=\"\">Voc\u00ea reconhece e concorda que a <a href=\"https:\/\/shop.wosente-tech.com\/pt-pt\/\">shop.wosente-tech.com<\/a> pode alterar quaisquer Termos a qualquer momento, publicando os Termos alterados e reformulados relevantes no Site. Ao continuar a usar os Servi\u00e7os ou o Site, voc\u00ea concorda que os Termos alterados ser\u00e3o aplic\u00e1veis \u200b\u200ba voc\u00ea. <\/p><p class=\"margin-t20\" data-v-7d7d467a=\"\">Os presentes Termos n\u00e3o poder\u00e3o ser modificados, exceto por escrito, por um funcion\u00e1rio autorizado da <a href=\"https:\/\/shop.wosente-tech.com\/pt-pt\/\">shop.wosente-tech.com.<\/a><\/p>\n\t\t\t\t\t<\/div>\n\t\t\t\t\t\t<\/div>\n\t\t\t\t<\/div>\n\t\t\t\t<div class=\"elementor-element elementor-element-81c0bbb elementor-widget elementor-widget-pp-divider\" data-id=\"81c0bbb\" data-element_type=\"widget\" data-e-type=\"widget\" data-widget_type=\"pp-divider.default\">\n\t\t\t\t<div class=\"elementor-widget-container\">\n\t\t\t\t\t\t\t<div class=\"pp-divider-wrap\">\n\t\t\t\t\t\t\t<div class=\"pp-divider pp-divider-horizontal horizontal\"><\/div>\n\t\t\t\t\t\t<\/div>    \n\t\t\t\t\t\t<\/div>\n\t\t\t\t<\/div>\n\t\t\t\t<div class=\"elementor-element elementor-element-b6a8452 elementor-widget elementor-widget-wd_text_block\" data-id=\"b6a8452\" data-element_type=\"widget\" data-e-type=\"widget\" data-widget_type=\"wd_text_block.default\">\n\t\t\t\t<div class=\"elementor-widget-container\">\n\t\t\t\t\t\t\t<div class=\"wd-text-block reset-last-child text-left\">\n\t\t\t\n\t\t\t<h3><span style=\"color: #00c6b8;\">POL\u00cdTICA PADR\u00c3O<\/span><\/h3><p data-v-7d7d467a=\"\">A <a href=\"https:\/\/shop.wosente-tech.com\/pt-pt\/\">shop.wosente-tech.com<\/a> reserva-se o direito de cancelar contas de clientes a qualquer momento, com ou sem aviso pr\u00e9vio. O fornecimento de informa\u00e7\u00f5es de conta falsas ou inv\u00e1lidas pode resultar no encerramento da sua conta. <\/p><p data-v-7d7d467a=\"\">Voc\u00ea concorda em usar o Site ou os Servi\u00e7os exclusivamente para seus pr\u00f3prios fins privados e internos. Voc\u00ea concorda que <\/p><p data-v-7d7d467a=\"\">(a) Voc\u00ea n\u00e3o poder\u00e1 copiar, reproduzir, baixar, republicar, vender, distribuir ou revender quaisquer servi\u00e7os ou quaisquer informa\u00e7\u00f5es, textos, imagens, gr\u00e1ficos, videoclipes, sons, diret\u00f3rios, arquivos, bancos de dados ou listas, etc., dispon\u00edveis no ou atrav\u00e9s do site <a href=\"https:\/\/shop.wosente-tech.com\/pt-pt\/\">shop.wosente-tech.com<\/a>.<\/p><p data-v-7d7d467a=\"\">(b) Voc\u00ea n\u00e3o poder\u00e1 copiar, reproduzir, baixar, compilar ou usar de qualquer outra forma o Conte\u00fado do Site para fins de operar um neg\u00f3cio que concorra com <a href=\"https:\/\/shop.wosente-tech.com\/pt-pt\/\">shop.wosente-tech.com<\/a>, ou explorar comercialmente o Conte\u00fado do Site de qualquer outra forma. \u00c9 proibida a recupera\u00e7\u00e3o sistem\u00e1tica do Conte\u00fado do Site para criar ou compilar, direta ou indiretamente, uma cole\u00e7\u00e3o, compila\u00e7\u00e3o, banco de dados ou diret\u00f3rio (seja por meio de rob\u00f4s, spiders, dispositivos autom\u00e1ticos ou processos manuais) sem a permiss\u00e3o por escrito de <a href=\"https:\/\/shop.wosente-tech.com\/pt-pt\/\">shop.wosente-tech.com<\/a>. \u00c9 proibido o uso de qualquer conte\u00fado ou material do Site para qualquer finalidade n\u00e3o expressamente permitida nos Termos.  <\/p><p class=\"margin-t20\" data-v-7d7d467a=\"\">Voc\u00ea deve ler a Pol\u00edtica de Privacidade da <a href=\"https:\/\/shop.wosente-tech.com\/pt-pt\/\">shop.wosente-tech.com<\/a>, que rege a prote\u00e7\u00e3o e o uso das informa\u00e7\u00f5es pessoais dos Usu\u00e1rios que est\u00e3o em posse da <a href=\"https:\/\/shop.wosente-tech.com\/pt-pt\/\">shop.wosente-tech.com<\/a> e de nossas afiliadas. Ao aceitar os termos da Pol\u00edtica de Privacidade, voc\u00ea concorda com o uso de suas informa\u00e7\u00f5es pessoais de acordo com a mesma. <\/p><p class=\"margin-t20\" data-v-7d7d467a=\"\">De acordo com as normas alfandeg\u00e1rias, os clientes devem fornecer dados v\u00e1lidos e precisos. Todos os nomes do destinat\u00e1rio, endere\u00e7os e nomes dos pagadores devem ser v\u00e1lidos. Em alguns pa\u00edses, o destinat\u00e1rio pode ter que apresentar seu documento de identidade ou passaporte para liberar a encomenda ou para fins de verifica\u00e7\u00e3o de pagamento. Os clientes s\u00e3o os \u00fanicos respons\u00e1veis \u200b\u200bpela exatid\u00e3o dos dados que fornecem \u00e0 <g id=\"gid_0\">shop.wosente-tech.com<\/g>. Caso alguma informa\u00e7\u00e3o esteja incorreta e impe\u00e7a o envio, a entrega ou o desembara\u00e7o aduaneiro, a Wosente n\u00e3o se responsabilizar\u00e1 e n\u00e3o oferecer\u00e1 qualquer compensa\u00e7\u00e3o nesses casos.    <\/p><p data-v-7d7d467a=\"\">Ap\u00f3s o cadastro inicial, os clientes s\u00e3o adicionados \u00e0 nossa lista de e-mails com ofertas especiais, cupons e promo\u00e7\u00f5es. Isso permite que nossos clientes aproveitem descontos exclusivos. Todos os clientes podem optar por cancelar a assinatura de nossos e-mails de marketing a qualquer momento, clicando no link no rodap\u00e9 do e-mail.  <\/p>\n\t\t\t\t\t<\/div>\n\t\t\t\t\t\t<\/div>\n\t\t\t\t<\/div>\n\t\t\t\t<div class=\"elementor-element elementor-element-2c57ff6 elementor-widget elementor-widget-pp-divider\" data-id=\"2c57ff6\" data-element_type=\"widget\" data-e-type=\"widget\" data-widget_type=\"pp-divider.default\">\n\t\t\t\t<div class=\"elementor-widget-container\">\n\t\t\t\t\t\t\t<div class=\"pp-divider-wrap\">\n\t\t\t\t\t\t\t<div class=\"pp-divider pp-divider-horizontal horizontal\"><\/div>\n\t\t\t\t\t\t<\/div>    \n\t\t\t\t\t\t<\/div>\n\t\t\t\t<\/div>\n\t\t\t\t<div class=\"elementor-element elementor-element-a3b07cc elementor-widget elementor-widget-wd_text_block\" data-id=\"a3b07cc\" data-element_type=\"widget\" data-e-type=\"widget\" data-widget_type=\"wd_text_block.default\">\n\t\t\t\t<div class=\"elementor-widget-container\">\n\t\t\t\t\t\t\t<div class=\"wd-text-block reset-last-child text-left\">\n\t\t\t\n\t\t\t<h3><span style=\"color: #00c6b8;\">PEDIDOS<\/span><\/h3><p data-v-7d7d467a=\"\">Embora sejam feitos todos os esfor\u00e7os para garantir a precis\u00e3o das descri\u00e7\u00f5es, especifica\u00e7\u00f5es e pre\u00e7os dos produtos, podem ocorrer erros. Caso isso aconte\u00e7a, a loja <a href=\"https:\/\/shop.wosente-tech.com\/pt-pt\/\">shop.wosente-tech.com<\/a> n\u00e3o poder\u00e1 aceitar seu pedido. Em caso de erro, voc\u00ea ser\u00e1 contatado com uma explica\u00e7\u00e3o completa e uma oferta corrigida. As informa\u00e7\u00f5es exibidas s\u00e3o consideradas um convite e n\u00e3o uma oferta de venda confirmada. O contrato \u00e9 confirmado mediante o fornecimento dos produtos.    <\/p><p class=\"margin-t20\" data-v-7d7d467a=\"\">Devido \u00e0 popularidade e\/ou restri\u00e7\u00f5es de fornecimento de alguns de nossos produtos, a <a href=\"https:\/\/shop.wosente-tech.com\/pt-pt\/\">shop.wosente-tech.com<\/a> poder\u00e1 limitar a quantidade de produtos dispon\u00edveis para compra. A <a href=\"https:\/\/shop.wosente-tech.com\/pt-pt\/\">shop.wosente-tech.com<\/a> reserva-se o direito de alterar as quantidades dispon\u00edveis para compra a qualquer momento, mesmo ap\u00f3s a realiza\u00e7\u00e3o do pedido.<\/p><p class=\"margin-t20\" data-v-7d7d467a=\"\">Ambas as partes concordam que, ap\u00f3s o envio do pedido, o transporte \u00e9 de responsabilidade exclusiva da transportadora terceirizada. Durante essa etapa, a propriedade total do(s) produto(s) pertence ao comprador; toda a responsabilidade e os riscos associados ao transporte ser\u00e3o de responsabilidade do comprador. <\/p>\n\t\t\t\t\t<\/div>\n\t\t\t\t\t\t<\/div>\n\t\t\t\t<\/div>\n\t\t\t\t<div class=\"elementor-element elementor-element-6690cef elementor-widget elementor-widget-pp-divider\" data-id=\"6690cef\" data-element_type=\"widget\" data-e-type=\"widget\" data-widget_type=\"pp-divider.default\">\n\t\t\t\t<div class=\"elementor-widget-container\">\n\t\t\t\t\t\t\t<div class=\"pp-divider-wrap\">\n\t\t\t\t\t\t\t<div class=\"pp-divider pp-divider-horizontal horizontal\"><\/div>\n\t\t\t\t\t\t<\/div>    \n\t\t\t\t\t\t<\/div>\n\t\t\t\t<\/div>\n\t\t\t\t<div class=\"elementor-element elementor-element-79ef30a elementor-widget elementor-widget-wd_text_block\" data-id=\"79ef30a\" data-element_type=\"widget\" data-e-type=\"widget\" data-widget_type=\"wd_text_block.default\">\n\t\t\t\t<div class=\"elementor-widget-container\">\n\t\t\t\t\t\t\t<div class=\"wd-text-block reset-last-child text-left\">\n\t\t\t\n\t\t\t<h3><span style=\"color: #00c6b8;\">CANCELAMENTOS DE PEDIDOS<\/span><\/h3>\n<p>Os clientes podem cancelar o pedido a qualquer momento antes do envio; para isso, entre em contato com nossa Central de Atendimento. No entanto, ap\u00f3s o envio, o pedido n\u00e3o poder\u00e1 ser cancelado, alterado ou reembolsado. A partir do recebimento do pacote, nossa Pol\u00edtica de Garantia e Devolu\u00e7\u00f5es entra em vigor.  <\/p>\n\n\t\t\t\t\t<\/div>\n\t\t\t\t\t\t<\/div>\n\t\t\t\t<\/div>\n\t\t\t\t<div class=\"elementor-element elementor-element-107cc15 elementor-widget elementor-widget-pp-divider\" data-id=\"107cc15\" data-element_type=\"widget\" data-e-type=\"widget\" data-widget_type=\"pp-divider.default\">\n\t\t\t\t<div class=\"elementor-widget-container\">\n\t\t\t\t\t\t\t<div class=\"pp-divider-wrap\">\n\t\t\t\t\t\t\t<div class=\"pp-divider pp-divider-horizontal horizontal\"><\/div>\n\t\t\t\t\t\t<\/div>    \n\t\t\t\t\t\t<\/div>\n\t\t\t\t<\/div>\n\t\t\t\t<div class=\"elementor-element elementor-element-52b0c75 elementor-widget elementor-widget-wd_text_block\" data-id=\"52b0c75\" data-element_type=\"widget\" data-e-type=\"widget\" data-widget_type=\"wd_text_block.default\">\n\t\t\t\t<div class=\"elementor-widget-container\">\n\t\t\t\t\t\t\t<div class=\"wd-text-block reset-last-child text-left\">\n\t\t\t\n\t\t\t<h3><span style=\"color: #00c6b8;\">DESCRI\u00c7\u00d5ES DOS PRODUTOS<\/span><\/h3><p data-v-7d7d467a=\"\">Embora nos esforcemos ao m\u00e1ximo para sermos precisos, n\u00e3o garantimos que as descri\u00e7\u00f5es dos produtos ou outros conte\u00fados sejam exatos, completos, confi\u00e1veis \u200b\u200bou isentos de erros. Ocasionalmente, pode haver informa\u00e7\u00f5es em <a href=\"https:\/\/shop.wosente-tech.com\/pt-pt\/\">shop.wosente-tech.com<\/a> que contenham erros tipogr\u00e1ficos, imprecis\u00f5es ou omiss\u00f5es relacionadas a descri\u00e7\u00f5es de produtos, pre\u00e7os e disponibilidade. <\/p><p class=\"margin-t20\" data-v-7d7d467a=\"\">Reservamo-nos o direito de corrigir quaisquer erros, imprecis\u00f5es ou omiss\u00f5es e de alterar ou atualizar informa\u00e7\u00f5es a qualquer momento, sem aviso pr\u00e9vio. Se uma especifica\u00e7\u00e3o importante do produto for alterada ap\u00f3s a realiza\u00e7\u00e3o do pedido ou dentro de sete dias ap\u00f3s a entrega, voc\u00ea poder\u00e1 cancelar e devolver o pedido para obter um reembolso integral. <\/p>\n\t\t\t\t\t<\/div>\n\t\t\t\t\t\t<\/div>\n\t\t\t\t<\/div>\n\t\t\t\t<div class=\"elementor-element elementor-element-e9180e7 elementor-widget elementor-widget-pp-divider\" data-id=\"e9180e7\" data-element_type=\"widget\" data-e-type=\"widget\" data-widget_type=\"pp-divider.default\">\n\t\t\t\t<div class=\"elementor-widget-container\">\n\t\t\t\t\t\t\t<div class=\"pp-divider-wrap\">\n\t\t\t\t\t\t\t<div class=\"pp-divider pp-divider-horizontal horizontal\"><\/div>\n\t\t\t\t\t\t<\/div>    \n\t\t\t\t\t\t<\/div>\n\t\t\t\t<\/div>\n\t\t\t\t<div class=\"elementor-element elementor-element-94fe338 elementor-widget elementor-widget-wd_text_block\" data-id=\"94fe338\" data-element_type=\"widget\" data-e-type=\"widget\" data-widget_type=\"wd_text_block.default\">\n\t\t\t\t<div class=\"elementor-widget-container\">\n\t\t\t\t\t\t\t<div class=\"wd-text-block reset-last-child text-left\">\n\t\t\t\n\t\t\t<h3><span style=\"color: #00c6b8;\">PRE\u00c7O<\/span><\/h3><p>Os pre\u00e7os e a disponibilidade dos itens est\u00e3o sujeitos a altera\u00e7\u00f5es sem aviso pr\u00e9vio. Os pre\u00e7os n\u00e3o incluem IVA, impostos de importa\u00e7\u00e3o e taxas alfandeg\u00e1rias, caso sua encomenda seja inspecionada e considerada tribut\u00e1vel pela alf\u00e2ndega local. O pagamento desses impostos \u00e9 de responsabilidade do comprador.  <\/p>\n\t\t\t\t\t<\/div>\n\t\t\t\t\t\t<\/div>\n\t\t\t\t<\/div>\n\t\t\t\t<div class=\"elementor-element elementor-element-d885919 elementor-widget elementor-widget-pp-divider\" data-id=\"d885919\" data-element_type=\"widget\" data-e-type=\"widget\" data-widget_type=\"pp-divider.default\">\n\t\t\t\t<div class=\"elementor-widget-container\">\n\t\t\t\t\t\t\t<div class=\"pp-divider-wrap\">\n\t\t\t\t\t\t\t<div class=\"pp-divider pp-divider-horizontal horizontal\"><\/div>\n\t\t\t\t\t\t<\/div>    \n\t\t\t\t\t\t<\/div>\n\t\t\t\t<\/div>\n\t\t\t\t<div class=\"elementor-element elementor-element-236cf35 elementor-widget elementor-widget-wd_text_block\" data-id=\"236cf35\" data-element_type=\"widget\" data-e-type=\"widget\" data-widget_type=\"wd_text_block.default\">\n\t\t\t\t<div class=\"elementor-widget-container\">\n\t\t\t\t\t\t\t<div class=\"wd-text-block reset-last-child text-left\">\n\t\t\t\n\t\t\t<h3><span style=\"color: #00c6b8;\">PAGAMENTO<\/span><\/h3><p>O Cliente concorda em efetuar o pagamento devido pelos produtos recebidos do Fornecedor, de acordo com a fatura e antecipadamente ao per\u00edodo durante o qual tais produtos s\u00e3o fornecidos ou durante o qual os termos de cr\u00e9dito estipulam. O recebimento de quaisquer produtos ou mercadorias do Fornecedor constitui a aceita\u00e7\u00e3o da fatura, e o Cliente fica vinculado e concorda integralmente com os termos da fatura. <\/p>\n\t\t\t\t\t<\/div>\n\t\t\t\t\t\t<\/div>\n\t\t\t\t<\/div>\n\t\t\t\t<div class=\"elementor-element elementor-element-132d65e elementor-widget elementor-widget-pp-divider\" data-id=\"132d65e\" data-element_type=\"widget\" data-e-type=\"widget\" data-widget_type=\"pp-divider.default\">\n\t\t\t\t<div class=\"elementor-widget-container\">\n\t\t\t\t\t\t\t<div class=\"pp-divider-wrap\">\n\t\t\t\t\t\t\t<div class=\"pp-divider pp-divider-horizontal horizontal\"><\/div>\n\t\t\t\t\t\t<\/div>    \n\t\t\t\t\t\t<\/div>\n\t\t\t\t<\/div>\n\t\t\t\t<div class=\"elementor-element elementor-element-c5d1a2f elementor-widget elementor-widget-wd_text_block\" data-id=\"c5d1a2f\" data-element_type=\"widget\" data-e-type=\"widget\" data-widget_type=\"wd_text_block.default\">\n\t\t\t\t<div class=\"elementor-widget-container\">\n\t\t\t\t\t\t\t<div class=\"wd-text-block reset-last-child text-left\">\n\t\t\t\n\t\t\t<h3><span style=\"color: #00c6b8;\">FOR\u00c7A MAIOR<\/span><\/h3><p>Em nenhuma circunst\u00e2ncia a <a href=\"https:\/\/shop.wosente-tech.com\/pt-pt\/\">shop.wosente-tech.com<\/a> ser\u00e1 responsabilizada por qualquer atraso, falha ou interrup\u00e7\u00e3o do conte\u00fado ou dos servi\u00e7os prestados atrav\u00e9s do Site, resultante direta ou indiretamente de eventos da natureza, for\u00e7as ou causas fora do nosso controle razo\u00e1vel, incluindo, sem limita\u00e7\u00e3o, falhas na Internet, falhas em computadores, telecomunica\u00e7\u00f5es ou quaisquer outros equipamentos, falhas no fornecimento de energia el\u00e9trica, greves, disputas trabalhistas, tumultos, insurrei\u00e7\u00f5es, dist\u00farbios civis, escassez de m\u00e3o de obra ou materiais, inc\u00eandios, inunda\u00e7\u00f5es, tempestades, explos\u00f5es, casos fortuitos, guerra, a\u00e7\u00f5es governamentais, ordens de tribunais ou cortes nacionais ou estrangeiras ou inadimpl\u00eancia de terceiros.<\/p>\n\t\t\t\t\t<\/div>\n\t\t\t\t\t\t<\/div>\n\t\t\t\t<\/div>\n\t\t\t\t<div class=\"elementor-element elementor-element-942c441 elementor-widget elementor-widget-pp-divider\" data-id=\"942c441\" data-element_type=\"widget\" data-e-type=\"widget\" data-widget_type=\"pp-divider.default\">\n\t\t\t\t<div class=\"elementor-widget-container\">\n\t\t\t\t\t\t\t<div class=\"pp-divider-wrap\">\n\t\t\t\t\t\t\t<div class=\"pp-divider pp-divider-horizontal horizontal\"><\/div>\n\t\t\t\t\t\t<\/div>    \n\t\t\t\t\t\t<\/div>\n\t\t\t\t<\/div>\n\t\t\t\t<div class=\"elementor-element elementor-element-2f1bc81 elementor-widget elementor-widget-wd_text_block\" data-id=\"2f1bc81\" data-element_type=\"widget\" data-e-type=\"widget\" data-widget_type=\"wd_text_block.default\">\n\t\t\t\t<div class=\"elementor-widget-container\">\n\t\t\t\t\t\t\t<div class=\"wd-text-block reset-last-child text-left\">\n\t\t\t\n\t\t\t<h3><span style=\"color: #00c6b8;\">DIREITOS AUTORAIS E PATENTES<\/span><\/h3><p>Todo o conte\u00fado presente neste site, como textos, gr\u00e1ficos, logotipos, \u00edcones de bot\u00f5es, imagens e clipes de \u00e1udio, downloads digitais, compila\u00e7\u00f5es de dados e software, \u00e9 propriedade da <a href=\"https:\/\/shop.wosente-tech.com\/pt-pt\/\">shop.wosente-tech.com<\/a> ou de seus fornecedores de conte\u00fado e est\u00e1 protegido por leis internacionais de direitos autorais. O uso de qualquer marca registrada ou marca de servi\u00e7o da <a href=\"https:\/\/shop.wosente-tech.com\/pt-pt\/\">shop.wosente-tech.com<\/a> sem nossa expressa autoriza\u00e7\u00e3o por escrito \u00e9 estritamente proibido. <\/p>\n\t\t\t\t\t<\/div>\n\t\t\t\t\t\t<\/div>\n\t\t\t\t<\/div>\n\t\t\t\t<div class=\"elementor-element elementor-element-628da6c elementor-widget elementor-widget-pp-divider\" data-id=\"628da6c\" data-element_type=\"widget\" data-e-type=\"widget\" data-widget_type=\"pp-divider.default\">\n\t\t\t\t<div class=\"elementor-widget-container\">\n\t\t\t\t\t\t\t<div class=\"pp-divider-wrap\">\n\t\t\t\t\t\t\t<div class=\"pp-divider pp-divider-horizontal horizontal\"><\/div>\n\t\t\t\t\t\t<\/div>    \n\t\t\t\t\t\t<\/div>\n\t\t\t\t<\/div>\n\t\t\t\t<div class=\"elementor-element elementor-element-d329d4c elementor-widget elementor-widget-wd_text_block\" data-id=\"d329d4c\" data-element_type=\"widget\" data-e-type=\"widget\" data-widget_type=\"wd_text_block.default\">\n\t\t\t\t<div class=\"elementor-widget-container\">\n\t\t\t\t\t\t\t<div class=\"wd-text-block reset-last-child text-left\">\n\t\t\t\n\t\t\t<h3><span style=\"color: #00c6b8;\">REIVINDICA\u00c7\u00c3O DE DIREITOS DE PROPRIEDADE INTELECTUAL<\/span><\/h3><p>A <a href=\"https:\/\/shop.wosente-tech.com\/pt-pt\/\">shop.wosente-tech.com<\/a> n\u00e3o \u00e9 uma distribuidora autorizada de pe\u00e7as de reposi\u00e7\u00e3o, nem reivindicamos qualquer v\u00ednculo com os designers originais ou detentores dos direitos de propriedade intelectual dos eletr\u00f4nicos de consumo para os quais vendemos pe\u00e7as de reposi\u00e7\u00e3o. Utilizamos uma cadeia de suprimentos globalmente integrada que expande continuamente os contratos e ajusta os canais de fornecimento para alcan\u00e7ar a m\u00e1xima competitividade e efici\u00eancia no atendimento \u00e0 demanda dos clientes. <\/p>\n\t\t\t\t\t<\/div>\n\t\t\t\t\t\t<\/div>\n\t\t\t\t<\/div>\n\t\t\t\t<div class=\"elementor-element elementor-element-120c315 elementor-widget elementor-widget-pp-divider\" data-id=\"120c315\" data-element_type=\"widget\" data-e-type=\"widget\" data-widget_type=\"pp-divider.default\">\n\t\t\t\t<div class=\"elementor-widget-container\">\n\t\t\t\t\t\t\t<div class=\"pp-divider-wrap\">\n\t\t\t\t\t\t\t<div class=\"pp-divider pp-divider-horizontal horizontal\"><\/div>\n\t\t\t\t\t\t<\/div>    \n\t\t\t\t\t\t<\/div>\n\t\t\t\t<\/div>\n\t\t\t\t<div class=\"elementor-element elementor-element-ecd9d99 elementor-widget elementor-widget-wd_text_block\" data-id=\"ecd9d99\" data-element_type=\"widget\" data-e-type=\"widget\" data-widget_type=\"wd_text_block.default\">\n\t\t\t\t<div class=\"elementor-widget-container\">\n\t\t\t\t\t\t\t<div class=\"wd-text-block reset-last-child text-left\">\n\t\t\t\n\t\t\t<div id=\"disclaimers\" class=\"content-wrap line24 border-b-e4 pad-b30 c5\" data-v-7d7d467a=\"\"><h3><span style=\"color: #00c6b8;\">DISCLAIMERS<\/span><\/h3><p data-v-7d7d467a=\"\">O provedor n\u00e3o ser\u00e1 respons\u00e1vel por quaisquer danos que sua empresa possa sofrer. O provedor n\u00e3o oferece garantias de qualquer tipo, expressas ou impl\u00edcitas, para os servi\u00e7os prestados. O provedor se isenta de qualquer garantia de comercializa\u00e7\u00e3o ou adequa\u00e7\u00e3o a uma finalidade espec\u00edfica. Isso inclui perda de dados resultante de atrasos, n\u00e3o entrega, entrega incorreta e quaisquer interrup\u00e7\u00f5es de servi\u00e7o causadas pelo provedor e seus funcion\u00e1rios.   <\/p><\/div>\n\t\t\t\t\t<\/div>\n\t\t\t\t\t\t<\/div>\n\t\t\t\t<\/div>\n\t\t\t\t<div class=\"elementor-element elementor-element-21cac55 elementor-widget elementor-widget-pp-divider\" data-id=\"21cac55\" data-element_type=\"widget\" data-e-type=\"widget\" data-widget_type=\"pp-divider.default\">\n\t\t\t\t<div class=\"elementor-widget-container\">\n\t\t\t\t\t\t\t<div class=\"pp-divider-wrap\">\n\t\t\t\t\t\t\t<div class=\"pp-divider pp-divider-horizontal horizontal\"><\/div>\n\t\t\t\t\t\t<\/div>    \n\t\t\t\t\t\t<\/div>\n\t\t\t\t<\/div>\n\t\t\t\t<div class=\"elementor-element elementor-element-fe94455 elementor-widget elementor-widget-wd_text_block\" data-id=\"fe94455\" data-element_type=\"widget\" data-e-type=\"widget\" data-widget_type=\"wd_text_block.default\">\n\t\t\t\t<div class=\"elementor-widget-container\">\n\t\t\t\t\t\t\t<div class=\"wd-text-block reset-last-child text-left\">\n\t\t\t\n\t\t\t<h3><span style=\"color: #00c6b8;\">LEI APLIC\u00c1VEL<\/span><\/h3><p data-v-7d7d467a=\"\">Quando conclu\u00edres a tua compra, ser-te-\u00e1 enviado um extrato de fatura\u00e7\u00e3o que inclui <a href=\"https:\/\/shop.wosente-tech.com\/pt-pt\/\"><span class=\"c60 bold text-decoration\" data-v-7d7d467a=\"\">https:\/\/shop.wosente-tech.com<\/span><\/a> e o c\u00f3digo do pa\u00eds, como \"HK\", \"UK\", etc., ser\u00e1 apresentado na p\u00e1gina de pagamento e\/ou no extrato do teu cart\u00e3o. Todas as compras ser\u00e3o processadas pela nossa entidade respectiva no pa\u00eds correspondente, conforme indicado pelo c\u00f3digo do pa\u00eds no extrato de fatura\u00e7\u00e3o, e s\u00e3o regidas pela legisla\u00e7\u00e3o local. <\/p><p class=\"c9\" data-v-7d7d467a=\"\">APARTAMENTO\/QUARTO J 11\/F WINNER FACTORY BUILDING 55 HUNT TO ROAD KWUN TONG HONG KONG<\/p>\n\t\t\t\t\t<\/div>\n\t\t\t\t\t\t<\/div>\n\t\t\t\t<\/div>\n\t\t\t\t<\/div>\n\t\t\t\t\t<\/div>\n\t\t\t\t<\/div>\n\t\t\t\t<\/div>\n\t\t","protected":false},"excerpt":{"rendered":"<p>Termos de Uso Bem-vindo \u00e0 loja.wosente-tech.com! Estes Termos de Utiliza\u00e7\u00e3o descrevem os termos e condi\u00e7\u00f5es aplic\u00e1veis ao teu acesso e<\/p>\n","protected":false},"author":1,"featured_media":0,"parent":0,"menu_order":0,"comment_status":"closed","ping_status":"closed","template":"","meta":{"footnotes":""},"class_list":["post-32539","page","type-page","status-publish","hentry"],"_links":{"self":[{"href":"https:\/\/shop.wosente-tech.com\/pt-pt\/wp-json\/wp\/v2\/pages\/32539","targetHints":{"allow":["GET"]}}],"collection":[{"href":"https:\/\/shop.wosente-tech.com\/pt-pt\/wp-json\/wp\/v2\/pages"}],"about":[{"href":"https:\/\/shop.wosente-tech.com\/pt-pt\/wp-json\/wp\/v2\/types\/page"}],"author":[{"embeddable":true,"href":"https:\/\/shop.wosente-tech.com\/pt-pt\/wp-json\/wp\/v2\/users\/1"}],"replies":[{"embeddable":true,"href":"https:\/\/shop.wosente-tech.com\/pt-pt\/wp-json\/wp\/v2\/comments?post=32539"}],"version-history":[{"count":0,"href":"https:\/\/shop.wosente-tech.com\/pt-pt\/wp-json\/wp\/v2\/pages\/32539\/revisions"}],"wp:attachment":[{"href":"https:\/\/shop.wosente-tech.com\/pt-pt\/wp-json\/wp\/v2\/media?parent=32539"}],"curies":[{"name":"wp","href":"https:\/\/api.w.org\/{rel}","templated":true}]}}