{"id":33731,"date":"2021-08-27T20:19:36","date_gmt":"2021-08-27T12:19:36","guid":{"rendered":"https:\/\/shop.wosente-tech.com\/shop\/samsung-sm-a16-4gon-wf\/"},"modified":"2025-11-20T22:24:17","modified_gmt":"2025-11-20T14:24:17","slug":"samsung-sm-a16-4gon-wf","status":"publish","type":"product","link":"https:\/\/shop.wosente-tech.com\/es\/producto\/samsung-sm-a16-4gon-wf\/","title":{"rendered":"Samsung SM A16 4G(ON WF)"},"content":{"rendered":"\t\t<div data-elementor-type=\"wp-post\" data-elementor-id=\"33731\" class=\"elementor elementor-33731 elementor-411\" data-elementor-post-type=\"product\">\n\t\t\t\t<div class=\"elementor-element elementor-element-997cfae e-flex e-con-boxed e-con e-parent\" data-id=\"997cfae\" data-element_type=\"container\" data-e-type=\"container\">\n\t\t\t\t\t<div class=\"e-con-inner\">\n\t\t<div class=\"elementor-element elementor-element-3fed916 e-con-full e-flex e-con e-child\" data-id=\"3fed916\" data-element_type=\"container\" data-e-type=\"container\">\n\t\t\t\t<div class=\"elementor-element elementor-element-d6c6ca0 color-scheme-inherit text-left elementor-widget elementor-widget-text-editor\" data-id=\"d6c6ca0\" data-element_type=\"widget\" data-e-type=\"widget\" data-widget_type=\"text-editor.default\">\n\t\t\t\t<div class=\"elementor-widget-container\">\n\t\t\t\t\t\t\t\t\t<h3><strong>Caracter\u00edsticas<\/strong><\/h3><ul><li>100% probado por un equipo de control de calidad profesional antes del env\u00edo.<\/li><li>Este art\u00edculo incluye una pantalla t\u00e1ctil capacitiva Super AMOLED, pantalla t\u00e1ctil y LCD flexible.<\/li><li>Si su pantalla se raya, se agrieta o se da\u00f1a y no funciona, necesitar\u00e1 este art\u00edculo para repararla.<\/li><\/ul>\t\t\t\t\t\t\t\t<\/div>\n\t\t\t\t<\/div>\n\t\t\t\t<\/div>\n\t\t\t\t\t<\/div>\n\t\t\t\t<\/div>\n\t\t\t\t<\/div>\n\t\t","protected":false},"excerpt":{"rendered":"<ul>\n<li>Tipo de pantalla: Pantalla plana de pantalla completa [con orificio central]<\/li>\n<li>Calidad: ORIGINAL NUEVO CON MARCO<\/li>\n<li>Color: Negro<\/li>\n<li>Tecnolog\u00eda: AMOLED<\/li>\n<li>Tama\u00f1o de pantalla: 6,7 pulgadas<\/li>\n<li>Resoluci\u00f3n: 1080*2340 FHD+<\/li>\n<li>Refresh rate\uff1a90Hz<\/li>\n<\/ul>\n","protected":false},"featured_media":33734,"comment_status":"open","ping_status":"closed","template":"","meta":[],"product_brand":[107,106,164,162,161,158,159,105,163,160,109],"product_cat":[220],"product_tag":[234,231,236],"class_list":{"0":"post-33731","1":"product","2":"type-product","3":"status-publish","4":"has-post-thumbnail","6":"product_brand-apple","7":"product_brand-huawei","8":"product_brand-infinix","9":"product_brand-lg","10":"product_brand-motorola","11":"product_brand-oppo","12":"product_brand-realme","13":"product_brand-samsung","14":"product_brand-tcl","15":"product_brand-vivo","16":"product_brand-xiaomi","17":"product_cat-paquete-de-servicio-lcd","18":"product_tag-envio-gratis","19":"product_tag-los-mas-vendidos","20":"product_tag-nuevos-llegados","22":"first","23":"instock","24":"shipping-taxable","25":"purchasable","26":"product-type-simple"},"_links":{"self":[{"href":"https:\/\/shop.wosente-tech.com\/es\/wp-json\/wp\/v2\/product\/33731","targetHints":{"allow":["GET"]}}],"collection":[{"href":"https:\/\/shop.wosente-tech.com\/es\/wp-json\/wp\/v2\/product"}],"about":[{"href":"https:\/\/shop.wosente-tech.com\/es\/wp-json\/wp\/v2\/types\/product"}],"replies":[{"embeddable":true,"href":"https:\/\/shop.wosente-tech.com\/es\/wp-json\/wp\/v2\/comments?post=33731"}],"version-history":[{"count":0,"href":"https:\/\/shop.wosente-tech.com\/es\/wp-json\/wp\/v2\/product\/33731\/revisions"}],"wp:featuredmedia":[{"embeddable":true,"href":"https:\/\/shop.wosente-tech.com\/es\/wp-json\/wp\/v2\/media\/33734"}],"wp:attachment":[{"href":"https:\/\/shop.wosente-tech.com\/es\/wp-json\/wp\/v2\/media?parent=33731"}],"wp:term":[{"taxonomy":"product_brand","embeddable":true,"href":"https:\/\/shop.wosente-tech.com\/es\/wp-json\/wp\/v2\/product_brand?post=33731"},{"taxonomy":"product_cat","embeddable":true,"href":"https:\/\/shop.wosente-tech.com\/es\/wp-json\/wp\/v2\/product_cat?post=33731"},{"taxonomy":"product_tag","embeddable":true,"href":"https:\/\/shop.wosente-tech.com\/es\/wp-json\/wp\/v2\/product_tag?post=33731"}],"curies":[{"name":"wp","href":"https:\/\/api.w.org\/{rel}","templated":true}]}}