{"id":33565,"date":"2025-05-14T13:37:49","date_gmt":"2025-05-14T05:37:49","guid":{"rendered":"https:\/\/shop.wosente-tech.com\/shop\/samsung-sm-a22on-wf\/"},"modified":"2025-11-20T22:21:33","modified_gmt":"2025-11-20T14:21:33","slug":"samsung-sm-a22on-wf","status":"publish","type":"product","link":"https:\/\/shop.wosente-tech.com\/es\/producto\/samsung-sm-a22on-wf\/","title":{"rendered":"Samsung SM A22(ON WF)"},"content":{"rendered":"\t\t<div data-elementor-type=\"wp-post\" data-elementor-id=\"33565\" class=\"elementor elementor-33565 elementor-29916\" data-elementor-post-type=\"product\">\n\t\t\t\t<div class=\"elementor-element elementor-element-997cfae e-flex e-con-boxed e-con e-parent\" data-id=\"997cfae\" data-element_type=\"container\">\n\t\t\t\t\t<div class=\"e-con-inner\">\n\t\t<div class=\"elementor-element elementor-element-3fed916 e-con-full e-flex e-con e-child\" data-id=\"3fed916\" data-element_type=\"container\">\n\t\t\t\t<div class=\"elementor-element elementor-element-d6c6ca0 color-scheme-inherit text-left elementor-widget elementor-widget-text-editor\" data-id=\"d6c6ca0\" data-element_type=\"widget\" data-widget_type=\"text-editor.default\">\n\t\t\t\t<div class=\"elementor-widget-container\">\n\t\t\t\t\t\t\t\t\t<h3><strong>Caracter\u00edsticas<\/strong><\/h3><ul><li>100% probado por un equipo de control de calidad profesional antes del env\u00edo.<\/li><li>Este art\u00edculo incluye una pantalla t\u00e1ctil capacitiva Super AMOLED, pantalla t\u00e1ctil y LCD flexible.<\/li><li>Si su pantalla se raya, se agrieta o se da\u00f1a y no funciona, necesitar\u00e1 este art\u00edculo para repararla.<\/li><\/ul>\t\t\t\t\t\t\t\t<\/div>\n\t\t\t\t<\/div>\n\t\t\t\t<\/div>\n\t\t\t\t\t<\/div>\n\t\t\t\t<\/div>\n\t\t\t\t<\/div>\n\t\t","protected":false},"excerpt":{"rendered":"<ul>\n<li>Tipo de pantalla: Pantalla plana de pantalla completa con orificio central<\/li>\n<li>Calidad: ORIGINAL NUEVO CON MARCO<\/li>\n<li>Color: Negro<\/li>\n<li>Tecnolog\u00eda: AMOLED<\/li>\n<li>Tama\u00f1o de pantalla: 6,4 pulgadas<\/li>\n<li>Resoluci\u00f3n: 720 x 1600 HD+ \u25cf Frecuencia de actualizaci\u00f3n: 90 Hz<\/li>\n<\/ul>\n<p>&nbsp;<\/p>\n","protected":false},"featured_media":33566,"comment_status":"open","ping_status":"closed","template":"","meta":[],"product_brand":[106,158,159,105,109],"product_cat":[220],"product_tag":[234,236],"class_list":{"0":"post-33565","1":"product","2":"type-product","3":"status-publish","4":"has-post-thumbnail","6":"product_brand-huawei","7":"product_brand-oppo","8":"product_brand-realme","9":"product_brand-samsung","10":"product_brand-xiaomi","11":"product_cat-paquete-de-servicio-lcd","12":"product_tag-envio-gratis","13":"product_tag-nuevos-llegados","15":"first","16":"instock","17":"shipping-taxable","18":"purchasable","19":"product-type-simple"},"_links":{"self":[{"href":"https:\/\/shop.wosente-tech.com\/es\/wp-json\/wp\/v2\/product\/33565","targetHints":{"allow":["GET"]}}],"collection":[{"href":"https:\/\/shop.wosente-tech.com\/es\/wp-json\/wp\/v2\/product"}],"about":[{"href":"https:\/\/shop.wosente-tech.com\/es\/wp-json\/wp\/v2\/types\/product"}],"replies":[{"embeddable":true,"href":"https:\/\/shop.wosente-tech.com\/es\/wp-json\/wp\/v2\/comments?post=33565"}],"version-history":[{"count":0,"href":"https:\/\/shop.wosente-tech.com\/es\/wp-json\/wp\/v2\/product\/33565\/revisions"}],"wp:featuredmedia":[{"embeddable":true,"href":"https:\/\/shop.wosente-tech.com\/es\/wp-json\/wp\/v2\/media\/33566"}],"wp:attachment":[{"href":"https:\/\/shop.wosente-tech.com\/es\/wp-json\/wp\/v2\/media?parent=33565"}],"wp:term":[{"taxonomy":"product_brand","embeddable":true,"href":"https:\/\/shop.wosente-tech.com\/es\/wp-json\/wp\/v2\/product_brand?post=33565"},{"taxonomy":"product_cat","embeddable":true,"href":"https:\/\/shop.wosente-tech.com\/es\/wp-json\/wp\/v2\/product_cat?post=33565"},{"taxonomy":"product_tag","embeddable":true,"href":"https:\/\/shop.wosente-tech.com\/es\/wp-json\/wp\/v2\/product_tag?post=33565"}],"curies":[{"name":"wp","href":"https:\/\/api.w.org\/{rel}","templated":true}]}}