{"id":33498,"date":"2025-05-14T16:31:56","date_gmt":"2025-05-14T08:31:56","guid":{"rendered":"https:\/\/shop.wosente-tech.com\/shop\/samsung-sm-s23on\/"},"modified":"2025-11-20T21:44:43","modified_gmt":"2025-11-20T13:44:43","slug":"samsung-sm-s23on","status":"publish","type":"product","link":"https:\/\/shop.wosente-tech.com\/es\/producto\/samsung-sm-s23on\/","title":{"rendered":"Samsung SM S23(ON)"},"content":{"rendered":"\t\t<div data-elementor-type=\"wp-post\" data-elementor-id=\"33498\" class=\"elementor elementor-33498 elementor-29961\" data-elementor-post-type=\"product\">\n\t\t\t\t<div class=\"elementor-element elementor-element-997cfae e-flex e-con-boxed e-con e-parent\" data-id=\"997cfae\" data-element_type=\"container\" data-e-type=\"container\">\n\t\t\t\t\t<div class=\"e-con-inner\">\n\t\t<div class=\"elementor-element elementor-element-3fed916 e-con-full e-flex e-con e-child\" data-id=\"3fed916\" data-element_type=\"container\" data-e-type=\"container\">\n\t\t\t\t<div class=\"elementor-element elementor-element-d6c6ca0 color-scheme-inherit text-left elementor-widget elementor-widget-text-editor\" data-id=\"d6c6ca0\" data-element_type=\"widget\" data-e-type=\"widget\" data-widget_type=\"text-editor.default\">\n\t\t\t\t<div class=\"elementor-widget-container\">\n\t\t\t\t\t\t\t\t\t<h3><strong>Caracter\u00edsticas<\/strong><\/h3><ul><li>100% probado por un equipo de control de calidad profesional antes del env\u00edo.<\/li><li>Este art\u00edculo incluye una pantalla t\u00e1ctil capacitiva Super AMOLED, pantalla t\u00e1ctil y LCD flexible.<\/li><li>Si su pantalla se raya, se agrieta o se da\u00f1a y no funciona, necesitar\u00e1 este art\u00edculo para repararla.<\/li><\/ul>\t\t\t\t\t\t\t\t<\/div>\n\t\t\t\t<\/div>\n\t\t\t\t<\/div>\n\t\t\t\t\t<\/div>\n\t\t\t\t<\/div>\n\t\t\t\t<\/div>\n\t\t","protected":false},"excerpt":{"rendered":"<ul>\n<li>Tipo de ecr\u00e3: Ecr\u00e3 plano com furo centralizado (ecr\u00e3 completo)<\/li>\n<li>Calidad: ORIGINAL NUEVO<\/li>\n<li>Color: Negro<\/li>\n<li>Tecnolog\u00eda: AMOLED<\/li>\n<li>Tamanho do ecr\u00e3: 6,8 polegadas<\/li>\n<li>Resolu\u00e7\u00e3o: 1440*2088 FHD+<\/li>\n<li>Frecuencia de actualizaci\u00f3n: 120 Hz<\/li>\n<\/ul>\n","protected":false},"featured_media":33499,"comment_status":"open","ping_status":"closed","template":"","meta":[],"product_brand":[105],"product_cat":[220],"product_tag":[234,236],"class_list":{"0":"post-33498","1":"product","2":"type-product","3":"status-publish","4":"has-post-thumbnail","6":"product_brand-samsung","7":"product_cat-paquete-de-servicio-lcd","8":"product_tag-envio-gratis","9":"product_tag-nuevos-llegados","11":"first","12":"instock","13":"shipping-taxable","14":"purchasable","15":"product-type-simple"},"_links":{"self":[{"href":"https:\/\/shop.wosente-tech.com\/es\/wp-json\/wp\/v2\/product\/33498","targetHints":{"allow":["GET"]}}],"collection":[{"href":"https:\/\/shop.wosente-tech.com\/es\/wp-json\/wp\/v2\/product"}],"about":[{"href":"https:\/\/shop.wosente-tech.com\/es\/wp-json\/wp\/v2\/types\/product"}],"replies":[{"embeddable":true,"href":"https:\/\/shop.wosente-tech.com\/es\/wp-json\/wp\/v2\/comments?post=33498"}],"version-history":[{"count":0,"href":"https:\/\/shop.wosente-tech.com\/es\/wp-json\/wp\/v2\/product\/33498\/revisions"}],"wp:featuredmedia":[{"embeddable":true,"href":"https:\/\/shop.wosente-tech.com\/es\/wp-json\/wp\/v2\/media\/33499"}],"wp:attachment":[{"href":"https:\/\/shop.wosente-tech.com\/es\/wp-json\/wp\/v2\/media?parent=33498"}],"wp:term":[{"taxonomy":"product_brand","embeddable":true,"href":"https:\/\/shop.wosente-tech.com\/es\/wp-json\/wp\/v2\/product_brand?post=33498"},{"taxonomy":"product_cat","embeddable":true,"href":"https:\/\/shop.wosente-tech.com\/es\/wp-json\/wp\/v2\/product_cat?post=33498"},{"taxonomy":"product_tag","embeddable":true,"href":"https:\/\/shop.wosente-tech.com\/es\/wp-json\/wp\/v2\/product_tag?post=33498"}],"curies":[{"name":"wp","href":"https:\/\/api.w.org\/{rel}","templated":true}]}}