{"id":32858,"date":"2025-05-15T17:05:45","date_gmt":"2025-05-15T09:05:45","guid":{"rendered":"https:\/\/shop.wosente-tech.com\/shop\/conjunto-de-pantalla-original-wosente-para-motorola-e13\/"},"modified":"2025-11-14T11:28:24","modified_gmt":"2025-11-14T03:28:24","slug":"conjunto-de-pantalla-original-wosente-para-motorola-e13","status":"publish","type":"product","link":"https:\/\/shop.wosente-tech.com\/es\/producto\/conjunto-de-pantalla-original-wosente-para-motorola-e13\/","title":{"rendered":"Conjunto de pantalla ORIGINAL WOSENTE para MOTOROLA E13"},"content":{"rendered":"\t\t<div data-elementor-type=\"wp-post\" data-elementor-id=\"32858\" class=\"elementor elementor-32858 elementor-30526\" data-elementor-post-type=\"product\">\n\t\t\t\t\t\t<section class=\"wd-negative-gap elementor-section elementor-top-section elementor-element elementor-element-20a63ed8 elementor-section-content-middle elementor-section-boxed elementor-section-height-default elementor-section-height-default\" data-id=\"20a63ed8\" data-element_type=\"section\" data-e-type=\"section\">\n\t\t\t\t\t\t<div class=\"elementor-container elementor-column-gap-default\">\n\t\t\t\t\t<div class=\"elementor-column elementor-col-50 elementor-top-column elementor-element elementor-element-41b3656e\" data-id=\"41b3656e\" data-element_type=\"column\" data-e-type=\"column\">\n\t\t\t<div class=\"elementor-widget-wrap elementor-element-populated\">\n\t\t\t\t\t\t<div class=\"elementor-element elementor-element-1c776e60 wd-width-100 elementor-widget elementor-widget-wd_title\" data-id=\"1c776e60\" data-element_type=\"widget\" data-e-type=\"widget\" data-widget_type=\"wd_title.default\">\n\t\t\t\t<div class=\"elementor-widget-container\">\n\t\t\t\t\t\t\t<div class=\"title-wrapper wd-set-mb reset-last-child wd-title-color-default wd-title-style-default wd-title-size-default text-left\">\n\n\t\t\t\t\t\t\t\t\t\t\t<div class=\"title-subtitle subtitle-color-default subtitle-style-default wd-fontsize-xs\">\n\t\t\t\t\tWOSENTE ORIGINAL\t\t\t\t<\/div>\n\t\t\t\n\t\t\t<div class=\"liner-continer\">\n\t\t\t\t<h4 class=\"woodmart-title-container title wd-fontsize-l\">Conjunto de pantalla para MOTOROLA E13<\/h4> \n\t\t\t\t\t\t\t<\/div>\n\n\t\t\t\t\t\t\t<div class=\"title-after_title reset-last-child wd-fontsize-xs\">\n\t\t\t\t\t<p>Componente E13, tipo de pantalla: pantalla LCD tipo gota de agua, equipada con tecnolog\u00eda Incell, tama\u00f1o de 6,5 pulgadas, con resoluci\u00f3n HD de 720 x 1600, frecuencia de actualizaci\u00f3n de hasta 60 Hz, pantalla HD, t\u00e1ctil.<\/p>\t\t\t\t<\/div>\n\t\t\t\t\t<\/div>\n\t\t\t\t\t\t<\/div>\n\t\t\t\t<\/div>\n\t\t\t\t\t<\/div>\n\t\t<\/div>\n\t\t\t\t<div class=\"elementor-column elementor-col-50 elementor-top-column elementor-element elementor-element-572eaba7\" data-id=\"572eaba7\" data-element_type=\"column\" data-e-type=\"column\">\n\t\t\t<div class=\"elementor-widget-wrap elementor-element-populated\">\n\t\t\t\t\t\t<section class=\"wd-negative-gap elementor-section elementor-inner-section elementor-element elementor-element-5918cd53 elementor-section-boxed elementor-section-height-default elementor-section-height-default\" data-id=\"5918cd53\" data-element_type=\"section\" data-e-type=\"section\">\n\t\t\t\t\t\t<div class=\"elementor-container elementor-column-gap-default\">\n\t\t\t\t\t<div class=\"elementor-column elementor-col-50 elementor-inner-column elementor-element elementor-element-5d041cf6\" data-id=\"5d041cf6\" data-element_type=\"column\" data-e-type=\"column\">\n\t\t\t<div class=\"elementor-widget-wrap elementor-element-populated\">\n\t\t\t\t\t\t<div class=\"elementor-element elementor-element-48e7825b elementor-widget elementor-widget-wd_infobox\" data-id=\"48e7825b\" data-element_type=\"widget\" data-e-type=\"widget\" data-widget_type=\"wd_infobox.default\">\n\t\t\t\t<div class=\"elementor-widget-container\">\n\t\t\t\t\t\t\t<div class=\"info-box-wrapper\">\n\t\t\t<div class=\"wd-info-box text-left box-icon-align-left box-style-base color-scheme- wd-items-top\">\n\t\t\t\t\t\t\t\t\t<div class=\"box-icon-wrapper  box-with-icon box-icon-with-bg\">\n\t\t\t\t\t\t<div class=\"info-box-icon\">\n\t\t\t\t\t\t\t\t\t\t\t\t\t\t\t<div class=\"info-svg-wrapper\" style=\"width:45px; height:45px;\"><img decoding=\"async\"  src=\"https:\/\/shop.wosente-tech.com\/wp-content\/uploads\/2025\/04\/icon-svg-glass.svg\" title=\"icon-svg-glass\" width=\"45\" height=\"45\"><\/div>\t\t\t\t\t\t\t\t\t\t\t\t\t<\/div>\n\t\t\t\t\t<\/div>\n\t\t\t\t\n\t\t\t\t<div class=\"info-box-content\">\n\t\t\t\t\t\n\t\t\t\t\t\t\t\t\t\t\t<h4\t\t\t\t\t\tclass=\"info-box-title title box-title-style-default wd-fontsize-s\" data-elementor-setting-key=\"title\">\n\t\t\t\t\t\t\t\tCalidad\t\t\t\t\t\t<\/h4>\n\t\t\t\t\t\n\t\t\t\t\t<div class=\"info-box-inner reset-last-child\"data-elementor-setting-key=\"content\"><p>ORIGINAL<\/p>\n<\/div>\n\n\t\t\t\t\t\t\t\t\t<\/div>\n\n\t\t\t\t\t\t\t<\/div>\n\t\t<\/div>\n\t\t\t\t\t\t<\/div>\n\t\t\t\t<\/div>\n\t\t\t\t\t<\/div>\n\t\t<\/div>\n\t\t\t\t<div class=\"elementor-column elementor-col-50 elementor-inner-column elementor-element elementor-element-26289e1b\" data-id=\"26289e1b\" data-element_type=\"column\" data-e-type=\"column\">\n\t\t\t<div class=\"elementor-widget-wrap elementor-element-populated\">\n\t\t\t\t\t\t<div class=\"elementor-element elementor-element-14e22887 elementor-widget elementor-widget-wd_infobox\" data-id=\"14e22887\" data-element_type=\"widget\" data-e-type=\"widget\" data-widget_type=\"wd_infobox.default\">\n\t\t\t\t<div class=\"elementor-widget-container\">\n\t\t\t\t\t\t\t<div class=\"info-box-wrapper\">\n\t\t\t<div class=\"wd-info-box text-left box-icon-align-left box-style-base color-scheme- wd-items-top\">\n\t\t\t\t\t\t\t\t\t<div class=\"box-icon-wrapper  box-with-icon box-icon-with-bg\">\n\t\t\t\t\t\t<div class=\"info-box-icon\">\n\t\t\t\t\t\t\t\t\t\t\t\t\t\t\t<div class=\"info-svg-wrapper\" style=\"width:45px; height:45px;\"><img decoding=\"async\"  src=\"https:\/\/shop.wosente-tech.com\/wp-content\/uploads\/2025\/04\/icon-svg-tools.svg\" title=\"icon-svg-tools\" width=\"45\" height=\"45\"><\/div>\t\t\t\t\t\t\t\t\t\t\t\t\t<\/div>\n\t\t\t\t\t<\/div>\n\t\t\t\t\n\t\t\t\t<div class=\"info-box-content\">\n\t\t\t\t\t\n\t\t\t\t\t\t\t\t\t\t\t<h4\t\t\t\t\t\tclass=\"info-box-title title box-title-style-default wd-fontsize-s\" data-elementor-setting-key=\"title\">\n\t\t\t\t\t\t\t\tGarant\u00eda\t\t\t\t\t\t<\/h4>\n\t\t\t\t\t\n\t\t\t\t\t<div class=\"info-box-inner reset-last-child\"data-elementor-setting-key=\"content\"><p>12 meses<\/p>\n<\/div>\n\n\t\t\t\t\t\t\t\t\t<\/div>\n\n\t\t\t\t\t\t\t<\/div>\n\t\t<\/div>\n\t\t\t\t\t\t<\/div>\n\t\t\t\t<\/div>\n\t\t\t\t\t<\/div>\n\t\t<\/div>\n\t\t\t\t\t<\/div>\n\t\t<\/section>\n\t\t\t\t\t<\/div>\n\t\t<\/div>\n\t\t\t\t\t<\/div>\n\t\t<\/section>\n\t\t\t\t<\/div>\n\t\t","protected":false},"excerpt":{"rendered":"<p>MOTOTALO MOTO E13<\/p>\n","protected":false},"featured_media":32859,"comment_status":"open","ping_status":"closed","template":"","meta":[],"product_brand":[161],"product_cat":[225],"product_tag":[],"class_list":{"0":"post-32858","1":"product","2":"type-product","3":"status-publish","4":"has-post-thumbnail","6":"product_brand-motorola","7":"product_cat-pantalla-lcd-wosente","9":"first","10":"instock","11":"shipping-taxable","12":"purchasable","13":"product-type-variable"},"_links":{"self":[{"href":"https:\/\/shop.wosente-tech.com\/es\/wp-json\/wp\/v2\/product\/32858","targetHints":{"allow":["GET"]}}],"collection":[{"href":"https:\/\/shop.wosente-tech.com\/es\/wp-json\/wp\/v2\/product"}],"about":[{"href":"https:\/\/shop.wosente-tech.com\/es\/wp-json\/wp\/v2\/types\/product"}],"replies":[{"embeddable":true,"href":"https:\/\/shop.wosente-tech.com\/es\/wp-json\/wp\/v2\/comments?post=32858"}],"version-history":[{"count":0,"href":"https:\/\/shop.wosente-tech.com\/es\/wp-json\/wp\/v2\/product\/32858\/revisions"}],"wp:featuredmedia":[{"embeddable":true,"href":"https:\/\/shop.wosente-tech.com\/es\/wp-json\/wp\/v2\/media\/32859"}],"wp:attachment":[{"href":"https:\/\/shop.wosente-tech.com\/es\/wp-json\/wp\/v2\/media?parent=32858"}],"wp:term":[{"taxonomy":"product_brand","embeddable":true,"href":"https:\/\/shop.wosente-tech.com\/es\/wp-json\/wp\/v2\/product_brand?post=32858"},{"taxonomy":"product_cat","embeddable":true,"href":"https:\/\/shop.wosente-tech.com\/es\/wp-json\/wp\/v2\/product_cat?post=32858"},{"taxonomy":"product_tag","embeddable":true,"href":"https:\/\/shop.wosente-tech.com\/es\/wp-json\/wp\/v2\/product_tag?post=32858"}],"curies":[{"name":"wp","href":"https:\/\/api.w.org\/{rel}","templated":true}]}}