{"id":32801,"date":"2025-05-16T13:32:01","date_gmt":"2025-05-16T05:32:01","guid":{"rendered":"https:\/\/shop.wosente-tech.com\/shop\/conjunto-de-pantalla-wosente-incell-para-iphone-12-admite-transferencia-de-circuitos-integrados\/"},"modified":"2025-11-14T07:48:42","modified_gmt":"2025-11-13T23:48:42","slug":"conjunto-de-pantalla-wosente-incell-para-iphone-12-admite-transferencia-de-circuitos-integrados","status":"publish","type":"product","link":"https:\/\/shop.wosente-tech.com\/es\/producto\/conjunto-de-pantalla-wosente-incell-para-iphone-12-admite-transferencia-de-circuitos-integrados\/","title":{"rendered":"Conjunto de pantalla WOSENTE INCELL para iPhone 12 (admite transferencia de circuitos integrados)"},"content":{"rendered":"\t\t<div data-elementor-type=\"wp-post\" data-elementor-id=\"32801\" class=\"elementor elementor-32801 elementor-30613\" data-elementor-post-type=\"product\">\n\t\t\t\t\t\t<section class=\"wd-negative-gap elementor-section elementor-top-section elementor-element elementor-element-2f920193 elementor-section-content-middle elementor-section-boxed elementor-section-height-default elementor-section-height-default\" data-id=\"2f920193\" data-element_type=\"section\" data-e-type=\"section\">\n\t\t\t\t\t\t<div class=\"elementor-container elementor-column-gap-default\">\n\t\t\t\t\t<div class=\"elementor-column elementor-col-50 elementor-top-column elementor-element elementor-element-5b57ea74\" data-id=\"5b57ea74\" data-element_type=\"column\" data-e-type=\"column\">\n\t\t\t<div class=\"elementor-widget-wrap elementor-element-populated\">\n\t\t\t\t\t\t<div class=\"elementor-element elementor-element-438fdb96 wd-width-100 elementor-widget elementor-widget-wd_title\" data-id=\"438fdb96\" data-element_type=\"widget\" data-e-type=\"widget\" data-widget_type=\"wd_title.default\">\n\t\t\t\t<div class=\"elementor-widget-container\">\n\t\t\t\t\t\t\t<div class=\"title-wrapper wd-set-mb reset-last-child wd-title-color-default wd-title-style-default wd-title-size-default text-left\">\n\n\t\t\t\t\t\t\t\t\t\t\t<div class=\"title-subtitle subtitle-color-default subtitle-style-default wd-fontsize-xs\">\n\t\t\t\t\tWOSENTE INCELL\t\t\t\t<\/div>\n\t\t\t\n\t\t\t<div class=\"liner-continer\">\n\t\t\t\t<h4 class=\"woodmart-title-container title wd-fontsize-l\">Conjunto de pantalla para iPhone 12 (admite transferencia de circuitos integrados)<\/h4> \n\t\t\t\t\t\t\t<\/div>\n\n\t\t\t\t\t\t\t<div class=\"title-after_title reset-last-child wd-fontsize-xs\">\n\t\t\t\t\t<p>Componentes del iPhone 12, tipo de pantalla: pantalla completa (con muesca), pantalla recta, equipada con tecnolog\u00eda Incell, con tecnolog\u00eda de circuito integrado port\u00e1til, tama\u00f1o de 6,1 pulgadas, con resoluci\u00f3n FHD de 1170 x 2532, frecuencia de actualizaci\u00f3n de hasta 60 Hz, pantalla de alta definici\u00f3n, sensibilidad t\u00e1ctil.<\/p>\t\t\t\t<\/div>\n\t\t\t\t\t<\/div>\n\t\t\t\t\t\t<\/div>\n\t\t\t\t<\/div>\n\t\t\t\t\t<\/div>\n\t\t<\/div>\n\t\t\t\t<div class=\"elementor-column elementor-col-50 elementor-top-column elementor-element elementor-element-2108cb77\" data-id=\"2108cb77\" data-element_type=\"column\" data-e-type=\"column\">\n\t\t\t<div class=\"elementor-widget-wrap elementor-element-populated\">\n\t\t\t\t\t\t<section class=\"wd-negative-gap elementor-section elementor-inner-section elementor-element elementor-element-4508f23c elementor-section-boxed elementor-section-height-default elementor-section-height-default\" data-id=\"4508f23c\" data-element_type=\"section\" data-e-type=\"section\">\n\t\t\t\t\t\t<div class=\"elementor-container elementor-column-gap-default\">\n\t\t\t\t\t<div class=\"elementor-column elementor-col-50 elementor-inner-column elementor-element elementor-element-5c8e69c9\" data-id=\"5c8e69c9\" data-element_type=\"column\" data-e-type=\"column\">\n\t\t\t<div class=\"elementor-widget-wrap elementor-element-populated\">\n\t\t\t\t\t\t<div class=\"elementor-element elementor-element-7f7e1121 elementor-widget elementor-widget-wd_infobox\" data-id=\"7f7e1121\" data-element_type=\"widget\" data-e-type=\"widget\" data-widget_type=\"wd_infobox.default\">\n\t\t\t\t<div class=\"elementor-widget-container\">\n\t\t\t\t\t\t\t<div class=\"info-box-wrapper\">\n\t\t\t<div class=\"wd-info-box text-left box-icon-align-left box-style-base color-scheme- wd-items-top\">\n\t\t\t\t\t\t\t\t\t<div class=\"box-icon-wrapper  box-with-icon box-icon-with-bg\">\n\t\t\t\t\t\t<div class=\"info-box-icon\">\n\t\t\t\t\t\t\t\t\t\t\t\t\t\t\t<div class=\"info-svg-wrapper\" style=\"width:45px; height:45px;\"><img decoding=\"async\"  src=\"https:\/\/shop.wosente-tech.com\/wp-content\/uploads\/2025\/04\/icon-svg-glass.svg\" title=\"icon-svg-glass\" width=\"45\" height=\"45\"><\/div>\t\t\t\t\t\t\t\t\t\t\t\t\t<\/div>\n\t\t\t\t\t<\/div>\n\t\t\t\t\n\t\t\t\t<div class=\"info-box-content\">\n\t\t\t\t\t\n\t\t\t\t\t\t\t\t\t\t\t<h4\t\t\t\t\t\tclass=\"info-box-title title box-title-style-default wd-fontsize-s\" data-elementor-setting-key=\"title\">\n\t\t\t\t\t\t\t\tQuality\t\t\t\t\t\t<\/h4>\n\t\t\t\t\t\n\t\t\t\t\t<div class=\"info-box-inner reset-last-child\"data-elementor-setting-key=\"content\"><p>INCELL<\/p>\n<\/div>\n\n\t\t\t\t\t\t\t\t\t<\/div>\n\n\t\t\t\t\t\t\t<\/div>\n\t\t<\/div>\n\t\t\t\t\t\t<\/div>\n\t\t\t\t<\/div>\n\t\t\t\t\t<\/div>\n\t\t<\/div>\n\t\t\t\t<div class=\"elementor-column elementor-col-50 elementor-inner-column elementor-element elementor-element-3becec89\" data-id=\"3becec89\" data-element_type=\"column\" data-e-type=\"column\">\n\t\t\t<div class=\"elementor-widget-wrap elementor-element-populated\">\n\t\t\t\t\t\t<div class=\"elementor-element elementor-element-65996dd5 elementor-widget elementor-widget-wd_infobox\" data-id=\"65996dd5\" data-element_type=\"widget\" data-e-type=\"widget\" data-widget_type=\"wd_infobox.default\">\n\t\t\t\t<div class=\"elementor-widget-container\">\n\t\t\t\t\t\t\t<div class=\"info-box-wrapper\">\n\t\t\t<div class=\"wd-info-box text-left box-icon-align-left box-style-base color-scheme- wd-items-top\">\n\t\t\t\t\t\t\t\t\t<div class=\"box-icon-wrapper  box-with-icon box-icon-with-bg\">\n\t\t\t\t\t\t<div class=\"info-box-icon\">\n\t\t\t\t\t\t\t\t\t\t\t\t\t\t\t<div class=\"info-svg-wrapper\" style=\"width:45px; height:45px;\"><img decoding=\"async\"  src=\"https:\/\/shop.wosente-tech.com\/wp-content\/uploads\/2025\/04\/icon-svg-tools.svg\" title=\"icon-svg-tools\" width=\"45\" height=\"45\"><\/div>\t\t\t\t\t\t\t\t\t\t\t\t\t<\/div>\n\t\t\t\t\t<\/div>\n\t\t\t\t\n\t\t\t\t<div class=\"info-box-content\">\n\t\t\t\t\t\n\t\t\t\t\t\t\t\t\t\t\t<h4\t\t\t\t\t\tclass=\"info-box-title title box-title-style-default wd-fontsize-s\" data-elementor-setting-key=\"title\">\n\t\t\t\t\t\t\t\tGarant\u00eda\t\t\t\t\t\t<\/h4>\n\t\t\t\t\t\n\t\t\t\t\t<div class=\"info-box-inner reset-last-child\"data-elementor-setting-key=\"content\"><p>12 meses<\/p>\n<\/div>\n\n\t\t\t\t\t\t\t\t\t<\/div>\n\n\t\t\t\t\t\t\t<\/div>\n\t\t<\/div>\n\t\t\t\t\t\t<\/div>\n\t\t\t\t<\/div>\n\t\t\t\t\t<\/div>\n\t\t<\/div>\n\t\t\t\t\t<\/div>\n\t\t<\/section>\n\t\t\t\t\t<\/div>\n\t\t<\/div>\n\t\t\t\t\t<\/div>\n\t\t<\/section>\n\t\t\t\t<\/div>\n\t\t","protected":false},"excerpt":{"rendered":"<p>iPhone 12 INCELL<\/p>\n","protected":false},"featured_media":32802,"comment_status":"open","ping_status":"closed","template":"","meta":[],"product_brand":[107],"product_cat":[225],"product_tag":[],"class_list":{"0":"post-32801","1":"product","2":"type-product","3":"status-publish","4":"has-post-thumbnail","6":"product_brand-apple","7":"product_cat-pantalla-lcd-wosente","9":"first","10":"instock","11":"shipping-taxable","12":"purchasable","13":"product-type-variable"},"_links":{"self":[{"href":"https:\/\/shop.wosente-tech.com\/es\/wp-json\/wp\/v2\/product\/32801","targetHints":{"allow":["GET"]}}],"collection":[{"href":"https:\/\/shop.wosente-tech.com\/es\/wp-json\/wp\/v2\/product"}],"about":[{"href":"https:\/\/shop.wosente-tech.com\/es\/wp-json\/wp\/v2\/types\/product"}],"replies":[{"embeddable":true,"href":"https:\/\/shop.wosente-tech.com\/es\/wp-json\/wp\/v2\/comments?post=32801"}],"version-history":[{"count":0,"href":"https:\/\/shop.wosente-tech.com\/es\/wp-json\/wp\/v2\/product\/32801\/revisions"}],"wp:featuredmedia":[{"embeddable":true,"href":"https:\/\/shop.wosente-tech.com\/es\/wp-json\/wp\/v2\/media\/32802"}],"wp:attachment":[{"href":"https:\/\/shop.wosente-tech.com\/es\/wp-json\/wp\/v2\/media?parent=32801"}],"wp:term":[{"taxonomy":"product_brand","embeddable":true,"href":"https:\/\/shop.wosente-tech.com\/es\/wp-json\/wp\/v2\/product_brand?post=32801"},{"taxonomy":"product_cat","embeddable":true,"href":"https:\/\/shop.wosente-tech.com\/es\/wp-json\/wp\/v2\/product_cat?post=32801"},{"taxonomy":"product_tag","embeddable":true,"href":"https:\/\/shop.wosente-tech.com\/es\/wp-json\/wp\/v2\/product_tag?post=32801"}],"curies":[{"name":"wp","href":"https:\/\/api.w.org\/{rel}","templated":true}]}}