{"id":32780,"date":"2025-05-16T19:56:40","date_gmt":"2025-05-16T11:56:40","guid":{"rendered":"https:\/\/shop.wosente-tech.com\/shop\/prueba-del-producto-wosente-batty\/"},"modified":"2025-11-14T07:44:06","modified_gmt":"2025-11-13T23:44:06","slug":"prueba-del-producto-wosente-batty","status":"publish","type":"product","link":"https:\/\/shop.wosente-tech.com\/es\/producto\/prueba-del-producto-wosente-batty\/","title":{"rendered":"Prueba del producto WOSENTE BATTY"},"content":{"rendered":"\t\t<div data-elementor-type=\"wp-post\" data-elementor-id=\"32780\" class=\"elementor elementor-32780 elementor-30662\" data-elementor-post-type=\"product\">\n\t\t\t\t<div class=\"elementor-element elementor-element-997cfae e-flex e-con-boxed e-con e-parent\" data-id=\"997cfae\" data-element_type=\"container\" data-e-type=\"container\">\n\t\t\t\t\t<div class=\"e-con-inner\">\n\t\t<div class=\"elementor-element elementor-element-3fed916 e-con-full e-flex e-con e-child\" data-id=\"3fed916\" data-element_type=\"container\" data-e-type=\"container\">\n\t\t\t\t<div class=\"elementor-element elementor-element-d6c6ca0 color-scheme-inherit text-left elementor-widget elementor-widget-text-editor\" data-id=\"d6c6ca0\" data-element_type=\"widget\" data-e-type=\"widget\" data-widget_type=\"text-editor.default\">\n\t\t\t\t<div class=\"elementor-widget-container\">\n\t\t\t\t\t\t\t\t\t<h3><strong>Caracter\u00edsticas<\/strong><\/h3><ul><li>100% probado por un equipo de control de calidad profesional antes del env\u00edo.<\/li><li>Este art\u00edculo incluye una pantalla t\u00e1ctil capacitiva Super AMOLED, pantalla t\u00e1ctil y LCD flexible.<\/li><li>Si su pantalla se raya, se agrieta o se da\u00f1a y no funciona, necesitar\u00e1 este art\u00edculo para repararla.<\/li><\/ul>\t\t\t\t\t\t\t\t<\/div>\n\t\t\t\t<\/div>\n\t\t\t\t<\/div>\n\t\t\t\t\t<\/div>\n\t\t\t\t<\/div>\n\t\t\t\t<\/div>\n\t\t","protected":false},"excerpt":{"rendered":"<ul>\n<li>Tipo de pantalla: Pantalla LCD PLS con notch de gota de agua, {dise\u00f1o de pantalla no completa}<\/li>\n<li>Calidad: ORIGINAL CON MARCO<\/li>\n<li>Color: Negro<\/li>\n<li>Artesan\u00eda: INCELL<\/li>\n<li>Tama\u00f1o de pantalla: 6,5 pulgadas<\/li>\n<li>Resoluci\u00f3n: 720*1600 HD+<\/li>\n<li>Frecuencia de actualizaci\u00f3n: 60 Hz<\/li>\n<\/ul>\n","protected":false},"featured_media":32781,"comment_status":"open","ping_status":"closed","template":"","meta":[],"product_brand":[106,164,162,161,158,159,105,163,160,109],"product_cat":[224],"product_tag":[],"class_list":{"0":"post-32780","1":"product","2":"type-product","3":"status-publish","4":"has-post-thumbnail","6":"product_brand-huawei","7":"product_brand-infinix","8":"product_brand-lg","9":"product_brand-motorola","10":"product_brand-oppo","11":"product_brand-realme","12":"product_brand-samsung","13":"product_brand-tcl","14":"product_brand-vivo","15":"product_brand-xiaomi","16":"product_cat-bateria-wosente-es","18":"first","19":"instock","20":"shipping-taxable","21":"purchasable","22":"product-type-simple"},"_links":{"self":[{"href":"https:\/\/shop.wosente-tech.com\/es\/wp-json\/wp\/v2\/product\/32780","targetHints":{"allow":["GET"]}}],"collection":[{"href":"https:\/\/shop.wosente-tech.com\/es\/wp-json\/wp\/v2\/product"}],"about":[{"href":"https:\/\/shop.wosente-tech.com\/es\/wp-json\/wp\/v2\/types\/product"}],"replies":[{"embeddable":true,"href":"https:\/\/shop.wosente-tech.com\/es\/wp-json\/wp\/v2\/comments?post=32780"}],"version-history":[{"count":0,"href":"https:\/\/shop.wosente-tech.com\/es\/wp-json\/wp\/v2\/product\/32780\/revisions"}],"wp:featuredmedia":[{"embeddable":true,"href":"https:\/\/shop.wosente-tech.com\/es\/wp-json\/wp\/v2\/media\/32781"}],"wp:attachment":[{"href":"https:\/\/shop.wosente-tech.com\/es\/wp-json\/wp\/v2\/media?parent=32780"}],"wp:term":[{"taxonomy":"product_brand","embeddable":true,"href":"https:\/\/shop.wosente-tech.com\/es\/wp-json\/wp\/v2\/product_brand?post=32780"},{"taxonomy":"product_cat","embeddable":true,"href":"https:\/\/shop.wosente-tech.com\/es\/wp-json\/wp\/v2\/product_cat?post=32780"},{"taxonomy":"product_tag","embeddable":true,"href":"https:\/\/shop.wosente-tech.com\/es\/wp-json\/wp\/v2\/product_tag?post=32780"}],"curies":[{"name":"wp","href":"https:\/\/api.w.org\/{rel}","templated":true}]}}