{"id":51574,"date":"2026-05-13T18:57:06","date_gmt":"2026-05-13T10:57:06","guid":{"rendered":"https:\/\/shop.wosente-tech.com\/?page_id=51574"},"modified":"2026-05-13T18:59:37","modified_gmt":"2026-05-13T10:59:37","slug":"sobre-nosotros-2","status":"publish","type":"page","link":"https:\/\/shop.wosente-tech.com\/es\/sobre-nosotros-2\/","title":{"rendered":"Sobre nosotros"},"content":{"rendered":"\t\t<div data-elementor-type=\"wp-page\" data-elementor-id=\"51574\" class=\"elementor elementor-51574 elementor-51573\" data-elementor-post-type=\"page\">\n\t\t\t\t<div class=\"wd-negative-gap elementor-element elementor-element-5e70e51 wd-section-stretch e-flex e-con-boxed e-con e-parent\" data-id=\"5e70e51\" data-element_type=\"container\" data-settings=\"{&quot;background_background&quot;:&quot;classic&quot;}\">\n\t\t\t\t\t<div class=\"e-con-inner\">\n\t\t<div class=\"elementor-element elementor-element-2e37eaa e-con-full e-flex e-con e-child\" data-id=\"2e37eaa\" data-element_type=\"container\">\n\t\t\t\t<div class=\"elementor-element elementor-element-0055b6e wd-width-100 elementor-widget elementor-widget-wd_title\" data-id=\"0055b6e\" data-element_type=\"widget\" data-widget_type=\"wd_title.default\">\n\t\t\t\t<div class=\"elementor-widget-container\">\n\t\t\t\t\t\t\t<div class=\"title-wrapper wd-set-mb reset-last-child wd-title-color-primary wd-title-style-default wd-title-size-large text-center\">\n\n\t\t\t\n\t\t\t<div class=\"liner-continer\">\n\t\t\t\t<h4 class=\"woodmart-title-container title wd-fontsize-xxl\"> SOBRE NOSOTROS <\/h4> \n\t\t\t\t\t\t\t<\/div>\n\n\t\t\t\t\t<\/div>\n\t\t\t\t\t\t<\/div>\n\t\t\t\t<\/div>\n\t\t\t\t<div class=\"elementor-element elementor-element-c63df70 elementor-widget elementor-widget-wd_text_block\" data-id=\"c63df70\" data-element_type=\"widget\" data-widget_type=\"wd_text_block.default\">\n\t\t\t\t<div class=\"elementor-widget-container\">\n\t\t\t\t\t\t\t<div class=\"wd-text-block reset-last-child text-left\">\n\t\t\t\n\t\t\t<p>Wosente Trade Hong Kong Co., Ltd. se estableci\u00f3 en 2014. En 2015, se dedic\u00f3 al negocio de accesorios electr\u00f3nicos 3C y al comercio de exportaci\u00f3n al exterior. La empresa est\u00e1 establecida en China desde hace m\u00e1s de diez a\u00f1os y ha establecido una sucursal en Hong Kong.<\/p><p>Despu\u00e9s de diez a\u00f1os de duro trabajo, se ha esforzado por desarrollar diversos negocios.<\/p><p>La empresa siempre insiste en servir a los clientes con productos de alta calidad, logrando la misi\u00f3n de los empleados a trav\u00e9s de plataformas innovadoras, con la ayuda de exposiciones internacionales de renombre mundial, plataformas de informaci\u00f3n de comercio por Internet nacionales y extranjeras a gran escala, desde una sola entidad mayorista y minorista hasta el comercio de exportaci\u00f3n internacional global, los productos se exportan a Europa, Am\u00e9rica del Norte, Brasil, Am\u00e9rica del Sur y otros pa\u00edses y regiones.<\/p><p>The company always believes that one effort will bring one harvest,with professional, focused and dedicated service concepts,creating independent innovation brands and a culture of win-win cooperation,never forgetting the original intention, and not afraid to move forward!<\/p>\n\t\t\t\t\t<\/div>\n\t\t\t\t\t\t<\/div>\n\t\t\t\t<\/div>\n\t\t\t\t<\/div>\n\t\t\t\t\t<\/div>\n\t\t\t\t<\/div>\n\t\t<div class=\"wd-negative-gap elementor-element elementor-element-e748170 wd-section-stretch e-flex e-con-boxed e-con e-parent\" data-id=\"e748170\" data-element_type=\"container\" data-settings=\"{&quot;background_background&quot;:&quot;classic&quot;}\">\n\t\t\t\t\t<div class=\"e-con-inner\">\n\t\t<div class=\"elementor-element elementor-element-8bcfb86 e-con-full e-flex e-con e-child\" data-id=\"8bcfb86\" data-element_type=\"container\">\n\t\t\t\t<div class=\"elementor-element elementor-element-289ae08 wd-width-100 elementor-widget elementor-widget-wd_title\" data-id=\"289ae08\" data-element_type=\"widget\" data-widget_type=\"wd_title.default\">\n\t\t\t\t<div class=\"elementor-widget-container\">\n\t\t\t\t\t\t\t<div class=\"title-wrapper wd-set-mb reset-last-child wd-title-color-primary wd-title-style-default wd-title-size-large text-center\">\n\n\t\t\t\n\t\t\t<div class=\"liner-continer\">\n\t\t\t\t<h4 class=\"woodmart-title-container title wd-fontsize-xxl\">Decenas de miles de t\u00e9cnicos en 70 pa\u00edses\/regiones eligen WOSENTE<\/h4> \n\t\t\t\t\t\t\t<\/div>\n\n\t\t\t\t\t<\/div>\n\t\t\t\t\t\t<\/div>\n\t\t\t\t<\/div>\n\t\t\t\t<div class=\"elementor-element elementor-element-d67836e elementor-widget elementor-widget-wd_image_or_svg\" data-id=\"d67836e\" data-element_type=\"widget\" data-widget_type=\"wd_image_or_svg.default\">\n\t\t\t\t<div class=\"elementor-widget-container\">\n\t\t\t\t\t\n\t\t<div class=\"wd-image text-center\">\n\t\t\t\t\t\t\t\t<img decoding=\"async\" width=\"1744\" height=\"199\" src=\"https:\/\/shop.wosente-tech.com\/wp-content\/uploads\/2025\/07\/Snipaste_2025-07-09_11-18-02.png\" class=\"attachment-full size-full\" alt=\"\" srcset=\"https:\/\/shop.wosente-tech.com\/wp-content\/uploads\/2025\/07\/Snipaste_2025-07-09_11-18-02.png 1744w, https:\/\/shop.wosente-tech.com\/wp-content\/uploads\/2025\/07\/Snipaste_2025-07-09_11-18-02-430x49.png 430w, https:\/\/shop.wosente-tech.com\/wp-content\/uploads\/2025\/07\/Snipaste_2025-07-09_11-18-02-128x15.png 128w, https:\/\/shop.wosente-tech.com\/wp-content\/uploads\/2025\/07\/Snipaste_2025-07-09_11-18-02-700x80.png 700w, https:\/\/shop.wosente-tech.com\/wp-content\/uploads\/2025\/07\/Snipaste_2025-07-09_11-18-02-400x46.png 400w, https:\/\/shop.wosente-tech.com\/wp-content\/uploads\/2025\/07\/Snipaste_2025-07-09_11-18-02-1300x148.png 1300w, https:\/\/shop.wosente-tech.com\/wp-content\/uploads\/2025\/07\/Snipaste_2025-07-09_11-18-02-768x88.png 768w, https:\/\/shop.wosente-tech.com\/wp-content\/uploads\/2025\/07\/Snipaste_2025-07-09_11-18-02-1536x175.png 1536w\" sizes=\"(max-width: 1744px) 100vw, 1744px\" \/>\t\t\t\t\t<\/div>\n\n\t\t\t\t\t\t<\/div>\n\t\t\t\t<\/div>\n\t\t\t\t<div class=\"elementor-element elementor-element-c48a607 wd-width-100 elementor-widget elementor-widget-wd_title\" data-id=\"c48a607\" data-element_type=\"widget\" data-widget_type=\"wd_title.default\">\n\t\t\t\t<div class=\"elementor-widget-container\">\n\t\t\t\t\t\t\t<div class=\"title-wrapper wd-set-mb reset-last-child wd-title-color-primary wd-title-style-default wd-title-size-large text-center\">\n\n\t\t\t\n\t\t\t<div class=\"liner-continer\">\n\t\t\t\t<h4 class=\"woodmart-title-container title wd-fontsize-xxl\">El fundador dice<\/h4> \n\t\t\t\t\t\t\t<\/div>\n\n\t\t\t\t\t<\/div>\n\t\t\t\t\t\t<\/div>\n\t\t\t\t<\/div>\n\t\t\t\t<div class=\"elementor-element elementor-element-53d8d08 elementor-widget elementor-widget-wd_text_block\" data-id=\"53d8d08\" data-element_type=\"widget\" data-widget_type=\"wd_text_block.default\">\n\t\t\t\t<div class=\"elementor-widget-container\">\n\t\t\t\t\t\t\t<div class=\"wd-text-block reset-last-child text-left\">\n\t\t\t\n\t\t\t<p>Wosente se fund\u00f3 porque presenci\u00e9 el caos de una industria y tambi\u00e9n su vulnerabilidad. En el campo de la reparaci\u00f3n de tel\u00e9fonos m\u00f3viles, los est\u00e1ndares son confusos, los presupuestos confusos, la calidad inconsistente y los usuarios est\u00e1n ansiosos. Lo que Wosente busca es un sistema m\u00e1s confiable: presupuestos claros, procesos profesionales y garant\u00eda de calidad. Desde la primera consulta hasta cada servicio posventa, nos esforzamos por mejorar. Convertirnos en un referente en la industria de la reparaci\u00f3n no es el fin, sino el punto de partida.  <span style=\"font-size: 15px;\"><\/span><\/p>\n\t\t\t\t\t<\/div>\n\t\t\t\t\t\t<\/div>\n\t\t\t\t<\/div>\n\t\t\t\t<div class=\"elementor-element elementor-element-5847b59 elementor-widget elementor-widget-wd_text_block\" data-id=\"5847b59\" data-element_type=\"widget\" data-widget_type=\"wd_text_block.default\">\n\t\t\t\t<div class=\"elementor-widget-container\">\n\t\t\t\t\t\t\t<div class=\"wd-text-block reset-last-child text-right color-primary\">\n\t\t\t\n\t\t\tIvy Cai\n\t\t\t\t\t<\/div>\n\t\t\t\t\t\t<\/div>\n\t\t\t\t<\/div>\n\t\t\t\t<\/div>\n\t\t\t\t\t<\/div>\n\t\t\t\t<\/div>\n\t\t<div class=\"wd-negative-gap elementor-element elementor-element-0aaf669 wd-section-stretch e-flex e-con-boxed e-con e-parent\" data-id=\"0aaf669\" data-element_type=\"container\" data-settings=\"{&quot;background_background&quot;:&quot;classic&quot;}\">\n\t\t\t\t\t<div class=\"e-con-inner\">\n\t\t<div class=\"elementor-element elementor-element-49529c7 e-con-full e-flex e-con e-child\" data-id=\"49529c7\" data-element_type=\"container\">\n\t\t\t\t<div class=\"elementor-element elementor-element-95c7bfa wd-width-100 elementor-widget elementor-widget-wd_title\" data-id=\"95c7bfa\" data-element_type=\"widget\" data-widget_type=\"wd_title.default\">\n\t\t\t\t<div class=\"elementor-widget-container\">\n\t\t\t\t\t\t\t<div class=\"title-wrapper wd-set-mb reset-last-child wd-title-color-primary wd-title-style-default wd-title-size-large text-left\">\n\n\t\t\t\n\t\t\t<div class=\"liner-continer\">\n\t\t\t\t<h4 class=\"woodmart-title-container title wd-fontsize-xxl\">\u00bfQu\u00e9 novedades te ofrecemos?<\/h4> \n\t\t\t\t\t\t\t<\/div>\n\n\t\t\t\t\t\t\t<div class=\"title-after_title reset-last-child wd-fontsize-s\">\n\t\t\t\t\t<p>Wosente ofrece la l\u00ednea de productos m\u00e1s completa, incluyendo pantallas, bater\u00edas, piezas y herramientas para las principales marcas de tel\u00e9fonos m\u00f3viles, iPads y MacBooks, y tambi\u00e9n brindamos servicio LCD Samsung.<\/p>\t\t\t\t<\/div>\n\t\t\t\t\t<\/div>\n\t\t\t\t\t\t<\/div>\n\t\t\t\t<\/div>\n\t\t\t\t<div class=\"elementor-element elementor-element-9b1efbe elementor-widget elementor-widget-wd_button\" data-id=\"9b1efbe\" data-element_type=\"widget\" data-widget_type=\"wd_button.default\">\n\t\t\t\t<div class=\"elementor-widget-container\">\n\t\t\t\t\t\t\t<div class=\"wd-button-wrapper text-left\" >\n\t\t\t<a class=\"btn btn-style-default btn-shape-round btn-size-default btn-color-primary btn-icon-pos-right\"  href=\"https:\/\/shop.wosente-tech.com\/shop\/\">\n\t\t\t\t<span class=\"wd-btn-text\" data-elementor-setting-key=\"text\">\n\t\t\t\t\tBUSCAR EN EL CAT\u00c1LOGO\t\t\t\t<\/span>\n\n\t\t\t\t\t\t\t\t\t<span class=\"wd-btn-icon\">\n\t\t\t\t\t\t<svg class=\"wd-icon e-font-icon-svg e-fas-arrow-right\" viewBox=\"0 0 448 512\" xmlns=\"http:\/\/www.w3.org\/2000\/svg\"><path d=\"M190.5 66.9l22.2-22.2c9.4-9.4 24.6-9.4 33.9 0L441 239c9.4 9.4 9.4 24.6 0 33.9L246.6 467.3c-9.4 9.4-24.6 9.4-33.9 0l-22.2-22.2c-9.5-9.5-9.3-25 .4-34.3L311.4 296H24c-13.3 0-24-10.7-24-24v-32c0-13.3 10.7-24 24-24h287.4L190.9 101.2c-9.8-9.3-10-24.8-.4-34.3z\"><\/path><\/svg>\t\t\t\t\t<\/span>\n\t\t\t\t\t\t\t<\/a>\n\t\t<\/div>\n\t\t\t\t\t\t<\/div>\n\t\t\t\t<\/div>\n\t\t\t\t<\/div>\n\t\t<div class=\"elementor-element elementor-element-112f98a e-con-full e-flex e-con e-child\" data-id=\"112f98a\" data-element_type=\"container\">\n\t\t<div class=\"elementor-element elementor-element-48c7dd1 e-con-full e-flex e-con e-child\" data-id=\"48c7dd1\" data-element_type=\"container\">\n\t\t<div class=\"elementor-element elementor-element-54eb2d3 e-con-full e-flex e-con e-child\" data-id=\"54eb2d3\" data-element_type=\"container\">\n\t\t\t\t<div class=\"elementor-element elementor-element-14ff076 elementor-widget elementor-widget-wd_counter\" data-id=\"14ff076\" data-element_type=\"widget\" data-widget_type=\"wd_counter.default\">\n\t\t\t\t<div class=\"elementor-widget-container\">\n\t\t\t\t\t\t\t<div class=\"woodmart-counter counter-large text-center color-scheme-\">\n\t\t\t<div class=\"counter-value\" data-state=\"new\" data-final=\"12\">\n\t\t\t\t0\t\t\t<\/div>\n\n\t\t\t\t\t\t\t<div class=\"counter-label\">\n\t\t\t\t\tFundada en 2014\t\t\t\t<\/div>\n\t\t\t\t\t<\/div>\n\t\t\t\t\t\t<\/div>\n\t\t\t\t<\/div>\n\t\t\t\t<\/div>\n\t\t<div class=\"elementor-element elementor-element-668ca24 e-con-full e-flex e-con e-child\" data-id=\"668ca24\" data-element_type=\"container\">\n\t\t\t\t<div class=\"elementor-element elementor-element-da35035 elementor-widget elementor-widget-wd_counter\" data-id=\"da35035\" data-element_type=\"widget\" data-widget_type=\"wd_counter.default\">\n\t\t\t\t<div class=\"elementor-widget-container\">\n\t\t\t\t\t\t\t<div class=\"woodmart-counter counter-large text-center color-scheme-\">\n\t\t\t<div class=\"counter-value\" data-state=\"new\" data-final=\"2000\">\n\t\t\t\t-20\t\t\t<\/div>\n\n\t\t\t\t\t\t\t<div class=\"counter-label\">\n\t\t\t\t\tSuperficie de la f\u00e1brica (m\u00b2)\t\t\t\t<\/div>\n\t\t\t\t\t<\/div>\n\t\t\t\t\t\t<\/div>\n\t\t\t\t<\/div>\n\t\t\t\t<\/div>\n\t\t\t\t<\/div>\n\t\t<div class=\"elementor-element elementor-element-6b5c35a e-con-full e-flex e-con e-child\" data-id=\"6b5c35a\" data-element_type=\"container\">\n\t\t<div class=\"elementor-element elementor-element-214e692 e-con-full e-flex e-con e-child\" data-id=\"214e692\" data-element_type=\"container\">\n\t\t\t\t<div class=\"elementor-element elementor-element-168ddab elementor-widget elementor-widget-wd_counter\" data-id=\"168ddab\" data-element_type=\"widget\" data-widget_type=\"wd_counter.default\">\n\t\t\t\t<div class=\"elementor-widget-container\">\n\t\t\t\t\t\t\t<div class=\"woodmart-counter counter-large text-center color-scheme-\">\n\t\t\t<div class=\"counter-value\" data-state=\"new\" data-final=\"70\">\n\t\t\t\t0\t\t\t<\/div>\n\n\t\t\t\t\t\t\t<div class=\"counter-label\">\n\t\t\t\t\tCiudades con cobertura empresarial\t\t\t\t<\/div>\n\t\t\t\t\t<\/div>\n\t\t\t\t\t\t<\/div>\n\t\t\t\t<\/div>\n\t\t\t\t<\/div>\n\t\t<div class=\"elementor-element elementor-element-214de82 e-con-full e-flex e-con e-child\" data-id=\"214de82\" data-element_type=\"container\">\n\t\t\t\t<div class=\"elementor-element elementor-element-3444280 elementor-widget elementor-widget-wd_counter\" data-id=\"3444280\" data-element_type=\"widget\" data-widget_type=\"wd_counter.default\">\n\t\t\t\t<div class=\"elementor-widget-container\">\n\t\t\t\t\t\t\t<div class=\"woodmart-counter counter-large text-center color-scheme-\">\n\t\t\t<div class=\"counter-value\" data-state=\"new\" data-final=\"10000\">\n\t\t\t\t0\t\t\t<\/div>\n\n\t\t\t\t\t\t\t<div class=\"counter-label\">\n\t\t\t\t\tSocio\t\t\t\t<\/div>\n\t\t\t\t\t<\/div>\n\t\t\t\t\t\t<\/div>\n\t\t\t\t<\/div>\n\t\t\t\t<\/div>\n\t\t\t\t<\/div>\n\t\t\t\t<\/div>\n\t\t\t\t\t<\/div>\n\t\t\t\t<\/div>\n\t\t<div class=\"wd-negative-gap elementor-element elementor-element-08b519e wd-section-stretch e-flex e-con-boxed e-con e-parent\" data-id=\"08b519e\" data-element_type=\"container\" data-settings=\"{&quot;background_background&quot;:&quot;classic&quot;}\">\n\t\t\t\t\t<div class=\"e-con-inner\">\n\t\t<div class=\"elementor-element elementor-element-42a6c98 e-con-full e-flex e-con e-child\" data-id=\"42a6c98\" data-element_type=\"container\">\n\t\t\t\t<div class=\"elementor-element elementor-element-39ee14e wd-width-100 elementor-widget elementor-widget-wd_title\" data-id=\"39ee14e\" data-element_type=\"widget\" data-widget_type=\"wd_title.default\">\n\t\t\t\t<div class=\"elementor-widget-container\">\n\t\t\t\t\t\t\t<div class=\"title-wrapper wd-set-mb reset-last-child wd-title-color-primary wd-title-style-default wd-title-size-large text-center\">\n\n\t\t\t\n\t\t\t<div class=\"liner-continer\">\n\t\t\t\t<h4 class=\"woodmart-title-container title wd-fontsize-xxl\">\u00bfPOR QU\u00c9 ELEGIRNOS?<\/h4> \n\t\t\t\t\t\t\t<\/div>\n\n\t\t\t\t\t<\/div>\n\t\t\t\t\t\t<\/div>\n\t\t\t\t<\/div>\n\t\t<div class=\"elementor-element elementor-element-f168c0a e-grid e-con-full e-con e-child\" data-id=\"f168c0a\" data-element_type=\"container\">\n\t\t\t\t<div class=\"elementor-element elementor-element-e2a14cc elementor-widget elementor-widget-wd_team_member\" data-id=\"e2a14cc\" data-element_type=\"widget\" data-widget_type=\"wd_team_member.default\">\n\t\t\t\t<div class=\"elementor-widget-container\">\n\t\t\t\t\t\t\t<div class=\"team-member member-layout-default text-center\">\n\t\t\t\t\t\t\t<div class=\"member-image-wrapper\">\n\t\t\t\t\t<div class=\"member-image\">\n\t\t\t\t\t\t<img decoding=\"async\" width=\"40\" height=\"52\" src=\"https:\/\/shop.wosente-tech.com\/wp-content\/uploads\/2025\/07\/above.png\" class=\"attachment-full size-full\" alt=\"\" \/>\t\t\t\t\t<\/div>\n\t\t\t\t<\/div>\n\t\t\t\n\t\t\t<div class=\"member-details wd-set-mb reset-last-child\">\n\t\t\t\t\t\t\t\t\t<h4 class=\"member-name\">\n\t\t\t\t\t\tCalidad por encima de todo\t\t\t\t\t<\/h4>\n\t\t\t\t\n\t\t\t\t\n\t\t\t\t\t\t\t\t\t<div class=\"member-bio\">\n\t\t\t\t\t\t<p data-v-fc4d1426=\"\">Hemos estado insistiendo en que la calidad es el elemento m\u00e1s importante para nosotros, ya sea en el pasado, presente o futuro.<\/p>\t\t\t\t\t<\/div>\n\t\t\t\t\n\t\t\t\t\t\t\t<\/div>\n\t\t<\/div>\n\t\t\t\t\t\t<\/div>\n\t\t\t\t<\/div>\n\t\t\t\t<div class=\"elementor-element elementor-element-e5b90be elementor-widget elementor-widget-wd_team_member\" data-id=\"e5b90be\" data-element_type=\"widget\" data-widget_type=\"wd_team_member.default\">\n\t\t\t\t<div class=\"elementor-widget-container\">\n\t\t\t\t\t\t\t<div class=\"team-member member-layout-default text-center\">\n\t\t\t\t\t\t\t<div class=\"member-image-wrapper\">\n\t\t\t\t\t<div class=\"member-image\">\n\t\t\t\t\t\t<img decoding=\"async\" width=\"47\" height=\"48\" src=\"https:\/\/shop.wosente-tech.com\/wp-content\/uploads\/2025\/07\/selected.png\" class=\"attachment-full size-full\" alt=\"\" \/>\t\t\t\t\t<\/div>\n\t\t\t\t<\/div>\n\t\t\t\n\t\t\t<div class=\"member-details wd-set-mb reset-last-child\">\n\t\t\t\t\t\t\t\t\t<h4 class=\"member-name\">\n\t\t\t\t\t\tElaboradamente seleccionados\t\t\t\t\t<\/h4>\n\t\t\t\t\n\t\t\t\t\n\t\t\t\t\t\t\t\t\t<div class=\"member-bio\">\n\t\t\t\t\t\t<p data-v-fc4d1426=\"\">Le ayudamos a elegir dentro de este complejo y confuso mercado de reparaciones mediante numerosas pruebas y ex\u00e1menes.<\/p>\t\t\t\t\t<\/div>\n\t\t\t\t\n\t\t\t\t\t\t\t<\/div>\n\t\t<\/div>\n\t\t\t\t\t\t<\/div>\n\t\t\t\t<\/div>\n\t\t\t\t<div class=\"elementor-element elementor-element-af8292d elementor-widget elementor-widget-wd_team_member\" data-id=\"af8292d\" data-element_type=\"widget\" data-widget_type=\"wd_team_member.default\">\n\t\t\t\t<div class=\"elementor-widget-container\">\n\t\t\t\t\t\t\t<div class=\"team-member member-layout-default text-center\">\n\t\t\t\t\t\t\t<div class=\"member-image-wrapper\">\n\t\t\t\t\t<div class=\"member-image\">\n\t\t\t\t\t\t<img decoding=\"async\" width=\"52\" height=\"47\" src=\"https:\/\/shop.wosente-tech.com\/wp-content\/uploads\/2025\/07\/shop.png\" class=\"attachment-full size-full\" alt=\"\" \/>\t\t\t\t\t<\/div>\n\t\t\t\t<\/div>\n\t\t\t\n\t\t\t<div class=\"member-details wd-set-mb reset-last-child\">\n\t\t\t\t\t\t\t\t\t<h4 class=\"member-name\">\n\t\t\t\t\t\tUna parada\t\t\t\t\t<\/h4>\n\t\t\t\t\n\t\t\t\t\n\t\t\t\t\t\t\t\t\t<div class=\"member-bio\">\n\t\t\t\t\t\t<p data-v-fc4d1426=\"\">Una \u00fanica fuente para todos los productos y servicios de reparaci\u00f3n que su empresa necesita.<\/p>\t\t\t\t\t<\/div>\n\t\t\t\t\n\t\t\t\t\t\t\t<\/div>\n\t\t<\/div>\n\t\t\t\t\t\t<\/div>\n\t\t\t\t<\/div>\n\t\t\t\t<div class=\"elementor-element elementor-element-1e6ea49 elementor-widget elementor-widget-wd_team_member\" data-id=\"1e6ea49\" data-element_type=\"widget\" data-widget_type=\"wd_team_member.default\">\n\t\t\t\t<div class=\"elementor-widget-container\">\n\t\t\t\t\t\t\t<div class=\"team-member member-layout-default text-center\">\n\t\t\t\t\t\t\t<div class=\"member-image-wrapper\">\n\t\t\t\t\t<div class=\"member-image\">\n\t\t\t\t\t\t<img decoding=\"async\" width=\"40\" height=\"49\" src=\"https:\/\/shop.wosente-tech.com\/wp-content\/uploads\/2025\/07\/free.png\" class=\"attachment-full size-full\" alt=\"\" \/>\t\t\t\t\t<\/div>\n\t\t\t\t<\/div>\n\t\t\t\n\t\t\t<div class=\"member-details wd-set-mb reset-last-child\">\n\t\t\t\t\t\t\t\t\t<h4 class=\"member-name\">\n\t\t\t\t\t\tSin complicaciones\t\t\t\t\t<\/h4>\n\t\t\t\t\n\t\t\t\t\n\t\t\t\t\t\t\t\t\t<div class=\"member-bio\">\n\t\t\t\t\t\t<div class=\"wholesale thyme-color\" data-v-d47d8e28=\"\"><div class=\"common-main clearfix\" data-v-d47d8e28=\"\"><div class=\"fr wholesale-main border-e4 bg-white box-shadow-ee\" data-v-d47d8e28=\"\"><div class=\"about-us bg-fa nuxt\" data-v-fc4d1426=\"\" data-v-d47d8e28=\"\"><div class=\"fr contain border-e4 box-shadow-ee bg-white\" data-v-fc4d1426=\"\"><div class=\"main\" data-v-fc4d1426=\"\"><div class=\"words size16 line24 c6\" data-v-fc4d1426=\"\"><p data-v-fc4d1426=\"\">Se encuentran disponibles servicio al cliente integral, soporte t\u00e9cnico gratuito, garant\u00eda sin complicaciones y una pol\u00edtica de devoluci\u00f3n y reembolso flexible.<\/p><\/div><\/div><\/div><\/div><\/div><\/div><\/div>\t\t\t\t\t<\/div>\n\t\t\t\t\n\t\t\t\t\t\t\t<\/div>\n\t\t<\/div>\n\t\t\t\t\t\t<\/div>\n\t\t\t\t<\/div>\n\t\t\t\t<\/div>\n\t\t\t\t<\/div>\n\t\t\t\t\t<\/div>\n\t\t\t\t<\/div>\n\t\t\t\t<\/div>\n\t\t","protected":false},"excerpt":{"rendered":"<p>SOBRE NOSOTROS Wosente Trade Hong Kong Co., Ltd. se estableci\u00f3 en 2014. En 2015, se dedic\u00f3 al negocio de accesorios<\/p>\n","protected":false},"author":1,"featured_media":0,"parent":0,"menu_order":0,"comment_status":"closed","ping_status":"closed","template":"","meta":{"footnotes":""},"class_list":["post-51574","page","type-page","status-publish","hentry"],"_links":{"self":[{"href":"https:\/\/shop.wosente-tech.com\/es\/wp-json\/wp\/v2\/pages\/51574","targetHints":{"allow":["GET"]}}],"collection":[{"href":"https:\/\/shop.wosente-tech.com\/es\/wp-json\/wp\/v2\/pages"}],"about":[{"href":"https:\/\/shop.wosente-tech.com\/es\/wp-json\/wp\/v2\/types\/page"}],"author":[{"embeddable":true,"href":"https:\/\/shop.wosente-tech.com\/es\/wp-json\/wp\/v2\/users\/1"}],"replies":[{"embeddable":true,"href":"https:\/\/shop.wosente-tech.com\/es\/wp-json\/wp\/v2\/comments?post=51574"}],"version-history":[{"count":2,"href":"https:\/\/shop.wosente-tech.com\/es\/wp-json\/wp\/v2\/pages\/51574\/revisions"}],"predecessor-version":[{"id":51579,"href":"https:\/\/shop.wosente-tech.com\/es\/wp-json\/wp\/v2\/pages\/51574\/revisions\/51579"}],"wp:attachment":[{"href":"https:\/\/shop.wosente-tech.com\/es\/wp-json\/wp\/v2\/media?parent=51574"}],"curies":[{"name":"wp","href":"https:\/\/api.w.org\/{rel}","templated":true}]}}