{"id":32667,"date":"2025-06-07T23:22:51","date_gmt":"2025-06-07T15:22:51","guid":{"rendered":"https:\/\/shop.wosente-tech.com\/politica-de-garantia\/"},"modified":"2025-11-13T23:09:12","modified_gmt":"2025-11-13T15:09:12","slug":"politica-de-garantia","status":"publish","type":"page","link":"https:\/\/shop.wosente-tech.com\/es\/politica-de-garantia\/","title":{"rendered":"Pol\u00edtica de garant\u00eda"},"content":{"rendered":"\t\t<div data-elementor-type=\"wp-page\" data-elementor-id=\"32667\" class=\"elementor elementor-32667 elementor-30804\" data-elementor-post-type=\"page\">\n\t\t\t\t<div class=\"wd-negative-gap elementor-element elementor-element-7c7c544 e-flex e-con-boxed e-con e-parent\" data-id=\"7c7c544\" data-element_type=\"container\" data-e-type=\"container\">\n\t\t\t\t\t<div class=\"e-con-inner\">\n\t\t<div class=\"elementor-element elementor-element-97d6084 e-con-full e-flex e-con e-child\" data-id=\"97d6084\" data-element_type=\"container\" data-e-type=\"container\">\n\t\t\t\t<div class=\"elementor-element elementor-element-98d830b wd-width-100 elementor-widget elementor-widget-wd_title\" data-id=\"98d830b\" data-element_type=\"widget\" data-e-type=\"widget\" data-widget_type=\"wd_title.default\">\n\t\t\t\t<div class=\"elementor-widget-container\">\n\t\t\t\t\t\t\t<div class=\"title-wrapper wd-set-mb reset-last-child wd-title-color-primary wd-title-style-default wd-title-size-large text-left\">\n\n\t\t\t\n\t\t\t<div class=\"liner-continer\">\n\t\t\t\t<h4 class=\"woodmart-title-container title wd-fontsize-xxl\">POL\u00cdTICA DE GARANT\u00cdA<\/h4> \n\t\t\t\t\t\t\t<\/div>\n\n\t\t\t\t\t<\/div>\n\t\t\t\t\t\t<\/div>\n\t\t\t\t<\/div>\n\t\t\t\t<div class=\"elementor-element elementor-element-66e47ad elementor-widget elementor-widget-wd_text_block\" data-id=\"66e47ad\" data-element_type=\"widget\" data-e-type=\"widget\" data-widget_type=\"wd_text_block.default\">\n\t\t\t\t<div class=\"elementor-widget-container\">\n\t\t\t\t\t\t\t<div class=\"wd-text-block reset-last-child text-left\">\n\t\t\t\n\t\t\t<p class=\"line24 c6\" data-v-7a903fb2=\"\">Estimado cliente<\/p><p class=\"line24 c6 pad-b20\" data-v-7a903fb2=\"\">Agradecemos su confianza y apoyo en nuestros productos y servicios. Para proteger sus derechos e intereses, lea atentamente los siguientes t\u00e9rminos: Todos los productos fabricados o suministrados por https:\/\/shop.wosente-tech.com\/ cuentan con una garant\u00eda de un a\u00f1o a partir de la fecha de compra para asegurar su \u00f3ptimo funcionamiento. Si encuentra alg\u00fan defecto durante el per\u00edodo de garant\u00eda, cont\u00e1ctenos a trav\u00e9s de <span class=\"bold c60 text-decoration\" data-v-7a903fb2=\"\"><a href=\"mailto:service@Wosente-tech.com\">service@Wosente-tech.com<\/a><\/span> para solicitar una devoluci\u00f3n, un cambio o un reembolso.  <\/p><p class=\"line24 c6 bold\" data-v-7a903fb2=\"\">Aviso importante: Para evitar da\u00f1os ocasionados durante el uso, que quedar\u00edan fuera del alcance de la garant\u00eda, pruebe todos los productos antes de la instalaci\u00f3n.<\/p>\n\t\t\t\t\t<\/div>\n\t\t\t\t\t\t<\/div>\n\t\t\t\t<\/div>\n\t\t\t\t<div class=\"elementor-element elementor-element-10b04a0 elementor-widget elementor-widget-pp-divider\" data-id=\"10b04a0\" data-element_type=\"widget\" data-e-type=\"widget\" data-widget_type=\"pp-divider.default\">\n\t\t\t\t<div class=\"elementor-widget-container\">\n\t\t\t\t\t\t\t<div class=\"pp-divider-wrap\">\n\t\t\t\t\t\t\t<div class=\"pp-divider pp-divider-horizontal horizontal\"><\/div>\n\t\t\t\t\t\t<\/div>    \n\t\t\t\t\t\t<\/div>\n\t\t\t\t<\/div>\n\t\t\t\t<div class=\"elementor-element elementor-element-eb02b66 elementor-widget elementor-widget-wd_text_block\" data-id=\"eb02b66\" data-element_type=\"widget\" data-e-type=\"widget\" data-widget_type=\"wd_text_block.default\">\n\t\t\t\t<div class=\"elementor-widget-container\">\n\t\t\t\t\t\t\t<div class=\"wd-text-block reset-last-child text-left\">\n\t\t\t\n\t\t\t<h3><span style=\"color: #00c6b8;\">Pol\u00edtica de devoluciones, reembolsos y cambios<\/span><\/h3><p>Esta pol\u00edtica se aplica \u00fanicamente a las compras en l\u00ednea realizadas en shop.wosente-tech.com. Wosente-Tech acepta devoluciones y cambios de mercanc\u00eda por da\u00f1os no f\u00edsicos ni funcionales que se ajusten a esta pol\u00edtica. Solicite un servicio de RMA dentro de los 12 meses posteriores a la fecha de compra. Si recibe art\u00edculos incorrectos, cont\u00e1ctenos y le gestionaremos un reembolso, devoluci\u00f3n o cambio dentro de los 7 d\u00edas posteriores a la recepci\u00f3n.   <\/p><p>1. Producto defectuoso al recibirlo: Si el embalaje exterior presenta da\u00f1os importantes al momento de la recepci\u00f3n o si el producto llega defectuoso. <\/p><p>A. Rechace la entrega del paquete e informe a Wosente-Tech.<\/p><p>B. Paquete\/producto da\u00f1ado tras la confirmaci\u00f3n de la recepci\u00f3n: tome una foto o un v\u00eddeo y p\u00f3ngase en contacto con Wosente-Tech en un plazo de 7 d\u00edas desde la recepci\u00f3n. Wosente-Tech le ofrecer\u00e1 una soluci\u00f3n tras negociar con la empresa de mensajer\u00eda (devoluci\u00f3n o cambio). <\/p><p>2. En caso de problemas de calidad con los productos recibidos: tome una foto y p\u00f3ngase en contacto con Wosente-Tech para solicitar un reembolso o un reemplazo.<\/p><p>3. Para devoluciones de productos incorrectos pedidos por el cliente o problemas no relacionados con Wosente-Tech, dentro de los 14 d\u00edas posteriores a la recepci\u00f3n de su pedido, puede cambiar por un producto nuevo sin condiciones (sin reembolso). Sin embargo, se cobrar\u00e1 un cargo de env\u00edo a Hong Kong. <\/p><p>4. Si recibe productos incorrectos, tome una foto y p\u00f3ngase en contacto con Wosente-Tech inmediatamente. Una vez confirmado, reprogramaremos el env\u00edo lo antes posible. <\/p><p>5. A los clientes se les cobrar\u00e1 como m\u00e1ximo los gastos de env\u00edo una sola vez (esto incluye las devoluciones); no se cobrar\u00e1 ninguna tarifa de reposici\u00f3n a los consumidores por la devoluci\u00f3n de un producto.<span style=\"font-size: 16px;\"><\/span><\/p>\n\t\t\t\t\t<\/div>\n\t\t\t\t\t\t<\/div>\n\t\t\t\t<\/div>\n\t\t\t\t<div class=\"elementor-element elementor-element-83d23e5 elementor-widget elementor-widget-pp-divider\" data-id=\"83d23e5\" data-element_type=\"widget\" data-e-type=\"widget\" data-widget_type=\"pp-divider.default\">\n\t\t\t\t<div class=\"elementor-widget-container\">\n\t\t\t\t\t\t\t<div class=\"pp-divider-wrap\">\n\t\t\t\t\t\t\t<div class=\"pp-divider pp-divider-horizontal horizontal\"><\/div>\n\t\t\t\t\t\t<\/div>    \n\t\t\t\t\t\t<\/div>\n\t\t\t\t<\/div>\n\t\t\t\t<div class=\"elementor-element elementor-element-fec3dd8 elementor-widget elementor-widget-wd_text_block\" data-id=\"fec3dd8\" data-element_type=\"widget\" data-e-type=\"widget\" data-widget_type=\"wd_text_block.default\">\n\t\t\t\t<div class=\"elementor-widget-container\">\n\t\t\t\t\t\t\t<div class=\"wd-text-block reset-last-child text-left\">\n\t\t\t\n\t\t\t<h3><span style=\"color: #00c6b8;\">Fuera de garant\u00eda<\/span><\/h3><div id=\"Out\" class=\"contents-module border-bottom-e4 clearfix pad-ub20\" data-v-7a903fb2=\"\"><ul class=\"pad-lr20\" data-v-7a903fb2=\"\"><li class=\"line24 c6 list-style-disc\" data-v-7a903fb2=\"\">Fuera del per\u00edodo de garant\u00eda.<\/li><li class=\"line24 c6 list-style-disc\" data-v-7a903fb2=\"\">Sin marcas de control de calidad de Wosente-Tech.<\/li><li class=\"line24 c6 list-style-disc\" data-v-7a903fb2=\"\">Operaciones inadecuadas como da\u00f1os por agua, instalaci\u00f3n incorrecta que resulten en da\u00f1os al cable flexible, da\u00f1os a la pantalla, ara\u00f1azos o da\u00f1os al bisel.<\/li><\/ul><\/div>\n\t\t\t\t\t<\/div>\n\t\t\t\t\t\t<\/div>\n\t\t\t\t<\/div>\n\t\t\t\t<div class=\"elementor-element elementor-element-533e5fe elementor-widget elementor-widget-pp-divider\" data-id=\"533e5fe\" data-element_type=\"widget\" data-e-type=\"widget\" data-widget_type=\"pp-divider.default\">\n\t\t\t\t<div class=\"elementor-widget-container\">\n\t\t\t\t\t\t\t<div class=\"pp-divider-wrap\">\n\t\t\t\t\t\t\t<div class=\"pp-divider pp-divider-horizontal horizontal\"><\/div>\n\t\t\t\t\t\t<\/div>    \n\t\t\t\t\t\t<\/div>\n\t\t\t\t<\/div>\n\t\t\t\t<div class=\"elementor-element elementor-element-1bc237d elementor-widget elementor-widget-wd_text_block\" data-id=\"1bc237d\" data-element_type=\"widget\" data-e-type=\"widget\" data-widget_type=\"wd_text_block.default\">\n\t\t\t\t<div class=\"elementor-widget-container\">\n\t\t\t\t\t\t\t<div class=\"wd-text-block reset-last-child text-left\">\n\t\t\t\n\t\t\t<h3><span style=\"color: #00c6b8;\">RMA Process<\/span><\/h3><p>1. Antes de realizar una entrega, solicite una RMA a trav\u00e9s del chat en vivo o por correo electr\u00f3nico con nuestro departamento de posventa. Una vez aceptada la RMA, se le proporcionar\u00e1 un correo electr\u00f3nico con el n\u00famero de RMA y la direcci\u00f3n de devoluci\u00f3n.  <\/p><p>2. Rellene el formulario RMA con la informaci\u00f3n del producto que se devuelve (cantidad, problema, n\u00famero de seguimiento y foto del paquete).<\/p><p>3. Toda la mercanc\u00eda debe devolverse en su embalaje original y en perfectas condiciones (nueva y sin usar), adjuntando la lista de productos a devolver. De lo contrario, Wosente Tech se reserva el derecho de limitar o rechazar cualquier devoluci\u00f3n o cambio que no cumpla con esta pol\u00edtica. <\/p><p>4. El centro de postventa de Wosente-Tech Shenzhen organizar\u00e1 las pruebas del producto una vez recibido el paquete.<\/p><p>5. El centro de postventa emitir\u00e1 un informe de prueba dentro de 3 a 6 d\u00edas h\u00e1biles.<\/p><p>6. El cliente confirma el informe de la prueba.<\/p><p>7. Emitir la devoluci\u00f3n\/reembolso\/cambio (dentro del per\u00edodo de garant\u00eda).<\/p>\n\t\t\t\t\t<\/div>\n\t\t\t\t\t\t<\/div>\n\t\t\t\t<\/div>\n\t\t\t\t<div class=\"elementor-element elementor-element-765b100 elementor-widget elementor-widget-pp-divider\" data-id=\"765b100\" data-element_type=\"widget\" data-e-type=\"widget\" data-widget_type=\"pp-divider.default\">\n\t\t\t\t<div class=\"elementor-widget-container\">\n\t\t\t\t\t\t\t<div class=\"pp-divider-wrap\">\n\t\t\t\t\t\t\t<div class=\"pp-divider pp-divider-horizontal horizontal\"><\/div>\n\t\t\t\t\t\t<\/div>    \n\t\t\t\t\t\t<\/div>\n\t\t\t\t<\/div>\n\t\t\t\t<div class=\"elementor-element elementor-element-93eb8b4 elementor-widget elementor-widget-wd_text_block\" data-id=\"93eb8b4\" data-element_type=\"widget\" data-e-type=\"widget\" data-widget_type=\"wd_text_block.default\">\n\t\t\t\t<div class=\"elementor-widget-container\">\n\t\t\t\t\t\t\t<div class=\"wd-text-block reset-last-child text-left\">\n\t\t\t\n\t\t\t<h3><span style=\"color: #00c6b8;\">Exenci\u00f3n de responsabilidad<\/span><\/h3><ul><li>Salvo lo prohibido por la ley, Wosente-Tech, como distribuidor, no asume ninguna responsabilidad por los da\u00f1os causados \u200b\u200bpor productos de proveedores adquiridos a trav\u00e9s de este sitio web, ya sean da\u00f1os directos, indirectos, especiales, incidentales o consecuentes. Esto aplica independientemente del fundamento jur\u00eddico invocado, incluyendo garant\u00eda, contrato, negligencia o responsabilidad objetiva. <\/li><li>Wosente-Tech se reserva el derecho de modificar, suspender o interrumpir, temporal o permanentemente, la totalidad o parte de la pol\u00edtica de devoluciones, con respecto a cualquier usuario o a todos ellos, en cualquier momento y sin previo aviso.<\/li><li>The liability of this disclaimer is subject to the purchasing price of relevant products only.<\/li><\/ul>\n\t\t\t\t\t<\/div>\n\t\t\t\t\t\t<\/div>\n\t\t\t\t<\/div>\n\t\t\t\t<div class=\"elementor-element elementor-element-85890a5 elementor-widget elementor-widget-pp-divider\" data-id=\"85890a5\" data-element_type=\"widget\" data-e-type=\"widget\" data-widget_type=\"pp-divider.default\">\n\t\t\t\t<div class=\"elementor-widget-container\">\n\t\t\t\t\t\t\t<div class=\"pp-divider-wrap\">\n\t\t\t\t\t\t\t<div class=\"pp-divider pp-divider-horizontal horizontal\"><\/div>\n\t\t\t\t\t\t<\/div>    \n\t\t\t\t\t\t<\/div>\n\t\t\t\t<\/div>\n\t\t\t\t<div class=\"elementor-element elementor-element-bec6480 elementor-widget elementor-widget-wd_text_block\" data-id=\"bec6480\" data-element_type=\"widget\" data-e-type=\"widget\" data-widget_type=\"wd_text_block.default\">\n\t\t\t\t<div class=\"elementor-widget-container\">\n\t\t\t\t\t\t\t<div class=\"wd-text-block reset-last-child text-left\">\n\t\t\t\n\t\t\t<h3><span style=\"color: #00c6b8;\">ABUSO DE POL\u00cdTICAS<\/span><\/h3><p>Lamentablemente, algunos clientes han abusado de nuestras generosas pol\u00edticas de devoluci\u00f3n, garant\u00eda y otras. Por consiguiente, nos veremos obligados a aplicar pol\u00edticas m\u00e1s estrictas a los clientes que abusen de ellas. <\/p>\n\t\t\t\t\t<\/div>\n\t\t\t\t\t\t<\/div>\n\t\t\t\t<\/div>\n\t\t\t\t<div class=\"elementor-element elementor-element-e2cc032 elementor-widget elementor-widget-pp-divider\" data-id=\"e2cc032\" data-element_type=\"widget\" data-e-type=\"widget\" data-widget_type=\"pp-divider.default\">\n\t\t\t\t<div class=\"elementor-widget-container\">\n\t\t\t\t\t\t\t<div class=\"pp-divider-wrap\">\n\t\t\t\t\t\t\t<div class=\"pp-divider pp-divider-horizontal horizontal\"><\/div>\n\t\t\t\t\t\t<\/div>    \n\t\t\t\t\t\t<\/div>\n\t\t\t\t<\/div>\n\t\t\t\t<div class=\"elementor-element elementor-element-c584e05 elementor-widget elementor-widget-wd_text_block\" data-id=\"c584e05\" data-element_type=\"widget\" data-e-type=\"widget\" data-widget_type=\"wd_text_block.default\">\n\t\t\t\t<div class=\"elementor-widget-container\">\n\t\t\t\t\t\t\t<div class=\"wd-text-block reset-last-child text-left\">\n\t\t\t\n\t\t\t<h3><span style=\"color: #00c6b8;\">CAMBIOS EN LAS POL\u00cdTICAS<\/span><\/h3><p>Estas pol\u00edticas est\u00e1n sujetas a cambios en cualquier momento y sin previo aviso.<\/p>\n\t\t\t\t\t<\/div>\n\t\t\t\t\t\t<\/div>\n\t\t\t\t<\/div>\n\t\t\t\t<\/div>\n\t\t\t\t\t<\/div>\n\t\t\t\t<\/div>\n\t\t\t\t<\/div>\n\t\t","protected":false},"excerpt":{"rendered":"<p>POL\u00cdTICA DE GARANT\u00cdA Estimado cliente Agradecemos su confianza y apoyo en nuestros productos y servicios. Para proteger sus derechos e<\/p>\n","protected":false},"author":1,"featured_media":0,"parent":0,"menu_order":0,"comment_status":"closed","ping_status":"closed","template":"","meta":{"footnotes":""},"class_list":["post-32667","page","type-page","status-publish","hentry"],"_links":{"self":[{"href":"https:\/\/shop.wosente-tech.com\/es\/wp-json\/wp\/v2\/pages\/32667","targetHints":{"allow":["GET"]}}],"collection":[{"href":"https:\/\/shop.wosente-tech.com\/es\/wp-json\/wp\/v2\/pages"}],"about":[{"href":"https:\/\/shop.wosente-tech.com\/es\/wp-json\/wp\/v2\/types\/page"}],"author":[{"embeddable":true,"href":"https:\/\/shop.wosente-tech.com\/es\/wp-json\/wp\/v2\/users\/1"}],"replies":[{"embeddable":true,"href":"https:\/\/shop.wosente-tech.com\/es\/wp-json\/wp\/v2\/comments?post=32667"}],"version-history":[{"count":0,"href":"https:\/\/shop.wosente-tech.com\/es\/wp-json\/wp\/v2\/pages\/32667\/revisions"}],"wp:attachment":[{"href":"https:\/\/shop.wosente-tech.com\/es\/wp-json\/wp\/v2\/media?parent=32667"}],"curies":[{"name":"wp","href":"https:\/\/api.w.org\/{rel}","templated":true}]}}