{"id":32651,"date":"2025-05-08T13:27:21","date_gmt":"2025-05-08T05:27:21","guid":{"rendered":"https:\/\/shop.wosente-tech.com\/politica-de-privacidad\/"},"modified":"2025-11-16T05:55:47","modified_gmt":"2025-11-15T21:55:47","slug":"politica-de-privacidad","status":"publish","type":"page","link":"https:\/\/shop.wosente-tech.com\/es\/politica-de-privacidad\/","title":{"rendered":"Pol\u00edtica de privacidad"},"content":{"rendered":"\t\t<div data-elementor-type=\"wp-page\" data-elementor-id=\"32651\" class=\"elementor elementor-32651 elementor-28498\" data-elementor-post-type=\"page\">\n\t\t\t\t<div class=\"wd-negative-gap elementor-element elementor-element-7c7c544 e-flex e-con-boxed e-con e-parent\" data-id=\"7c7c544\" data-element_type=\"container\" data-e-type=\"container\">\n\t\t\t\t\t<div class=\"e-con-inner\">\n\t\t<div class=\"elementor-element elementor-element-97d6084 e-con-full e-flex e-con e-child\" data-id=\"97d6084\" data-element_type=\"container\" data-e-type=\"container\">\n\t\t\t\t<div class=\"elementor-element elementor-element-98d830b wd-width-100 elementor-widget elementor-widget-wd_title\" data-id=\"98d830b\" data-element_type=\"widget\" data-e-type=\"widget\" data-widget_type=\"wd_title.default\">\n\t\t\t\t<div class=\"elementor-widget-container\">\n\t\t\t\t\t\t\t<div class=\"title-wrapper wd-set-mb reset-last-child wd-title-color-primary wd-title-style-default wd-title-size-large text-left\">\n\n\t\t\t\n\t\t\t<div class=\"liner-continer\">\n\t\t\t\t<h4 class=\"woodmart-title-container title wd-fontsize-xxl\">Pol\u00edtica de privacidad<\/h4> \n\t\t\t\t\t\t\t<\/div>\n\n\t\t\t\t\t<\/div>\n\t\t\t\t\t\t<\/div>\n\t\t\t\t<\/div>\n\t\t\t\t<div class=\"elementor-element elementor-element-66e47ad elementor-widget elementor-widget-wd_text_block\" data-id=\"66e47ad\" data-element_type=\"widget\" data-e-type=\"widget\" data-widget_type=\"wd_text_block.default\">\n\t\t\t\t<div class=\"elementor-widget-container\">\n\t\t\t\t\t\t\t<div class=\"wd-text-block reset-last-child text-left\">\n\t\t\t\n\t\t\t<p>En Wosente, nos comprometemos a proteger la informaci\u00f3n personal y la privacidad de nuestros clientes. Esta Pol\u00edtica de Privacidad describe la recopilaci\u00f3n y el uso de su informaci\u00f3n personal. Se aplica a todos los servicios que Wosente proporciona (incluidos, entre otros, el comercio electr\u00f3nico, los recursos de red y las redes sociales). Si no acepta lo descrito en esta Pol\u00edtica de Privacidad, es posible que no pueda acceder a ciertos servicios. Al utilizar nuestros servicios, usted consiente el uso y la protecci\u00f3n de su informaci\u00f3n personal seg\u00fan lo descrito en esta Pol\u00edtica de Privacidad.    <\/p>\n\t\t\t\t\t<\/div>\n\t\t\t\t\t\t<\/div>\n\t\t\t\t<\/div>\n\t\t\t\t<div class=\"elementor-element elementor-element-b0080de elementor-widget elementor-widget-wd_text_block\" data-id=\"b0080de\" data-element_type=\"widget\" data-e-type=\"widget\" data-widget_type=\"wd_text_block.default\">\n\t\t\t\t<div class=\"elementor-widget-container\">\n\t\t\t\t\t\t\t<div class=\"wd-text-block reset-last-child text-left\">\n\t\t\t\n\t\t\t<h3><span style=\"color: #00c6b8;\">\u00bfQU\u00c9 INFORMACI\u00d3N RECOPILAMOS?<\/span><\/h3><p>Nombre<br>Informaci\u00f3n de contacto (correo electr\u00f3nico, tel\u00e9fono, WhatsApp, etc.)<br>Ubicaci\u00f3n<br>Informaci\u00f3n b\u00e1sica, incluyendo c\u00f3digo postal, preferencias, dispositivos, etc.<br>Informaci\u00f3n de pago<br>Otra informaci\u00f3n relacionada con este sitio web<\/p>\n\t\t\t\t\t<\/div>\n\t\t\t\t\t\t<\/div>\n\t\t\t\t<\/div>\n\t\t\t\t<div class=\"elementor-element elementor-element-6be2a85 elementor-widget elementor-widget-pp-divider\" data-id=\"6be2a85\" data-element_type=\"widget\" data-e-type=\"widget\" data-widget_type=\"pp-divider.default\">\n\t\t\t\t<div class=\"elementor-widget-container\">\n\t\t\t\t\t\t\t<div class=\"pp-divider-wrap\">\n\t\t\t\t\t\t\t<div class=\"pp-divider pp-divider-horizontal horizontal\"><\/div>\n\t\t\t\t\t\t<\/div>    \n\t\t\t\t\t\t<\/div>\n\t\t\t\t<\/div>\n\t\t\t\t<div class=\"elementor-element elementor-element-b6a8452 elementor-widget elementor-widget-wd_text_block\" data-id=\"b6a8452\" data-element_type=\"widget\" data-e-type=\"widget\" data-widget_type=\"wd_text_block.default\">\n\t\t\t\t<div class=\"elementor-widget-container\">\n\t\t\t\t\t\t\t<div class=\"wd-text-block reset-last-child text-left\">\n\t\t\t\n\t\t\t<h3><span style=\"color: #00c6b8;\">GESTI\u00d3N Y USO DE LA INFORMACI\u00d3N<\/span><\/h3><ol class=\"bold c6 pad-lr20\" data-v-52fb2a3a=\"\"><li data-v-52fb2a3a=\"\"><span class=\"normal\" data-v-52fb2a3a=\"\">Para ofrecer servicios m\u00e1s personalizados y mejorar la experiencia del usuario.<\/span><\/li><li data-v-52fb2a3a=\"\"><span class=\"normal\" data-v-52fb2a3a=\"\">Marketing directo por correo electr\u00f3nico<\/span><\/li><li data-v-52fb2a3a=\"\"><span class=\"normal\" data-v-52fb2a3a=\"\">Market research<\/span><\/li><li data-v-52fb2a3a=\"\"><span class=\"normal\" data-v-52fb2a3a=\"\">Investigaci\u00f3n de mercado  <\/span><\/li><li data-v-52fb2a3a=\"\"><span class=\"normal\" data-v-52fb2a3a=\"\">An\u00e1lisis de datos<\/span><\/li><li data-v-52fb2a3a=\"\"><span class=\"normal\" data-v-52fb2a3a=\"\">Otro prop\u00f3sito autorizado por usted<\/span><\/li><\/ol>\n\t\t\t\t\t<\/div>\n\t\t\t\t\t\t<\/div>\n\t\t\t\t<\/div>\n\t\t\t\t<div class=\"elementor-element elementor-element-d00451c elementor-widget elementor-widget-pp-divider\" data-id=\"d00451c\" data-element_type=\"widget\" data-e-type=\"widget\" data-widget_type=\"pp-divider.default\">\n\t\t\t\t<div class=\"elementor-widget-container\">\n\t\t\t\t\t\t\t<div class=\"pp-divider-wrap\">\n\t\t\t\t\t\t\t<div class=\"pp-divider pp-divider-horizontal horizontal\"><\/div>\n\t\t\t\t\t\t<\/div>    \n\t\t\t\t\t\t<\/div>\n\t\t\t\t<\/div>\n\t\t\t\t<div class=\"elementor-element elementor-element-a3b07cc elementor-widget elementor-widget-wd_text_block\" data-id=\"a3b07cc\" data-element_type=\"widget\" data-e-type=\"widget\" data-widget_type=\"wd_text_block.default\">\n\t\t\t\t<div class=\"elementor-widget-container\">\n\t\t\t\t\t\t\t<div class=\"wd-text-block reset-last-child text-left\">\n\t\t\t\n\t\t\t<h3><span style=\"color: #00c6b8;\">COMPARTIR SU INFORMACI\u00d3N<\/span><\/h3><p data-v-52fb2a3a=\"\">La informaci\u00f3n sobre nuestros clientes es fundamental para nuestro negocio. Nos comprometemos a proteger su informaci\u00f3n de conformidad con la ley. No compartimos su informaci\u00f3n personal con terceros, salvo las siguientes excepciones:  <\/p><ol class=\"bold c6 pad-lr20\" data-v-52fb2a3a=\"\"><li data-v-52fb2a3a=\"\"><span class=\"normal\" data-v-52fb2a3a=\"\">Obtenga su consentimiento o autorizaci\u00f3n.<\/span><\/li><li data-v-52fb2a3a=\"\"><span class=\"normal\" data-v-52fb2a3a=\"\">Cumplir con las leyes, reglamentos o requisitos judiciales aplicables.<\/span><\/li><li data-v-52fb2a3a=\"\"><span class=\"normal\" data-v-52fb2a3a=\"\">Para prestar los servicios descritos en \u00abGesti\u00f3n y uso de la informaci\u00f3n\u00bb. Para hacer valer los derechos contemplados en el \u00abAcuerdo de usuario de Wosente\u00bb o en esta Pol\u00edtica de privacidad. Compartimos su informaci\u00f3n con empresas afiliadas a Wosente, socios comerciales o proveedores de servicios externos para cumplir con el prop\u00f3sito especificado en nuestro nombre. (Por ejemplo, operadores de red que nos ayudan a enviar notificaciones o proveedores de servicios de pago que procesan su informaci\u00f3n de pago).   <\/span><\/li><li data-v-52fb2a3a=\"\"><span class=\"normal\" data-v-52fb2a3a=\"\">Comparte tu informaci\u00f3n para proporcionarte los servicios que necesitas o para resolver las disputas entre t\u00fa y otros usuarios.<\/span><\/li><li data-v-52fb2a3a=\"\"><span class=\"normal\" data-v-52fb2a3a=\"\">Su informaci\u00f3n podr\u00e1 ser divulgada a terceros si usted infringe las leyes y regulaciones de China, o los acuerdos con el sitio web de Wosente (incluidos los acuerdos electr\u00f3nicos firmados en l\u00ednea), o las reglas de otras plataformas relacionadas.<\/span><\/li><li data-v-52fb2a3a=\"\"><span class=\"normal\" data-v-52fb2a3a=\"\">Para proteger los derechos legales de nuestro sitio web, sus afiliados y otros usuarios<\/span><\/li><li data-v-52fb2a3a=\"\"><span class=\"normal\" data-v-52fb2a3a=\"\">A medida que continuamos desarrollando nuestro negocio, la informaci\u00f3n de los clientes podr\u00eda transferirse como parte de la operaci\u00f3n en caso de fusiones, adquisiciones o transferencias de activos. Se le notificar\u00e1 antes de cualquier transacci\u00f3n. <\/span><\/li><\/ol>\n\t\t\t\t\t<\/div>\n\t\t\t\t\t\t<\/div>\n\t\t\t\t<\/div>\n\t\t\t\t<div class=\"elementor-element elementor-element-211f028 elementor-widget elementor-widget-pp-divider\" data-id=\"211f028\" data-element_type=\"widget\" data-e-type=\"widget\" data-widget_type=\"pp-divider.default\">\n\t\t\t\t<div class=\"elementor-widget-container\">\n\t\t\t\t\t\t\t<div class=\"pp-divider-wrap\">\n\t\t\t\t\t\t\t<div class=\"pp-divider pp-divider-horizontal horizontal\"><\/div>\n\t\t\t\t\t\t<\/div>    \n\t\t\t\t\t\t<\/div>\n\t\t\t\t<\/div>\n\t\t\t\t<div class=\"elementor-element elementor-element-79ef30a elementor-widget elementor-widget-wd_text_block\" data-id=\"79ef30a\" data-element_type=\"widget\" data-e-type=\"widget\" data-widget_type=\"wd_text_block.default\">\n\t\t\t\t<div class=\"elementor-widget-container\">\n\t\t\t\t\t\t\t<div class=\"wd-text-block reset-last-child text-left\">\n\t\t\t\n\t\t\t<h3><span style=\"color: #00c6b8;\">PROTECCI\u00d3N DE LA INFORMACI\u00d3N<\/span><\/h3><p>Wosente se toma muy en serio la obligaci\u00f3n de proteger tus datos personales mediante medidas de seguridad administrativas, t\u00e9cnicas y program\u00e1ticas. Para evitar su acceso no autorizado, alteraci\u00f3n, divulgaci\u00f3n o p\u00e9rdida. Si tienes alg\u00fan problema con la protecci\u00f3n de tus datos personales, ponte en contacto con <span class=\"wd-list-content list-content\">nosotros por correo electr\u00f3nico: <a href=\"mailto:service@wosente-tech.com\">service@wosente-tech.com<\/a><\/span>  <\/p>\n\t\t\t\t\t<\/div>\n\t\t\t\t\t\t<\/div>\n\t\t\t\t<\/div>\n\t\t\t\t<\/div>\n\t\t\t\t\t<\/div>\n\t\t\t\t<\/div>\n\t\t\t\t<\/div>\n\t\t","protected":false},"excerpt":{"rendered":"<p>Pol\u00edtica de privacidad En Wosente, nos comprometemos a proteger la informaci\u00f3n personal y la privacidad de nuestros clientes. Esta Pol\u00edtica<\/p>\n","protected":false},"author":1,"featured_media":0,"parent":0,"menu_order":0,"comment_status":"closed","ping_status":"closed","template":"","meta":{"footnotes":""},"class_list":["post-32651","page","type-page","status-publish","hentry"],"_links":{"self":[{"href":"https:\/\/shop.wosente-tech.com\/es\/wp-json\/wp\/v2\/pages\/32651","targetHints":{"allow":["GET"]}}],"collection":[{"href":"https:\/\/shop.wosente-tech.com\/es\/wp-json\/wp\/v2\/pages"}],"about":[{"href":"https:\/\/shop.wosente-tech.com\/es\/wp-json\/wp\/v2\/types\/page"}],"author":[{"embeddable":true,"href":"https:\/\/shop.wosente-tech.com\/es\/wp-json\/wp\/v2\/users\/1"}],"replies":[{"embeddable":true,"href":"https:\/\/shop.wosente-tech.com\/es\/wp-json\/wp\/v2\/comments?post=32651"}],"version-history":[{"count":0,"href":"https:\/\/shop.wosente-tech.com\/es\/wp-json\/wp\/v2\/pages\/32651\/revisions"}],"wp:attachment":[{"href":"https:\/\/shop.wosente-tech.com\/es\/wp-json\/wp\/v2\/media?parent=32651"}],"curies":[{"name":"wp","href":"https:\/\/api.w.org\/{rel}","templated":true}]}}