{"id":32640,"date":"2025-06-07T23:14:52","date_gmt":"2025-06-07T15:14:52","guid":{"rendered":"https:\/\/shop.wosente-tech.com\/politica-de-envios\/"},"modified":"2025-11-16T05:31:50","modified_gmt":"2025-11-15T21:31:50","slug":"politica-de-envios","status":"publish","type":"page","link":"https:\/\/shop.wosente-tech.com\/es\/politica-de-envios\/","title":{"rendered":"Pol\u00edtica de env\u00edos"},"content":{"rendered":"\t\t<div data-elementor-type=\"wp-page\" data-elementor-id=\"32640\" class=\"elementor elementor-32640 elementor-30794\" data-elementor-post-type=\"page\">\n\t\t\t\t<div class=\"wd-negative-gap elementor-element elementor-element-7c7c544 e-flex e-con-boxed e-con e-parent\" data-id=\"7c7c544\" data-element_type=\"container\">\n\t\t\t\t\t<div class=\"e-con-inner\">\n\t\t<div class=\"elementor-element elementor-element-97d6084 e-con-full e-flex e-con e-child\" data-id=\"97d6084\" data-element_type=\"container\">\n\t\t\t\t<div class=\"elementor-element elementor-element-98d830b wd-width-100 elementor-widget elementor-widget-wd_title\" data-id=\"98d830b\" data-element_type=\"widget\" data-widget_type=\"wd_title.default\">\n\t\t\t\t<div class=\"elementor-widget-container\">\n\t\t\t\t\t\t\t<div class=\"title-wrapper wd-set-mb reset-last-child wd-title-color-primary wd-title-style-default wd-title-size-large text-left\">\n\n\t\t\t\n\t\t\t<div class=\"liner-continer\">\n\t\t\t\t<h4 class=\"woodmart-title-container title wd-fontsize-xxl\">Pol\u00edtica de env\u00edos<br \/>\n<\/h4> \n\t\t\t\t\t\t\t<\/div>\n\n\t\t\t\t\t<\/div>\n\t\t\t\t\t\t<\/div>\n\t\t\t\t<\/div>\n\t\t\t\t<div class=\"elementor-element elementor-element-21949a4 elementor-widget elementor-widget-wd_text_block\" data-id=\"21949a4\" data-element_type=\"widget\" data-widget_type=\"wd_text_block.default\">\n\t\t\t\t<div class=\"elementor-widget-container\">\n\t\t\t\t\t\t\t<div class=\"wd-text-block reset-last-child text-left\">\n\t\t\t\n\t\t\t<h3><span style=\"color: #00c6b8;\">1. M\u00c9TODO DE ENV\u00cdO<\/span><\/h3><ul><li>EDB para productos de bater\u00edas<\/li><li>FEDEX para productos l\u00edquidos o en polvo<\/li><li>DHL o UPS para otros productos<\/li><\/ul>\n\t\t\t\t\t<\/div>\n\t\t\t\t\t\t<\/div>\n\t\t\t\t<\/div>\n\t\t\t\t<div class=\"elementor-element elementor-element-845d834 elementor-widget elementor-widget-pp-divider\" data-id=\"845d834\" data-element_type=\"widget\" data-widget_type=\"pp-divider.default\">\n\t\t\t\t<div class=\"elementor-widget-container\">\n\t\t\t\t\t\t\t<div class=\"pp-divider-wrap\">\n\t\t\t\t\t\t\t<div class=\"pp-divider pp-divider-horizontal horizontal\"><\/div>\n\t\t\t\t\t\t<\/div>    \n\t\t\t\t\t\t<\/div>\n\t\t\t\t<\/div>\n\t\t\t\t<div class=\"elementor-element elementor-element-dd7110e elementor-widget elementor-widget-wd_text_block\" data-id=\"dd7110e\" data-element_type=\"widget\" data-widget_type=\"wd_text_block.default\">\n\t\t\t\t<div class=\"elementor-widget-container\">\n\t\t\t\t\t\t\t<div class=\"wd-text-block reset-last-child text-left\">\n\t\t\t\n\t\t\t<h3><span style=\"color: #00c6b8;\">2. OPCIONES DE ENV\u00cdO<\/span><\/h3><p>2.1 DHL<br>El plazo de entrega es de 3 a 7 d\u00edas h\u00e1biles, sin incluir el d\u00eda de recogida. El cliente es responsable del despacho de aduanas cuando la mercanc\u00eda llegue a la aduana local. Tras el despacho, el env\u00edo se entregar\u00e1 a DHL para su entrega final.<br>Una vez que DHL recoja el paquete, no se podr\u00e1 modificar la informaci\u00f3n del destinatario ni interceptarlo.<br>Para garantizar una entrega sin problemas, aseg\u00farese de que la direcci\u00f3n y el n\u00famero de tel\u00e9fono del destinatario sean correctos y est\u00e9n disponibles.  <\/p><p>2.2 UPS<br>El plazo de entrega es de 3 a 7 d\u00edas h\u00e1biles, sin incluir el d\u00eda de recogida. El cliente es responsable del despacho de aduanas una vez que la mercanc\u00eda llegue a la aduana local. Tras el despacho, el env\u00edo se entregar\u00e1 a UPS para su entrega final. <\/p><p>Una vez que UPS recoge el paquete, no se pueden realizar cambios en la informaci\u00f3n del destinatario y no se permite la interceptaci\u00f3n del paquete.<\/p><p>Para garantizar una entrega sin problemas, aseg\u00farese de que la direcci\u00f3n y el n\u00famero de contacto del destinatario sean correctos y est\u00e9n disponibles.<\/p>\n\t\t\t\t\t<\/div>\n\t\t\t\t\t\t<\/div>\n\t\t\t\t<\/div>\n\t\t\t\t<div class=\"elementor-element elementor-element-306a6e8 elementor-widget elementor-widget-pp-divider\" data-id=\"306a6e8\" data-element_type=\"widget\" data-widget_type=\"pp-divider.default\">\n\t\t\t\t<div class=\"elementor-widget-container\">\n\t\t\t\t\t\t\t<div class=\"pp-divider-wrap\">\n\t\t\t\t\t\t\t<div class=\"pp-divider pp-divider-horizontal horizontal\"><\/div>\n\t\t\t\t\t\t<\/div>    \n\t\t\t\t\t\t<\/div>\n\t\t\t\t<\/div>\n\t\t\t\t<div class=\"elementor-element elementor-element-a691850 elementor-widget elementor-widget-wd_text_block\" data-id=\"a691850\" data-element_type=\"widget\" data-widget_type=\"wd_text_block.default\">\n\t\t\t\t<div class=\"elementor-widget-container\">\n\t\t\t\t\t\t\t<div class=\"wd-text-block reset-last-child text-left\">\n\t\t\t\n\t\t\t<h3><span style=\"color: #00c6b8;\">3. GASTOS DE ENV\u00cdO<\/span><\/h3><div><div>3.1 DHL<\/div><div>Los gastos de env\u00edo se calculan en funci\u00f3n del peso real o del peso volum\u00e9trico, el que sea mayor.<\/div><div>F\u00f3rmula del peso volum\u00e9trico (kg): Largo (cm) \u00d7 Ancho (cm) \u00d7 Alto (cm) \u00f7 5000<\/div><br><div>Recargos:<\/div><div>Recargo por zona remota: Se basa en el peso del env\u00edo; m\u00ednimo de 258 yenes por env\u00edo o 3,5 yenes\/kg, lo que sea mayor. Recargo por pieza de gran tama\u00f1o: 900 yenes por env\u00edo. Se aplica a cualquier pieza con un peso real \u226570 kg o cualquier dimensi\u00f3n \u2265120 cm. <\/div><br><div>3.2 UPS<\/div><div>Shipping charges are calculated based on actual weight or volumetric weight, whichever is greater.<\/div><div>Volumetric weight (kg) formula: Length(cm) \u00d7 Width(cm) \u00d7 Height(cm) \u00f7 5,000 For multiple-piece shipments: Charges are based on the greater of each package\u2019s actual or dimensional weight (rounded to the nearest whole cm).<\/div><br><div>Recargos:<\/div><div>Remote Area Surcharge: Based on shipment weight; minimum \u00a5226 per shipment or \u00a54.5\/kg, whichever is greater<\/div><\/div>\n\t\t\t\t\t<\/div>\n\t\t\t\t\t\t<\/div>\n\t\t\t\t<\/div>\n\t\t\t\t<div class=\"elementor-element elementor-element-49a2ec4 elementor-widget elementor-widget-pp-divider\" data-id=\"49a2ec4\" data-element_type=\"widget\" data-widget_type=\"pp-divider.default\">\n\t\t\t\t<div class=\"elementor-widget-container\">\n\t\t\t\t\t\t\t<div class=\"pp-divider-wrap\">\n\t\t\t\t\t\t\t<div class=\"pp-divider pp-divider-horizontal horizontal\"><\/div>\n\t\t\t\t\t\t<\/div>    \n\t\t\t\t\t\t<\/div>\n\t\t\t\t<\/div>\n\t\t\t\t<div class=\"elementor-element elementor-element-fb52351 elementor-widget elementor-widget-wd_text_block\" data-id=\"fb52351\" data-element_type=\"widget\" data-widget_type=\"wd_text_block.default\">\n\t\t\t\t<div class=\"elementor-widget-container\">\n\t\t\t\t\t\t\t<div class=\"wd-text-block reset-last-child text-left\">\n\t\t\t\n\t\t\t<h3><span style=\"color: #00c6b8;\">4. ENTREGA DEL ENV\u00cdO<\/span><\/h3>\n<div class=\"line24 c6 size14\" data-v-0a5e70c1=\"\">\n<div class=\"size14\" data-v-7acfc7d9=\"\">\n<div class=\"pad-b10\" data-v-7acfc7d9=\"\">\n<p class=\"sub-title bold pad-b10 c5 margin-t20\" data-v-7acfc7d9=\"\">4.1 DHL \/ UPS<\/p>\n<div data-v-7acfc7d9=\"\">\n<p class=\"line24 size15 c6\" data-v-7acfc7d9=\"\">Si el embalaje exterior est\u00e1 significativamente da\u00f1ado al recibirlo:<\/p>\n<ul class=\"content-ul\" data-v-7acfc7d9=\"\">\n<li class=\"c6 line24\" data-v-7acfc7d9=\"\">Puede negarse a aceptar el paquete.<\/li>\n<li class=\"c6 line24\" data-v-7acfc7d9=\"\">O bien, ac\u00e9ptelo, tome fotos claras e informe del problema a la oficina local de DHL\/UPS para obtener un n\u00famero de caso.<\/li>\n<li class=\"c6 line24\" data-v-7acfc7d9=\"\">Proporcione el n\u00famero de caso al remitente, quien luego iniciar\u00e1 una reclamaci\u00f3n con DHL\/UPS.<\/li>\n<\/ul>\n<\/div>\n<\/div>\n<\/div>\n<\/div>\n\n\t\t\t\t\t<\/div>\n\t\t\t\t\t\t<\/div>\n\t\t\t\t<\/div>\n\t\t\t\t<div class=\"elementor-element elementor-element-30c7853 elementor-widget elementor-widget-pp-divider\" data-id=\"30c7853\" data-element_type=\"widget\" data-widget_type=\"pp-divider.default\">\n\t\t\t\t<div class=\"elementor-widget-container\">\n\t\t\t\t\t\t\t<div class=\"pp-divider-wrap\">\n\t\t\t\t\t\t\t<div class=\"pp-divider pp-divider-horizontal horizontal\"><\/div>\n\t\t\t\t\t\t<\/div>    \n\t\t\t\t\t\t<\/div>\n\t\t\t\t<\/div>\n\t\t\t\t<div class=\"elementor-element elementor-element-a9521cb elementor-widget elementor-widget-wd_text_block\" data-id=\"a9521cb\" data-element_type=\"widget\" data-widget_type=\"wd_text_block.default\">\n\t\t\t\t<div class=\"elementor-widget-container\">\n\t\t\t\t\t\t\t<div class=\"wd-text-block reset-last-child text-left\">\n\t\t\t\n\t\t\t<h3><span style=\"color: #00c6b8;\">5. INDEMNIZACI\u00d3N Y SEGURO<\/span><\/h3>\n<div class=\"line24 c6 size14\" data-v-0a5e70c1=\"\">\n<div class=\"size14\" data-v-7acfc7d9=\"\">\n<div class=\"pad-b10\" data-v-7acfc7d9=\"\">\n<p class=\"sub-title bold pad-b10 c5 margin-t20\" data-v-7acfc7d9=\"\">5.1 DHL<\/p>\n<div data-v-7acfc7d9=\"\">\n<ul class=\"content-ul\" data-v-7acfc7d9=\"\">\n<li class=\"c6 line24\" data-v-7acfc7d9=\"\">Si DHL no ha recogido el env\u00edo: la compensaci\u00f3n se basar\u00e1 en el valor real del art\u00edculo.<\/li>\n<li class=\"c6 line24\" data-v-7acfc7d9=\"\">If the shipment has been picked up: compensation will be shipping cost + USD 100<\/li>\n<\/ul>\n<\/div>\n<\/div>\n<div class=\"pad-b10\" data-v-7acfc7d9=\"\">\n<p class=\"sub-title bold pad-b10 c5 margin-t20\" data-v-7acfc7d9=\"\">5.2 UPS<\/p>\n<div data-v-7acfc7d9=\"\">\n<ul class=\"content-ul\" data-v-7acfc7d9=\"\">\n<li class=\"c6 line24\" data-v-7acfc7d9=\"\">Si UPS no ha recogido el env\u00edo: la compensaci\u00f3n se basar\u00e1 en el valor real del art\u00edculo.<\/li>\n<li class=\"c6 line24\" data-v-7acfc7d9=\"\">Si el env\u00edo ya ha sido recogido: la compensaci\u00f3n ser\u00e1 de solo 100 USD, el costo del env\u00edo no es reembolsable.<\/li>\n<\/ul>\n<\/div>\n<\/div>\n<\/div>\n<\/div>\n\n\t\t\t\t\t<\/div>\n\t\t\t\t\t\t<\/div>\n\t\t\t\t<\/div>\n\t\t\t\t<div class=\"elementor-element elementor-element-c41ada4 elementor-widget elementor-widget-pp-divider\" data-id=\"c41ada4\" data-element_type=\"widget\" data-widget_type=\"pp-divider.default\">\n\t\t\t\t<div class=\"elementor-widget-container\">\n\t\t\t\t\t\t\t<div class=\"pp-divider-wrap\">\n\t\t\t\t\t\t\t<div class=\"pp-divider pp-divider-horizontal horizontal\"><\/div>\n\t\t\t\t\t\t<\/div>    \n\t\t\t\t\t\t<\/div>\n\t\t\t\t<\/div>\n\t\t\t\t<div class=\"elementor-element elementor-element-d4d6113 elementor-widget elementor-widget-wd_text_block\" data-id=\"d4d6113\" data-element_type=\"widget\" data-widget_type=\"wd_text_block.default\">\n\t\t\t\t<div class=\"elementor-widget-container\">\n\t\t\t\t\t\t\t<div class=\"wd-text-block reset-last-child text-left\">\n\t\t\t\n\t\t\t<h3><span style=\"color: #00c6b8;\">6. AVISO<\/span><\/h3>\n<div class=\"line24 c6 size14\" data-v-0a5e70c1=\"\">\n<div class=\"size14\" data-v-7acfc7d9=\"\">\n<div class=\"pad-b10\" data-v-7acfc7d9=\"\">\n<div data-v-7acfc7d9=\"\">\n<p class=\"line24 size15 c6\" data-v-7acfc7d9=\"\"><b>6.1<\/b> Los env\u00edos sujetos a inspecciones aduaneras o del gobierno de Hong Kong pueden sufrir retrasos de 1 a 2 d\u00edas h\u00e1biles.<\/p>\n<\/div>\n<\/div>\n<div class=\"pad-b10\" data-v-7acfc7d9=\"\">\n<div data-v-7acfc7d9=\"\">\n<p class=\"line24 size15 c6\" data-v-7acfc7d9=\"\"><b>6.2<\/b> Los env\u00edos con informaci\u00f3n de factura incorrecta (por ejemplo, c\u00f3digo postal err\u00f3neo, demasiados nombres de productos) pueden sufrir un retraso de 1 d\u00eda laborable.<\/p>\n<\/div>\n<\/div>\n<div class=\"pad-b10\" data-v-7acfc7d9=\"\">\n<div data-v-7acfc7d9=\"\">\n<p class=\"line24 size15 c6\" data-v-7acfc7d9=\"\"><b>6.3<\/b> Los retrasos en los env\u00edos durante los per\u00edodos de mayor demanda depender\u00e1n de la situaci\u00f3n real.<\/p>\n<\/div>\n<\/div>\n<div class=\"pad-b10\" data-v-7acfc7d9=\"\">\n<p class=\"sub-title bold pad-b10 c5 margin-t20\" data-v-7acfc7d9=\"\">6.4 Tarifas de intercepci\u00f3n<\/p>\n<div data-v-7acfc7d9=\"\">\n<ul class=\"content-ul\" data-v-7acfc7d9=\"\">\n<li class=\"c6 line24\" data-v-7acfc7d9=\"\">Si el env\u00edo no ha sido recogido en Hong Kong, se podr\u00e1 solicitar su interceptaci\u00f3n con un coste de 250 yenes por env\u00edo (no reembolsable, \u00e9xito no garantizado).<\/li>\n<li class=\"c6 line24\" data-v-7acfc7d9=\"\">Si la intercepci\u00f3n tiene \u00e9xito y se requiere una segunda entrega, se cobrar\u00e1 una tarifa de gesti\u00f3n adicional de 100 yenes.<\/li>\n<li class=\"c6 line24\" data-v-7acfc7d9=\"\">Si el env\u00edo ya ha sido recogido, la intercepci\u00f3n y los cambios en la informaci\u00f3n del destinatario solo se pueden solicitar si el destinatario ha rechazado el paquete o si la entrega falla.<\/li>\n<\/ul>\n<\/div>\n<\/div>\n<\/div>\n<\/div>\n\n\t\t\t\t\t<\/div>\n\t\t\t\t\t\t<\/div>\n\t\t\t\t<\/div>\n\t\t\t\t<\/div>\n\t\t\t\t\t<\/div>\n\t\t\t\t<\/div>\n\t\t\t\t<\/div>\n\t\t","protected":false},"excerpt":{"rendered":"<p>Pol\u00edtica de env\u00edos 1. M\u00c9TODO DE ENV\u00cdO EDB para productos de bater\u00edas FEDEX para productos l\u00edquidos o en polvo DHL<\/p>\n","protected":false},"author":1,"featured_media":0,"parent":0,"menu_order":0,"comment_status":"closed","ping_status":"closed","template":"","meta":{"footnotes":""},"class_list":["post-32640","page","type-page","status-publish","hentry"],"_links":{"self":[{"href":"https:\/\/shop.wosente-tech.com\/es\/wp-json\/wp\/v2\/pages\/32640","targetHints":{"allow":["GET"]}}],"collection":[{"href":"https:\/\/shop.wosente-tech.com\/es\/wp-json\/wp\/v2\/pages"}],"about":[{"href":"https:\/\/shop.wosente-tech.com\/es\/wp-json\/wp\/v2\/types\/page"}],"author":[{"embeddable":true,"href":"https:\/\/shop.wosente-tech.com\/es\/wp-json\/wp\/v2\/users\/1"}],"replies":[{"embeddable":true,"href":"https:\/\/shop.wosente-tech.com\/es\/wp-json\/wp\/v2\/comments?post=32640"}],"version-history":[{"count":0,"href":"https:\/\/shop.wosente-tech.com\/es\/wp-json\/wp\/v2\/pages\/32640\/revisions"}],"wp:attachment":[{"href":"https:\/\/shop.wosente-tech.com\/es\/wp-json\/wp\/v2\/media?parent=32640"}],"curies":[{"name":"wp","href":"https:\/\/api.w.org\/{rel}","templated":true}]}}