{"id":32583,"date":"2025-06-07T23:20:50","date_gmt":"2025-06-07T15:20:50","guid":{"rendered":"https:\/\/shop.wosente-tech.com\/ioss\/"},"modified":"2025-11-20T11:11:38","modified_gmt":"2025-11-20T03:11:38","slug":"ioss","status":"publish","type":"page","link":"https:\/\/shop.wosente-tech.com\/es\/ioss\/","title":{"rendered":"IOSS"},"content":{"rendered":"\t\t<div data-elementor-type=\"wp-page\" data-elementor-id=\"32583\" class=\"elementor elementor-32583 elementor-30802\" data-elementor-post-type=\"page\">\n\t\t\t\t<div class=\"wd-negative-gap elementor-element elementor-element-7c7c544 e-flex e-con-boxed e-con e-parent\" data-id=\"7c7c544\" data-element_type=\"container\">\n\t\t\t\t\t<div class=\"e-con-inner\">\n\t\t<div class=\"elementor-element elementor-element-97d6084 e-con-full e-flex e-con e-child\" data-id=\"97d6084\" data-element_type=\"container\">\n\t\t\t\t<div class=\"elementor-element elementor-element-98d830b wd-width-100 elementor-widget elementor-widget-wd_title\" data-id=\"98d830b\" data-element_type=\"widget\" data-widget_type=\"wd_title.default\">\n\t\t\t\t<div class=\"elementor-widget-container\">\n\t\t\t\t\t\t\t<div class=\"title-wrapper wd-set-mb reset-last-child wd-title-color-primary wd-title-style-default wd-title-size-large text-left\">\n\n\t\t\t\n\t\t\t<div class=\"liner-continer\">\n\t\t\t\t<h4 class=\"woodmart-title-container title wd-fontsize-xxl\">TODO LO QUE NECESITA SABER SOBRE LA TIENDA INTEGRAL DE IMPORTACIONES (IOSS) DE Wosente-tech SHOP<br \/>\n<\/h4> \n\t\t\t\t\t\t\t<\/div>\n\n\t\t\t\t\t<\/div>\n\t\t\t\t\t\t<\/div>\n\t\t\t\t<\/div>\n\t\t\t\t<div class=\"elementor-element elementor-element-66e47ad elementor-widget elementor-widget-wd_text_block\" data-id=\"66e47ad\" data-element_type=\"widget\" data-widget_type=\"wd_text_block.default\">\n\t\t\t\t<div class=\"elementor-widget-container\">\n\t\t\t\t\t\t\t<div class=\"wd-text-block reset-last-child text-left\">\n\t\t\t\n\t\t\t<div class=\"wholesale thyme-color\" data-v-d47d8e28=\"\">\n<div class=\"common-main clearfix\" data-v-d47d8e28=\"\">\n<div class=\"fr wholesale-main border-e4 bg-white box-shadow-ee\" data-v-d47d8e28=\"\">\n<div class=\"ioss nuxt\" data-v-9de262a8=\"\" data-v-d47d8e28=\"\">\n<div class=\"IossTop\" data-v-7ccd39a4=\"\" data-v-9de262a8=\"\">\n<p class=\"line30 color-66 margin-b10 \" data-v-7ccd39a4=\"\">A partir del 1 de julio de 2021, todos los productos importados a la UE estar\u00e1n sujetos al IVA, que solo se aplicar\u00e1 a los pedidos realizados por compradores de la UE cuyos productos tengan un valor superior a 22 \u20ac pero inferior a 150 \u20ac. Los productos importados cuyo valor no supere los 22 \u20ac estar\u00e1n exentos del impuesto sobre el valor a\u00f1adido (IVA). <\/p>\n<p class=\"line30 color-66 margin-b10 \" data-v-7ccd39a4=\"\">La Ventanilla \u00danica de Importaci\u00f3n (VUGI) se cre\u00f3 para facilitar y simplificar la recaudaci\u00f3n, declaraci\u00f3n y pago del IVA de los bienes importados vendidos por vendedores distantes.<\/p>\n<p class=\"line30 color-66 margin-b10 \" data-v-7ccd39a4=\"\">Wosente-tech Shop ha dejado de cobrar el IVA en los pedidos realizados desde pa\u00edses y territorios de la UE. Esto significa que los compradores de la UE deber\u00e1n abonar los gastos de aduana al importar la mercanc\u00eda a sus pa\u00edses. Adem\u00e1s, Wosente-tech no se hace responsable de ning\u00fan cargo derivado del impago del IVA. <\/p>\n<p class=\"line30 color-66\" data-v-7ccd39a4=\"\">Gracias por su compra en Wosente-tech Shop. A continuaci\u00f3n, encontrar\u00e1 los datos del IVA de la UE:<\/p>\n<\/div>\n<div class=\"IossTable\" data-v-071c8ade=\"\" data-v-9de262a8=\"\">\n<div class=\"el-table el-table--fit el-table--striped el-table--enable-row-hover el-table--enable-row-transition el-table--medium\" data-v-071c8ade=\"\">\n<div class=\"hidden-columns\">\n<div data-v-071c8ade=\"\"><\/div>\n<div data-v-071c8ade=\"\"><\/div>\n<div data-v-071c8ade=\"\"><\/div>\n<\/div>\n<div class=\"el-table__header-wrapper\">\n<table class=\"el-table__header\" border=\"0\" cellspacing=\"0\" cellpadding=\"0\">\n<colgroup>\n<col width=\"341\">\n<col width=\"340\">\n<col width=\"340\">\n<col width=\"0\"><\/colgroup>\n<thead class=\"has-gutter\">\n<tr class=\"table-head\">\n<th class=\"el-table_1_column_1 is-leaf\" colspan=\"1\" rowspan=\"1\">\n<div class=\"cell\">NO.<\/div>\n<\/th>\n<th class=\"el-table_1_column_2 is-leaf\" colspan=\"1\" rowspan=\"1\">\n<div class=\"cell\">COUNTRY<\/div>\n<\/th>\n<th class=\"el-table_1_column_3 is-leaf\" colspan=\"1\" rowspan=\"1\">\n<div class=\"cell\">TINA<\/div>\n<\/th>\n<\/tr>\n<\/thead>\n<\/table>\n<\/div>\n<div class=\"el-table__body-wrapper is-scrolling-none\">\n<table class=\"el-table__body\" border=\"0\" cellspacing=\"0\" cellpadding=\"0\">\n<colgroup>\n<col width=\"341\">\n<col width=\"340\">\n<col width=\"340\"><\/colgroup>\n<tbody>\n<tr class=\"el-table__row\">\n<td class=\"el-table_1_column_1 \" colspan=\"1\" rowspan=\"1\">\n<div class=\"cell\">1<\/div>\n<\/td>\n<td class=\"el-table_1_column_2 \" colspan=\"1\" rowspan=\"1\">\n<div class=\"cell\">Austria<\/div>\n<\/td>\n<td class=\"el-table_1_column_3 \" colspan=\"1\" rowspan=\"1\">\n<div class=\"cell\">20%<\/div>\n<\/td>\n<\/tr>\n<tr class=\"el-table__row el-table__row--striped\">\n<td class=\"el-table_1_column_1 \" colspan=\"1\" rowspan=\"1\">\n<div class=\"cell\">2<\/div>\n<\/td>\n<td class=\"el-table_1_column_2 \" colspan=\"1\" rowspan=\"1\">\n<div class=\"cell\">B\u00e9lgica<\/div>\n<\/td>\n<td class=\"el-table_1_column_3 \" colspan=\"1\" rowspan=\"1\">\n<div class=\"cell\">21%<\/div>\n<\/td>\n<\/tr>\n<tr class=\"el-table__row\">\n<td class=\"el-table_1_column_1 \" colspan=\"1\" rowspan=\"1\">\n<div class=\"cell\">3<\/div>\n<\/td>\n<td class=\"el-table_1_column_2 \" colspan=\"1\" rowspan=\"1\">\n<div class=\"cell\">Bulgaria<\/div>\n<\/td>\n<td class=\"el-table_1_column_3 \" colspan=\"1\" rowspan=\"1\">\n<div class=\"cell\">20%<\/div>\n<\/td>\n<\/tr>\n<tr class=\"el-table__row el-table__row--striped\">\n<td class=\"el-table_1_column_1 \" colspan=\"1\" rowspan=\"1\">\n<div class=\"cell\">4<\/div>\n<\/td>\n<td class=\"el-table_1_column_2 \" colspan=\"1\" rowspan=\"1\">\n<div class=\"cell\">Croacia<\/div>\n<\/td>\n<td class=\"el-table_1_column_3 \" colspan=\"1\" rowspan=\"1\">\n<div class=\"cell\">25%<\/div>\n<\/td>\n<\/tr>\n<tr class=\"el-table__row\">\n<td class=\"el-table_1_column_1 \" colspan=\"1\" rowspan=\"1\">\n<div class=\"cell\">5<\/div>\n<\/td>\n<td class=\"el-table_1_column_2 \" colspan=\"1\" rowspan=\"1\">\n<div class=\"cell\">Chipre<\/div>\n<\/td>\n<td class=\"el-table_1_column_3 \" colspan=\"1\" rowspan=\"1\">\n<div class=\"cell\">19%<\/div>\n<\/td>\n<\/tr>\n<tr class=\"el-table__row el-table__row--striped\">\n<td class=\"el-table_1_column_1 \" colspan=\"1\" rowspan=\"1\">\n<div class=\"cell\">6<\/div>\n<\/td>\n<td class=\"el-table_1_column_2 \" colspan=\"1\" rowspan=\"1\">\n<div class=\"cell\">Rep\u00fablica Checa<\/div>\n<\/td>\n<td class=\"el-table_1_column_3 \" colspan=\"1\" rowspan=\"1\">\n<div class=\"cell\">21%<\/div>\n<\/td>\n<\/tr>\n<tr class=\"el-table__row\">\n<td class=\"el-table_1_column_1 \" colspan=\"1\" rowspan=\"1\">\n<div class=\"cell\">7<\/div>\n<\/td>\n<td class=\"el-table_1_column_2 \" colspan=\"1\" rowspan=\"1\">\n<div class=\"cell\">Dinamarca<\/div>\n<\/td>\n<td class=\"el-table_1_column_3 \" colspan=\"1\" rowspan=\"1\">\n<div class=\"cell\">25%<\/div>\n<\/td>\n<\/tr>\n<tr class=\"el-table__row el-table__row--striped\">\n<td class=\"el-table_1_column_1 \" colspan=\"1\" rowspan=\"1\">\n<div class=\"cell\">8<\/div>\n<\/td>\n<td class=\"el-table_1_column_2 \" colspan=\"1\" rowspan=\"1\">\n<div class=\"cell\">Estonia<\/div>\n<\/td>\n<td class=\"el-table_1_column_3 \" colspan=\"1\" rowspan=\"1\">\n<div class=\"cell\">20%<\/div>\n<\/td>\n<\/tr>\n<tr class=\"el-table__row\">\n<td class=\"el-table_1_column_1 \" colspan=\"1\" rowspan=\"1\">\n<div class=\"cell\">9<\/div>\n<\/td>\n<td class=\"el-table_1_column_2 \" colspan=\"1\" rowspan=\"1\">\n<div class=\"cell\">Finland<\/div>\n<\/td>\n<td class=\"el-table_1_column_3 \" colspan=\"1\" rowspan=\"1\">\n<div class=\"cell\">24%<\/div>\n<\/td>\n<\/tr>\n<tr class=\"el-table__row el-table__row--striped\">\n<td class=\"el-table_1_column_1 \" colspan=\"1\" rowspan=\"1\">\n<div class=\"cell\">10<\/div>\n<\/td>\n<td class=\"el-table_1_column_2 \" colspan=\"1\" rowspan=\"1\">\n<div class=\"cell\">Francia<\/div>\n<\/td>\n<td class=\"el-table_1_column_3 \" colspan=\"1\" rowspan=\"1\">\n<div class=\"cell\">20%<\/div>\n<\/td>\n<\/tr>\n<tr class=\"el-table__row\">\n<td class=\"el-table_1_column_1 \" colspan=\"1\" rowspan=\"1\">\n<div class=\"cell\">11<\/div>\n<\/td>\n<td class=\"el-table_1_column_2 \" colspan=\"1\" rowspan=\"1\">\n<div class=\"cell\">Germany<\/div>\n<\/td>\n<td class=\"el-table_1_column_3 \" colspan=\"1\" rowspan=\"1\">\n<div class=\"cell\">19%<\/div>\n<\/td>\n<\/tr>\n<tr class=\"el-table__row el-table__row--striped\">\n<td class=\"el-table_1_column_1 \" colspan=\"1\" rowspan=\"1\">\n<div class=\"cell\">12<\/div>\n<\/td>\n<td class=\"el-table_1_column_2 \" colspan=\"1\" rowspan=\"1\">\n<div class=\"cell\">Grecia<\/div>\n<\/td>\n<td class=\"el-table_1_column_3 \" colspan=\"1\" rowspan=\"1\">\n<div class=\"cell\">24%<\/div>\n<\/td>\n<\/tr>\n<tr class=\"el-table__row\">\n<td class=\"el-table_1_column_1 \" colspan=\"1\" rowspan=\"1\">\n<div class=\"cell\">13<\/div>\n<\/td>\n<td class=\"el-table_1_column_2 \" colspan=\"1\" rowspan=\"1\">\n<div class=\"cell\">Hungr\u00eda<\/div>\n<\/td>\n<td class=\"el-table_1_column_3 \" colspan=\"1\" rowspan=\"1\">\n<div class=\"cell\">27%<\/div>\n<\/td>\n<\/tr>\n<tr class=\"el-table__row el-table__row--striped\">\n<td class=\"el-table_1_column_1 \" colspan=\"1\" rowspan=\"1\">\n<div class=\"cell\">14<\/div>\n<\/td>\n<td class=\"el-table_1_column_2 \" colspan=\"1\" rowspan=\"1\">\n<div class=\"cell\">Irlanda<\/div>\n<\/td>\n<td class=\"el-table_1_column_3 \" colspan=\"1\" rowspan=\"1\">\n<div class=\"cell\">23%<\/div>\n<\/td>\n<\/tr>\n<tr class=\"el-table__row\">\n<td class=\"el-table_1_column_1 \" colspan=\"1\" rowspan=\"1\">\n<div class=\"cell\">15<\/div>\n<\/td>\n<td class=\"el-table_1_column_2 \" colspan=\"1\" rowspan=\"1\">\n<div class=\"cell\">Italy<\/div>\n<\/td>\n<td class=\"el-table_1_column_3 \" colspan=\"1\" rowspan=\"1\">\n<div class=\"cell\">22%<\/div>\n<\/td>\n<\/tr>\n<tr class=\"el-table__row el-table__row--striped\">\n<td class=\"el-table_1_column_1 \" colspan=\"1\" rowspan=\"1\">\n<div class=\"cell\">16<\/div>\n<\/td>\n<td class=\"el-table_1_column_2 \" colspan=\"1\" rowspan=\"1\">\n<div class=\"cell\">Latvia<\/div>\n<\/td>\n<td class=\"el-table_1_column_3 \" colspan=\"1\" rowspan=\"1\">\n<div class=\"cell\">21%<\/div>\n<\/td>\n<\/tr>\n<tr class=\"el-table__row\">\n<td class=\"el-table_1_column_1 \" colspan=\"1\" rowspan=\"1\">\n<div class=\"cell\">17<\/div>\n<\/td>\n<td class=\"el-table_1_column_2 \" colspan=\"1\" rowspan=\"1\">\n<div class=\"cell\">Lithuania<\/div>\n<\/td>\n<td class=\"el-table_1_column_3 \" colspan=\"1\" rowspan=\"1\">\n<div class=\"cell\">21%<\/div>\n<\/td>\n<\/tr>\n<tr class=\"el-table__row el-table__row--striped\">\n<td class=\"el-table_1_column_1 \" colspan=\"1\" rowspan=\"1\">\n<div class=\"cell\">18<\/div>\n<\/td>\n<td class=\"el-table_1_column_2 \" colspan=\"1\" rowspan=\"1\">\n<div class=\"cell\">Luxemburgo<\/div>\n<\/td>\n<td class=\"el-table_1_column_3 \" colspan=\"1\" rowspan=\"1\">\n<div class=\"cell\">17%<\/div>\n<\/td>\n<\/tr>\n<tr class=\"el-table__row\">\n<td class=\"el-table_1_column_1 \" colspan=\"1\" rowspan=\"1\">\n<div class=\"cell\">19<\/div>\n<\/td>\n<td class=\"el-table_1_column_2 \" colspan=\"1\" rowspan=\"1\">\n<div class=\"cell\">Malta<\/div>\n<\/td>\n<td class=\"el-table_1_column_3 \" colspan=\"1\" rowspan=\"1\">\n<div class=\"cell\">18%<\/div>\n<\/td>\n<\/tr>\n<tr class=\"el-table__row el-table__row--striped\">\n<td class=\"el-table_1_column_1 \" colspan=\"1\" rowspan=\"1\">\n<div class=\"cell\">20<\/div>\n<\/td>\n<td class=\"el-table_1_column_2 \" colspan=\"1\" rowspan=\"1\">\n<div class=\"cell\">Netherlands<\/div>\n<\/td>\n<td class=\"el-table_1_column_3 \" colspan=\"1\" rowspan=\"1\">\n<div class=\"cell\">21%<\/div>\n<\/td>\n<\/tr>\n<tr class=\"el-table__row\">\n<td class=\"el-table_1_column_1 \" colspan=\"1\" rowspan=\"1\">\n<div class=\"cell\">21<\/div>\n<\/td>\n<td class=\"el-table_1_column_2 \" colspan=\"1\" rowspan=\"1\">\n<div class=\"cell\">Polonia<\/div>\n<\/td>\n<td class=\"el-table_1_column_3 \" colspan=\"1\" rowspan=\"1\">\n<div class=\"cell\">23%<\/div>\n<\/td>\n<\/tr>\n<tr class=\"el-table__row el-table__row--striped\">\n<td class=\"el-table_1_column_1 \" colspan=\"1\" rowspan=\"1\">\n<div class=\"cell\">22<\/div>\n<\/td>\n<td class=\"el-table_1_column_2 \" colspan=\"1\" rowspan=\"1\">\n<div class=\"cell\">Portugal<\/div>\n<\/td>\n<td class=\"el-table_1_column_3 \" colspan=\"1\" rowspan=\"1\">\n<div class=\"cell\">23%<\/div>\n<\/td>\n<\/tr>\n<tr class=\"el-table__row\">\n<td class=\"el-table_1_column_1 \" colspan=\"1\" rowspan=\"1\">\n<div class=\"cell\">23<\/div>\n<\/td>\n<td class=\"el-table_1_column_2 \" colspan=\"1\" rowspan=\"1\">\n<div class=\"cell\">Rumania<\/div>\n<\/td>\n<td class=\"el-table_1_column_3 \" colspan=\"1\" rowspan=\"1\">\n<div class=\"cell\">19%<\/div>\n<\/td>\n<\/tr>\n<tr class=\"el-table__row el-table__row--striped\">\n<td class=\"el-table_1_column_1 \" colspan=\"1\" rowspan=\"1\">\n<div class=\"cell\">24<\/div>\n<\/td>\n<td class=\"el-table_1_column_2 \" colspan=\"1\" rowspan=\"1\">\n<div class=\"cell\">Eslovaquia<\/div>\n<\/td>\n<td class=\"el-table_1_column_3 \" colspan=\"1\" rowspan=\"1\">\n<div class=\"cell\">20%<\/div>\n<\/td>\n<\/tr>\n<tr class=\"el-table__row\">\n<td class=\"el-table_1_column_1 \" colspan=\"1\" rowspan=\"1\">\n<div class=\"cell\">25<\/div>\n<\/td>\n<td class=\"el-table_1_column_2 \" colspan=\"1\" rowspan=\"1\">\n<div class=\"cell\">Slovenia<\/div>\n<\/td>\n<td class=\"el-table_1_column_3 \" colspan=\"1\" rowspan=\"1\">\n<div class=\"cell\">22%<\/div>\n<\/td>\n<\/tr>\n<tr class=\"el-table__row el-table__row--striped\">\n<td class=\"el-table_1_column_1 \" colspan=\"1\" rowspan=\"1\">\n<div class=\"cell\">26<\/div>\n<\/td>\n<td class=\"el-table_1_column_2 \" colspan=\"1\" rowspan=\"1\">\n<div class=\"cell\">Espa\u00f1a<\/div>\n<\/td>\n<td class=\"el-table_1_column_3 \" colspan=\"1\" rowspan=\"1\">\n<div class=\"cell\">21%<\/div>\n<\/td>\n<\/tr>\n<tr class=\"el-table__row\">\n<td class=\"el-table_1_column_1 \" colspan=\"1\" rowspan=\"1\">\n<div class=\"cell\">27<\/div>\n<\/td>\n<td class=\"el-table_1_column_2 \" colspan=\"1\" rowspan=\"1\">\n<div class=\"cell\">Sweden<\/div>\n<\/td>\n<td class=\"el-table_1_column_3 \" colspan=\"1\" rowspan=\"1\">\n<div class=\"cell\">25%<\/div>\n<\/td>\n<\/tr>\n<\/tbody>\n<\/table>\n<\/div>\n<\/div>\n<div class=\"margin-tb20\" data-v-071c8ade=\"\">\n<p class=\"margin-b10\" data-v-071c8ade=\"\">M\u00e1s detalles:<\/p>\n<p><a class=\"color-24\" href=\"https:\/\/ec.europa.eu\/taxation_customs\/business\/vat\/ioss_en\" target=\"_blank\" rel=\"noopener\" data-v-071c8ade=\"\">https:\/\/ec.europa.eu\/taxation_customs\/business\/vat\/ioss_en<\/a><\/div>\n<\/div>\n<\/div>\n<\/div>\n<\/div>\n<\/div>\n<div class=\"Wosente-tech-shop-footer\" data-v-5cc6095f=\"\" data-v-d47d8e28=\"\">\n<div class=\"home-main-bottom\" data-v-0064c524=\"\" data-v-5cc6095f=\"\">\n<div class=\"common-main\" data-v-0064c524=\"\">\n<div class=\"libody\" data-v-0064c524=\"\">\n<div class=\"out-wrap\" data-v-0064c524=\"\">\n<div class=\"logo-wrap\" data-v-0064c524=\"\"><\/div>\n<\/div>\n<\/div>\n<\/div>\n<\/div>\n<\/div>\n\n\t\t\t\t\t<\/div>\n\t\t\t\t\t\t<\/div>\n\t\t\t\t<\/div>\n\t\t\t\t<\/div>\n\t\t\t\t\t<\/div>\n\t\t\t\t<\/div>\n\t\t\t\t<\/div>\n\t\t","protected":false},"excerpt":{"rendered":"<p>TODO LO QUE NECESITA SABER SOBRE LA TIENDA INTEGRAL DE IMPORTACIONES (IOSS) DE Wosente-tech SHOP A partir del 1 de<\/p>\n","protected":false},"author":1,"featured_media":0,"parent":0,"menu_order":0,"comment_status":"closed","ping_status":"closed","template":"","meta":{"footnotes":""},"class_list":["post-32583","page","type-page","status-publish","hentry"],"_links":{"self":[{"href":"https:\/\/shop.wosente-tech.com\/es\/wp-json\/wp\/v2\/pages\/32583","targetHints":{"allow":["GET"]}}],"collection":[{"href":"https:\/\/shop.wosente-tech.com\/es\/wp-json\/wp\/v2\/pages"}],"about":[{"href":"https:\/\/shop.wosente-tech.com\/es\/wp-json\/wp\/v2\/types\/page"}],"author":[{"embeddable":true,"href":"https:\/\/shop.wosente-tech.com\/es\/wp-json\/wp\/v2\/users\/1"}],"replies":[{"embeddable":true,"href":"https:\/\/shop.wosente-tech.com\/es\/wp-json\/wp\/v2\/comments?post=32583"}],"version-history":[{"count":0,"href":"https:\/\/shop.wosente-tech.com\/es\/wp-json\/wp\/v2\/pages\/32583\/revisions"}],"wp:attachment":[{"href":"https:\/\/shop.wosente-tech.com\/es\/wp-json\/wp\/v2\/media?parent=32583"}],"curies":[{"name":"wp","href":"https:\/\/api.w.org\/{rel}","templated":true}]}}