{"id":32572,"date":"2025-06-07T23:16:34","date_gmt":"2025-06-07T15:16:34","guid":{"rendered":"https:\/\/shop.wosente-tech.com\/impostos-e-taxas\/"},"modified":"2025-11-16T05:33:41","modified_gmt":"2025-11-15T21:33:41","slug":"impostos-e-taxas","status":"publish","type":"page","link":"https:\/\/shop.wosente-tech.com\/es\/impostos-e-taxas\/","title":{"rendered":"Impostos e taxas"},"content":{"rendered":"\t\t<div data-elementor-type=\"wp-page\" data-elementor-id=\"32572\" class=\"elementor elementor-32572 elementor-30797\" data-elementor-post-type=\"page\">\n\t\t\t\t<div class=\"wd-negative-gap elementor-element elementor-element-7c7c544 e-flex e-con-boxed e-con e-parent\" data-id=\"7c7c544\" data-element_type=\"container\">\n\t\t\t\t\t<div class=\"e-con-inner\">\n\t\t<div class=\"elementor-element elementor-element-97d6084 e-con-full e-flex e-con e-child\" data-id=\"97d6084\" data-element_type=\"container\">\n\t\t\t\t<div class=\"elementor-element elementor-element-98d830b wd-width-100 elementor-widget elementor-widget-wd_title\" data-id=\"98d830b\" data-element_type=\"widget\" data-widget_type=\"wd_title.default\">\n\t\t\t\t<div class=\"elementor-widget-container\">\n\t\t\t\t\t\t\t<div class=\"title-wrapper wd-set-mb reset-last-child wd-title-color-primary wd-title-style-default wd-title-size-large text-left\">\n\n\t\t\t\n\t\t\t<div class=\"liner-continer\">\n\t\t\t\t<h4 class=\"woodmart-title-container title wd-fontsize-xxl\">Impostos e taxas<br \/>\n<\/h4> \n\t\t\t\t\t\t\t<\/div>\n\n\t\t\t\t\t<\/div>\n\t\t\t\t\t\t<\/div>\n\t\t\t\t<\/div>\n\t\t\t\t<div class=\"elementor-element elementor-element-442a900 elementor-widget elementor-widget-wd_text_block\" data-id=\"442a900\" data-element_type=\"widget\" data-widget_type=\"wd_text_block.default\">\n\t\t\t\t<div class=\"elementor-widget-container\">\n\t\t\t\t\t\t\t<div class=\"wd-text-block reset-last-child text-left\">\n\t\t\t\n\t\t\t<h3><span style=\"color: #00c6b8;\">DESCRIPCI\u00d3N GENERAL<\/span><\/h3><p data-v-7d7d467a=\"\">Cada pa\u00eds tiene normas distintas en cuanto a aranceles e impuestos de importaci\u00f3n. A menudo, no se aplican cargos, pero tambi\u00e9n existe la posibilidad de que, al llegar al pa\u00eds, el cliente deba pagar aranceles o impuestos; en ese caso, el cliente ser\u00e1 responsable de los gastos adicionales. <span style=\"font-size: 16px;\"><\/span><\/p>\n\t\t\t\t\t<\/div>\n\t\t\t\t\t\t<\/div>\n\t\t\t\t<\/div>\n\t\t\t\t<div class=\"elementor-element elementor-element-19b0749 elementor-widget elementor-widget-pp-divider\" data-id=\"19b0749\" data-element_type=\"widget\" data-widget_type=\"pp-divider.default\">\n\t\t\t\t<div class=\"elementor-widget-container\">\n\t\t\t\t\t\t\t<div class=\"pp-divider-wrap\">\n\t\t\t\t\t\t\t<div class=\"pp-divider pp-divider-horizontal horizontal\"><\/div>\n\t\t\t\t\t\t<\/div>    \n\t\t\t\t\t\t<\/div>\n\t\t\t\t<\/div>\n\t\t\t\t<div class=\"elementor-element elementor-element-3b2bc2e elementor-widget elementor-widget-wd_text_block\" data-id=\"3b2bc2e\" data-element_type=\"widget\" data-widget_type=\"wd_text_block.default\">\n\t\t\t\t<div class=\"elementor-widget-container\">\n\t\t\t\t\t\t\t<div class=\"wd-text-block reset-last-child text-left\">\n\t\t\t\n\t\t\t<h3><span style=\"color: #00c6b8;\">PAGADO POR EL RECEPTOR<\/span><\/h3><div class=\"line24 c6 size14\" data-v-0a5e70c1=\"\"><p data-v-0a5e70c1=\"\">Wosente-tech se encarga de gestionar el env\u00edo de su pedido. Sin embargo, es su responsabilidad pagar los aranceles e impuestos aduaneros de su pa\u00eds y preparar la documentaci\u00f3n necesaria para el despacho de aduana. <\/p><p data-v-0a5e70c1=\"\">Adem\u00e1s, las oficinas de aduanas de algunos pa\u00edses o regiones exigen que el importador registrado presente una identificaci\u00f3n espec\u00edfica antes de liberar el env\u00edo. Tambi\u00e9n es posible que se le solicite un n\u00famero de identificaci\u00f3n, como el N\u00famero de Identificaci\u00f3n \u00danico (UIN), el CPF o el N\u00famero de Identificaci\u00f3n Fiscal (Tax ID). <\/p><\/div>\n\t\t\t\t\t<\/div>\n\t\t\t\t\t\t<\/div>\n\t\t\t\t<\/div>\n\t\t\t\t<div class=\"elementor-element elementor-element-1ab74f8 elementor-widget elementor-widget-pp-divider\" data-id=\"1ab74f8\" data-element_type=\"widget\" data-widget_type=\"pp-divider.default\">\n\t\t\t\t<div class=\"elementor-widget-container\">\n\t\t\t\t\t\t\t<div class=\"pp-divider-wrap\">\n\t\t\t\t\t\t\t<div class=\"pp-divider pp-divider-horizontal horizontal\"><\/div>\n\t\t\t\t\t\t<\/div>    \n\t\t\t\t\t\t<\/div>\n\t\t\t\t<\/div>\n\t\t\t\t<div class=\"elementor-element elementor-element-d1f71ea elementor-widget elementor-widget-wd_text_block\" data-id=\"d1f71ea\" data-element_type=\"widget\" data-widget_type=\"wd_text_block.default\">\n\t\t\t\t<div class=\"elementor-widget-container\">\n\t\t\t\t\t\t\t<div class=\"wd-text-block reset-last-child text-left\">\n\t\t\t\n\t\t\t<h3><span style=\"color: #00c6b8;\">Note<\/span><\/h3><p data-v-0a5e70c1=\"\">Para garantizar que la empresa de mensajer\u00eda (p. ej., DHL, UPS) pueda entregar su mercanc\u00eda en el menor tiempo posible tras su entrada en su pa\u00eds o uni\u00f3n aduanera, esta podr\u00e1 abonar en su nombre a la autoridad aduanera los aranceles e impuestos correspondientes. Una vez abonados \u00edntegramente los aranceles e impuestos a la empresa de mensajer\u00eda, se le entregar\u00e1 la mercanc\u00eda. <\/p>\n\t\t\t\t\t<\/div>\n\t\t\t\t\t\t<\/div>\n\t\t\t\t<\/div>\n\t\t\t\t<div class=\"elementor-element elementor-element-2994a37 elementor-widget elementor-widget-pp-divider\" data-id=\"2994a37\" data-element_type=\"widget\" data-widget_type=\"pp-divider.default\">\n\t\t\t\t<div class=\"elementor-widget-container\">\n\t\t\t\t\t\t\t<div class=\"pp-divider-wrap\">\n\t\t\t\t\t\t\t<div class=\"pp-divider pp-divider-horizontal horizontal\"><\/div>\n\t\t\t\t\t\t<\/div>    \n\t\t\t\t\t\t<\/div>\n\t\t\t\t<\/div>\n\t\t\t\t<div class=\"elementor-element elementor-element-2ede3e7 elementor-widget elementor-widget-wd_text_block\" data-id=\"2ede3e7\" data-element_type=\"widget\" data-widget_type=\"wd_text_block.default\">\n\t\t\t\t<div class=\"elementor-widget-container\">\n\t\t\t\t\t\t\t<div class=\"wd-text-block reset-last-child text-left\">\n\t\t\t\n\t\t\t<h3><span style=\"color: #00c6b8;\">DEVOLUCI\u00d3N Y REEMBOLSO<\/span><\/h3><div class=\"line24 c6 size14\" data-v-0a5e70c1=\"\"><p data-v-0a5e70c1=\"\">No aceptamos devoluciones ni reembolsos por los siguientes motivos:<\/p><ul data-v-0a5e70c1=\"\"><li data-v-0a5e70c1=\"\">Usted se niega a pagar la tasa de despacho de aduana.<\/li><li data-v-0a5e70c1=\"\">Est\u00e1s preparando los documentos de autorizaci\u00f3n incorrectos.<\/li><li data-v-0a5e70c1=\"\">Usted realiz\u00f3 un pedido incorrecto.<\/li><\/ul><\/div>\n\t\t\t\t\t<\/div>\n\t\t\t\t\t\t<\/div>\n\t\t\t\t<\/div>\n\t\t\t\t<div class=\"elementor-element elementor-element-1b0540a elementor-widget elementor-widget-pp-divider\" data-id=\"1b0540a\" data-element_type=\"widget\" data-widget_type=\"pp-divider.default\">\n\t\t\t\t<div class=\"elementor-widget-container\">\n\t\t\t\t\t\t\t<div class=\"pp-divider-wrap\">\n\t\t\t\t\t\t\t<div class=\"pp-divider pp-divider-horizontal horizontal\"><\/div>\n\t\t\t\t\t\t<\/div>    \n\t\t\t\t\t\t<\/div>\n\t\t\t\t<\/div>\n\t\t\t\t<div class=\"elementor-element elementor-element-9692437 elementor-widget elementor-widget-wd_text_block\" data-id=\"9692437\" data-element_type=\"widget\" data-widget_type=\"wd_text_block.default\">\n\t\t\t\t<div class=\"elementor-widget-container\">\n\t\t\t\t\t\t\t<div class=\"wd-text-block reset-last-child text-left\">\n\t\t\t\n\t\t\t<h3><span style=\"color: #00c6b8;\">Nota de Wosente-tech<\/span><\/h3>\n<div class=\"line24 c6 size14\" data-v-0a5e70c1=\"\">\n<p data-v-0a5e70c1=\"\">Las normas de importaci\u00f3n y tributaci\u00f3n (a) var\u00edan en cada pa\u00eds; (b) cambian con frecuencia; (c) dependen en gran medida del tama\u00f1o y el contenido del env\u00edo; y (d) no se aplican de forma uniforme en los distintos puertos y aduanas de su pa\u00eds. Por lo tanto, wosente-tech no puede ofrecerle asesoramiento espec\u00edfico sobre el importe de los impuestos que deber\u00e1 pagar ni ninguna garant\u00eda al respecto.     <\/p>\n<\/div>\n\n\t\t\t\t\t<\/div>\n\t\t\t\t\t\t<\/div>\n\t\t\t\t<\/div>\n\t\t\t\t<\/div>\n\t\t\t\t\t<\/div>\n\t\t\t\t<\/div>\n\t\t\t\t<\/div>\n\t\t","protected":false},"excerpt":{"rendered":"<p>Impostos e taxas DESCRIPCI\u00d3N GENERAL Cada pa\u00eds tiene normas distintas en cuanto a aranceles e impuestos de importaci\u00f3n. A menudo,<\/p>\n","protected":false},"author":1,"featured_media":0,"parent":0,"menu_order":0,"comment_status":"closed","ping_status":"closed","template":"","meta":{"footnotes":""},"class_list":["post-32572","page","type-page","status-publish","hentry"],"_links":{"self":[{"href":"https:\/\/shop.wosente-tech.com\/es\/wp-json\/wp\/v2\/pages\/32572","targetHints":{"allow":["GET"]}}],"collection":[{"href":"https:\/\/shop.wosente-tech.com\/es\/wp-json\/wp\/v2\/pages"}],"about":[{"href":"https:\/\/shop.wosente-tech.com\/es\/wp-json\/wp\/v2\/types\/page"}],"author":[{"embeddable":true,"href":"https:\/\/shop.wosente-tech.com\/es\/wp-json\/wp\/v2\/users\/1"}],"replies":[{"embeddable":true,"href":"https:\/\/shop.wosente-tech.com\/es\/wp-json\/wp\/v2\/comments?post=32572"}],"version-history":[{"count":0,"href":"https:\/\/shop.wosente-tech.com\/es\/wp-json\/wp\/v2\/pages\/32572\/revisions"}],"wp:attachment":[{"href":"https:\/\/shop.wosente-tech.com\/es\/wp-json\/wp\/v2\/media?parent=32572"}],"curies":[{"name":"wp","href":"https:\/\/api.w.org\/{rel}","templated":true}]}}