{"id":32561,"date":"2025-06-07T23:01:18","date_gmt":"2025-06-07T15:01:18","guid":{"rendered":"https:\/\/shop.wosente-tech.com\/guia-de-pedidos\/"},"modified":"2025-11-16T04:43:53","modified_gmt":"2025-11-15T20:43:53","slug":"guia-de-pedidos","status":"publish","type":"page","link":"https:\/\/shop.wosente-tech.com\/es\/guia-de-pedidos\/","title":{"rendered":"Gu\u00eda de pedidos"},"content":{"rendered":"\t\t<div data-elementor-type=\"wp-page\" data-elementor-id=\"32561\" class=\"elementor elementor-32561 elementor-30791\" data-elementor-post-type=\"page\">\n\t\t\t\t<div class=\"wd-negative-gap elementor-element elementor-element-7c7c544 e-flex e-con-boxed e-con e-parent\" data-id=\"7c7c544\" data-element_type=\"container\" data-e-type=\"container\">\n\t\t\t\t\t<div class=\"e-con-inner\">\n\t\t<div class=\"elementor-element elementor-element-97d6084 e-con-full e-flex e-con e-child\" data-id=\"97d6084\" data-element_type=\"container\" data-e-type=\"container\">\n\t\t\t\t<div class=\"elementor-element elementor-element-98d830b wd-width-100 elementor-widget elementor-widget-wd_title\" data-id=\"98d830b\" data-element_type=\"widget\" data-e-type=\"widget\" data-widget_type=\"wd_title.default\">\n\t\t\t\t<div class=\"elementor-widget-container\">\n\t\t\t\t\t\t\t<div class=\"title-wrapper wd-set-mb reset-last-child wd-title-color-primary wd-title-style-default wd-title-size-large text-left\">\n\n\t\t\t\n\t\t\t<div class=\"liner-continer\">\n\t\t\t\t<h4 class=\"woodmart-title-container title wd-fontsize-xxl\">Gu\u00eda de pedidos<br \/>\n<\/h4> \n\t\t\t\t\t\t\t<\/div>\n\n\t\t\t\t\t<\/div>\n\t\t\t\t\t\t<\/div>\n\t\t\t\t<\/div>\n\t\t\t\t<div class=\"elementor-element elementor-element-7d01d03 elementor-widget elementor-widget-wd_text_block\" data-id=\"7d01d03\" data-element_type=\"widget\" data-e-type=\"widget\" data-widget_type=\"wd_text_block.default\">\n\t\t\t\t<div class=\"elementor-widget-container\">\n\t\t\t\t\t\t\t<div class=\"wd-text-block reset-last-child text-left\">\n\t\t\t\n\t\t\t<h3><span style=\"color: #00c6b8;\">1. REGISTRARSE\/INICIAR SESI\u00d3N<\/span><\/h3><p>Rellena el espacio en blanco para registrarte en <a href=\"https:\/\/shop.wosente-tech.com\/es\/mi-cuenta\/\" target=\"_blank\" rel=\"noopener\">https:\/\/shop.wosente-tech.com\/my-account\/<\/a><\/p><p>Inicia sesi\u00f3n con tu cuenta y contrase\u00f1a<\/p>\n\t\t\t\t\t<\/div>\n\t\t\t\t\t\t<\/div>\n\t\t\t\t<\/div>\n\t\t\t\t<div class=\"elementor-element elementor-element-619ab15 elementor-widget elementor-widget-wd_image_or_svg\" data-id=\"619ab15\" data-element_type=\"widget\" data-e-type=\"widget\" data-widget_type=\"wd_image_or_svg.default\">\n\t\t\t\t<div class=\"elementor-widget-container\">\n\t\t\t\t\t\n\t\t<div class=\"wd-image text-left\">\n\t\t\t\t\t\t\t\t<img decoding=\"async\" width=\"500\" height=\"294\" src=\"https:\/\/shop.wosente-tech.com\/wp-content\/uploads\/2025\/07\/Snipaste_2025-07-07_13-18-49-e1751997353149-500x294.jpg\" class=\"attachment-500x size-500x\" alt=\"\" srcset=\"https:\/\/shop.wosente-tech.com\/wp-content\/uploads\/2025\/07\/Snipaste_2025-07-07_13-18-49-e1751997353149-500x294.jpg 500w, https:\/\/shop.wosente-tech.com\/wp-content\/uploads\/2025\/07\/Snipaste_2025-07-07_13-18-49-e1751997353149-430x253.jpg 430w, https:\/\/shop.wosente-tech.com\/wp-content\/uploads\/2025\/07\/Snipaste_2025-07-07_13-18-49-e1751997353149-128x75.jpg 128w, https:\/\/shop.wosente-tech.com\/wp-content\/uploads\/2025\/07\/Snipaste_2025-07-07_13-18-49-e1751997353149-700x411.jpg 700w, https:\/\/shop.wosente-tech.com\/wp-content\/uploads\/2025\/07\/Snipaste_2025-07-07_13-18-49-e1751997353149-400x235.jpg 400w, https:\/\/shop.wosente-tech.com\/wp-content\/uploads\/2025\/07\/Snipaste_2025-07-07_13-18-49-e1751997353149-768x451.jpg 768w, https:\/\/shop.wosente-tech.com\/wp-content\/uploads\/2025\/07\/Snipaste_2025-07-07_13-18-49-e1751997353149-450x264.jpg 450w, https:\/\/shop.wosente-tech.com\/wp-content\/uploads\/2025\/07\/Snipaste_2025-07-07_13-18-49-e1751997353149.jpg 1164w\" sizes=\"(max-width: 500px) 100vw, 500px\" \/>\t\t\t\t\t<\/div>\n\n\t\t\t\t\t\t<\/div>\n\t\t\t\t<\/div>\n\t\t\t\t<div class=\"elementor-element elementor-element-5c72efe elementor-widget elementor-widget-wd_image_or_svg\" data-id=\"5c72efe\" data-element_type=\"widget\" data-e-type=\"widget\" data-widget_type=\"wd_image_or_svg.default\">\n\t\t\t\t<div class=\"elementor-widget-container\">\n\t\t\t\t\t\n\t\t<div class=\"wd-image text-left\">\n\t\t\t\t\t\t\t\t<img decoding=\"async\" width=\"500\" height=\"292\" src=\"https:\/\/shop.wosente-tech.com\/wp-content\/uploads\/2025\/07\/Snipaste_2025-07-07_13-20-30-e1751997606416-500x292.jpg\" class=\"attachment-500x size-500x\" alt=\"\" srcset=\"https:\/\/shop.wosente-tech.com\/wp-content\/uploads\/2025\/07\/Snipaste_2025-07-07_13-20-30-e1751997606416-500x292.jpg 500w, https:\/\/shop.wosente-tech.com\/wp-content\/uploads\/2025\/07\/Snipaste_2025-07-07_13-20-30-e1751997606416-430x251.jpg 430w, https:\/\/shop.wosente-tech.com\/wp-content\/uploads\/2025\/07\/Snipaste_2025-07-07_13-20-30-e1751997606416-128x75.jpg 128w, https:\/\/shop.wosente-tech.com\/wp-content\/uploads\/2025\/07\/Snipaste_2025-07-07_13-20-30-e1751997606416-700x409.jpg 700w, https:\/\/shop.wosente-tech.com\/wp-content\/uploads\/2025\/07\/Snipaste_2025-07-07_13-20-30-e1751997606416-400x234.jpg 400w, https:\/\/shop.wosente-tech.com\/wp-content\/uploads\/2025\/07\/Snipaste_2025-07-07_13-20-30-e1751997606416-768x449.jpg 768w, https:\/\/shop.wosente-tech.com\/wp-content\/uploads\/2025\/07\/Snipaste_2025-07-07_13-20-30-e1751997606416.jpg 1160w\" sizes=\"(max-width: 500px) 100vw, 500px\" \/>\t\t\t\t\t<\/div>\n\n\t\t\t\t\t\t<\/div>\n\t\t\t\t<\/div>\n\t\t\t\t<div class=\"elementor-element elementor-element-cdddc7d elementor-widget elementor-widget-wd_image_or_svg\" data-id=\"cdddc7d\" data-element_type=\"widget\" data-e-type=\"widget\" data-widget_type=\"wd_image_or_svg.default\">\n\t\t\t\t<div class=\"elementor-widget-container\">\n\t\t\t\t\t\n\t\t<div class=\"wd-image text-left\">\n\t\t\t\t\t\t\t\t<img decoding=\"async\" width=\"500\" height=\"300\" src=\"https:\/\/shop.wosente-tech.com\/wp-content\/uploads\/2025\/07\/Snipaste_2025-07-07_13-24-44-500x300.jpg\" class=\"attachment-500x size-500x\" alt=\"\" srcset=\"https:\/\/shop.wosente-tech.com\/wp-content\/uploads\/2025\/07\/Snipaste_2025-07-07_13-24-44-500x300.jpg 500w, https:\/\/shop.wosente-tech.com\/wp-content\/uploads\/2025\/07\/Snipaste_2025-07-07_13-24-44-430x258.jpg 430w, https:\/\/shop.wosente-tech.com\/wp-content\/uploads\/2025\/07\/Snipaste_2025-07-07_13-24-44-128x77.jpg 128w, https:\/\/shop.wosente-tech.com\/wp-content\/uploads\/2025\/07\/Snipaste_2025-07-07_13-24-44-700x420.jpg 700w, https:\/\/shop.wosente-tech.com\/wp-content\/uploads\/2025\/07\/Snipaste_2025-07-07_13-24-44-400x240.jpg 400w, https:\/\/shop.wosente-tech.com\/wp-content\/uploads\/2025\/07\/Snipaste_2025-07-07_13-24-44-768x461.jpg 768w, https:\/\/shop.wosente-tech.com\/wp-content\/uploads\/2025\/07\/Snipaste_2025-07-07_13-24-44.jpg 1174w\" sizes=\"(max-width: 500px) 100vw, 500px\" \/>\t\t\t\t\t<\/div>\n\n\t\t\t\t\t\t<\/div>\n\t\t\t\t<\/div>\n\t\t\t\t<div class=\"elementor-element elementor-element-6c6cf36 elementor-widget elementor-widget-pp-divider\" data-id=\"6c6cf36\" data-element_type=\"widget\" data-e-type=\"widget\" data-widget_type=\"pp-divider.default\">\n\t\t\t\t<div class=\"elementor-widget-container\">\n\t\t\t\t\t\t\t<div class=\"pp-divider-wrap\">\n\t\t\t\t\t\t\t<div class=\"pp-divider pp-divider-horizontal horizontal\"><\/div>\n\t\t\t\t\t\t<\/div>    \n\t\t\t\t\t\t<\/div>\n\t\t\t\t<\/div>\n\t\t\t\t<div class=\"elementor-element elementor-element-f1d61e7 elementor-widget elementor-widget-wd_text_block\" data-id=\"f1d61e7\" data-element_type=\"widget\" data-e-type=\"widget\" data-widget_type=\"wd_text_block.default\">\n\t\t\t\t<div class=\"elementor-widget-container\">\n\t\t\t\t\t\t\t<div class=\"wd-text-block reset-last-child text-left\">\n\t\t\t\n\t\t\t<h3><span style=\"color: #00c6b8;\">2. B\u00daSQUEDA<\/span><\/h3><p>Busca y encuentra lo que necesitas introduciendo las palabras clave del producto. O selecciona una opci\u00f3n de entre todas las categor\u00edas para refinar los resultados si tienes condiciones espec\u00edficas de b\u00fasqueda. <\/p>\n\t\t\t\t\t<\/div>\n\t\t\t\t\t\t<\/div>\n\t\t\t\t<\/div>\n\t\t\t\t<div class=\"elementor-element elementor-element-b7e213c elementor-widget elementor-widget-wd_image_or_svg\" data-id=\"b7e213c\" data-element_type=\"widget\" data-e-type=\"widget\" data-widget_type=\"wd_image_or_svg.default\">\n\t\t\t\t<div class=\"elementor-widget-container\">\n\t\t\t\t\t\n\t\t<div class=\"wd-image text-left\">\n\t\t\t\t\t\t\t\t<img decoding=\"async\" width=\"571\" height=\"76\" src=\"https:\/\/shop.wosente-tech.com\/wp-content\/uploads\/2025\/07\/Snipaste_2025-07-07_13-23-24.png\" class=\"attachment-full size-full\" alt=\"\" srcset=\"https:\/\/shop.wosente-tech.com\/wp-content\/uploads\/2025\/07\/Snipaste_2025-07-07_13-23-24.png 571w, https:\/\/shop.wosente-tech.com\/wp-content\/uploads\/2025\/07\/Snipaste_2025-07-07_13-23-24-430x57.png 430w, https:\/\/shop.wosente-tech.com\/wp-content\/uploads\/2025\/07\/Snipaste_2025-07-07_13-23-24-128x17.png 128w, https:\/\/shop.wosente-tech.com\/wp-content\/uploads\/2025\/07\/Snipaste_2025-07-07_13-23-24-400x53.png 400w\" sizes=\"(max-width: 571px) 100vw, 571px\" \/>\t\t\t\t\t<\/div>\n\n\t\t\t\t\t\t<\/div>\n\t\t\t\t<\/div>\n\t\t\t\t<div class=\"elementor-element elementor-element-f9e0e74 elementor-widget elementor-widget-pp-divider\" data-id=\"f9e0e74\" data-element_type=\"widget\" data-e-type=\"widget\" data-widget_type=\"pp-divider.default\">\n\t\t\t\t<div class=\"elementor-widget-container\">\n\t\t\t\t\t\t\t<div class=\"pp-divider-wrap\">\n\t\t\t\t\t\t\t<div class=\"pp-divider pp-divider-horizontal horizontal\"><\/div>\n\t\t\t\t\t\t<\/div>    \n\t\t\t\t\t\t<\/div>\n\t\t\t\t<\/div>\n\t\t\t\t<div class=\"elementor-element elementor-element-2b6a4d4 elementor-widget elementor-widget-wd_text_block\" data-id=\"2b6a4d4\" data-element_type=\"widget\" data-e-type=\"widget\" data-widget_type=\"wd_text_block.default\">\n\t\t\t\t<div class=\"elementor-widget-container\">\n\t\t\t\t\t\t\t<div class=\"wd-text-block reset-last-child text-left\">\n\t\t\t\n\t\t\t<h3><span style=\"color: #00c6b8;\">3. A\u00d1ADIR AL CARRITO<\/span><\/h3>\n<p>Si encuentra el art\u00edculo exacto que necesita, escriba un n\u00famero en la casilla de cantidad o haga clic en \"+\" o \"-\" para ajustarla. Luego, haga clic en \"A\u00f1adir al carrito\" para guardar los art\u00edculos que desea comprar mientras contin\u00faa comprando. <\/p>\n\n\t\t\t\t\t<\/div>\n\t\t\t\t\t\t<\/div>\n\t\t\t\t<\/div>\n\t\t\t\t<div class=\"elementor-element elementor-element-fe47be3 elementor-widget elementor-widget-pp-divider\" data-id=\"fe47be3\" data-element_type=\"widget\" data-e-type=\"widget\" data-widget_type=\"pp-divider.default\">\n\t\t\t\t<div class=\"elementor-widget-container\">\n\t\t\t\t\t\t\t<div class=\"pp-divider-wrap\">\n\t\t\t\t\t\t\t<div class=\"pp-divider pp-divider-horizontal horizontal\"><\/div>\n\t\t\t\t\t\t<\/div>    \n\t\t\t\t\t\t<\/div>\n\t\t\t\t<\/div>\n\t\t\t\t<div class=\"elementor-element elementor-element-9bf4f52 elementor-widget elementor-widget-wd_text_block\" data-id=\"9bf4f52\" data-element_type=\"widget\" data-e-type=\"widget\" data-widget_type=\"wd_text_block.default\">\n\t\t\t\t<div class=\"elementor-widget-container\">\n\t\t\t\t\t\t\t<div class=\"wd-text-block reset-last-child text-left\">\n\t\t\t\n\t\t\t<h3><span style=\"color: #00c6b8;\">4. ELIGE EL M\u00c9TODO DE ENV\u00cdO Y PAGO<\/span><\/h3><p>Si ya tienes todo lo necesario y pulsaste \"Comprar ahora\", deber\u00e1s a\u00f1adir una nueva direcci\u00f3n que se guardar\u00e1 para que puedas seleccionarla directamente la pr\u00f3xima vez. A continuaci\u00f3n, elige el m\u00e9todo de env\u00edo y el m\u00e9todo de pago. Hasta que confirmes el pedido y pulses \"Pagar ahora\", podr\u00e1s volver al carrito y editarlo como quieras.  <\/p>\n\t\t\t\t\t<\/div>\n\t\t\t\t\t\t<\/div>\n\t\t\t\t<\/div>\n\t\t\t\t<div class=\"elementor-element elementor-element-91a3176 elementor-widget elementor-widget-wd_image_or_svg\" data-id=\"91a3176\" data-element_type=\"widget\" data-e-type=\"widget\" data-widget_type=\"wd_image_or_svg.default\">\n\t\t\t\t<div class=\"elementor-widget-container\">\n\t\t\t\t\t\n\t\t<div class=\"wd-image text-left\">\n\t\t\t\t\t\t\t\t<img decoding=\"async\" width=\"571\" height=\"76\" src=\"https:\/\/shop.wosente-tech.com\/wp-content\/uploads\/2025\/07\/Snipaste_2025-07-07_13-23-24.png\" class=\"attachment-full size-full\" alt=\"\" srcset=\"https:\/\/shop.wosente-tech.com\/wp-content\/uploads\/2025\/07\/Snipaste_2025-07-07_13-23-24.png 571w, https:\/\/shop.wosente-tech.com\/wp-content\/uploads\/2025\/07\/Snipaste_2025-07-07_13-23-24-430x57.png 430w, https:\/\/shop.wosente-tech.com\/wp-content\/uploads\/2025\/07\/Snipaste_2025-07-07_13-23-24-128x17.png 128w, https:\/\/shop.wosente-tech.com\/wp-content\/uploads\/2025\/07\/Snipaste_2025-07-07_13-23-24-400x53.png 400w\" sizes=\"(max-width: 571px) 100vw, 571px\" \/>\t\t\t\t\t<\/div>\n\n\t\t\t\t\t\t<\/div>\n\t\t\t\t<\/div>\n\t\t\t\t<div class=\"elementor-element elementor-element-9be201a elementor-widget elementor-widget-pp-divider\" data-id=\"9be201a\" data-element_type=\"widget\" data-e-type=\"widget\" data-widget_type=\"pp-divider.default\">\n\t\t\t\t<div class=\"elementor-widget-container\">\n\t\t\t\t\t\t\t<div class=\"pp-divider-wrap\">\n\t\t\t\t\t\t\t<div class=\"pp-divider pp-divider-horizontal horizontal\"><\/div>\n\t\t\t\t\t\t<\/div>    \n\t\t\t\t\t\t<\/div>\n\t\t\t\t<\/div>\n\t\t\t\t<div class=\"elementor-element elementor-element-6765497 elementor-widget elementor-widget-wd_text_block\" data-id=\"6765497\" data-element_type=\"widget\" data-e-type=\"widget\" data-widget_type=\"wd_text_block.default\">\n\t\t\t\t<div class=\"elementor-widget-container\">\n\t\t\t\t\t\t\t<div class=\"wd-text-block reset-last-child text-left\">\n\t\t\t\n\t\t\t<h3><span style=\"color: #00c6b8;\">5. Pago<\/span><\/h3><p>Puedes hacer clic en \u00abPagar ahora\u00bb para pagar tu pedido directamente. Una vez confirmado el pago, recibir\u00e1s un correo electr\u00f3nico con la informaci\u00f3n de tu pedido. Procesaremos tu pedido lo antes posible y te enviaremos un correo electr\u00f3nico de notificaci\u00f3n de env\u00edo con la informaci\u00f3n de seguimiento correspondiente.  <\/p>\n\t\t\t\t\t<\/div>\n\t\t\t\t\t\t<\/div>\n\t\t\t\t<\/div>\n\t\t\t\t<\/div>\n\t\t\t\t\t<\/div>\n\t\t\t\t<\/div>\n\t\t\t\t<\/div>\n\t\t","protected":false},"excerpt":{"rendered":"<p>Gu\u00eda de pedidos 1. REGISTRARSE\/INICIAR SESI\u00d3N Rellena el espacio en blanco para registrarte en https:\/\/shop.wosente-tech.com\/my-account\/ Inicia sesi\u00f3n con tu cuenta<\/p>\n","protected":false},"author":1,"featured_media":0,"parent":0,"menu_order":0,"comment_status":"closed","ping_status":"closed","template":"","meta":{"footnotes":""},"class_list":["post-32561","page","type-page","status-publish","hentry"],"_links":{"self":[{"href":"https:\/\/shop.wosente-tech.com\/es\/wp-json\/wp\/v2\/pages\/32561","targetHints":{"allow":["GET"]}}],"collection":[{"href":"https:\/\/shop.wosente-tech.com\/es\/wp-json\/wp\/v2\/pages"}],"about":[{"href":"https:\/\/shop.wosente-tech.com\/es\/wp-json\/wp\/v2\/types\/page"}],"author":[{"embeddable":true,"href":"https:\/\/shop.wosente-tech.com\/es\/wp-json\/wp\/v2\/users\/1"}],"replies":[{"embeddable":true,"href":"https:\/\/shop.wosente-tech.com\/es\/wp-json\/wp\/v2\/comments?post=32561"}],"version-history":[{"count":0,"href":"https:\/\/shop.wosente-tech.com\/es\/wp-json\/wp\/v2\/pages\/32561\/revisions"}],"wp:attachment":[{"href":"https:\/\/shop.wosente-tech.com\/es\/wp-json\/wp\/v2\/media?parent=32561"}],"curies":[{"name":"wp","href":"https:\/\/api.w.org\/{rel}","templated":true}]}}