{"id":32545,"date":"2025-05-13T10:14:03","date_gmt":"2025-05-13T02:14:03","guid":{"rendered":"https:\/\/shop.wosente-tech.com\/galletas\/"},"modified":"2025-11-19T20:53:52","modified_gmt":"2025-11-19T12:53:52","slug":"galletas","status":"publish","type":"page","link":"https:\/\/shop.wosente-tech.com\/es\/galletas\/","title":{"rendered":"Galletas"},"content":{"rendered":"\t\t<div data-elementor-type=\"wp-page\" data-elementor-id=\"32545\" class=\"elementor elementor-32545 elementor-29749\" data-elementor-post-type=\"page\">\n\t\t\t\t<div class=\"wd-negative-gap elementor-element elementor-element-7c7c544 e-flex e-con-boxed e-con e-parent\" data-id=\"7c7c544\" data-element_type=\"container\">\n\t\t\t\t\t<div class=\"e-con-inner\">\n\t\t<div class=\"elementor-element elementor-element-97d6084 e-con-full e-flex e-con e-child\" data-id=\"97d6084\" data-element_type=\"container\">\n\t\t\t\t<div class=\"elementor-element elementor-element-2e7f7ce wd-width-100 elementor-widget elementor-widget-wd_title\" data-id=\"2e7f7ce\" data-element_type=\"widget\" data-widget_type=\"wd_title.default\">\n\t\t\t\t<div class=\"elementor-widget-container\">\n\t\t\t\t\t\t\t<div class=\"title-wrapper wd-set-mb reset-last-child wd-title-color-primary wd-title-style-default wd-title-size-large text-left\">\n\n\t\t\t\n\t\t\t<div class=\"liner-continer\">\n\t\t\t\t<h4 class=\"woodmart-title-container title wd-fontsize-xxl\">Galleta<\/h4> \n\t\t\t\t\t\t\t<\/div>\n\n\t\t\t\t\t<\/div>\n\t\t\t\t\t\t<\/div>\n\t\t\t\t<\/div>\n\t\t\t\t<div class=\"elementor-element elementor-element-66e47ad elementor-widget elementor-widget-wd_text_block\" data-id=\"66e47ad\" data-element_type=\"widget\" data-widget_type=\"wd_text_block.default\">\n\t\t\t\t<div class=\"elementor-widget-container\">\n\t\t\t\t\t\t\t<div class=\"wd-text-block reset-last-child text-left\">\n\t\t\t\n\t\t\t<p id=\"company\" class=\"c5 pad-ub20 border-b-e4\" data-v-7d7d467a=\"\">Esta es la Pol\u00edtica de Cookies de Wosente Tech, accesible desde <a href=\"https:\/\/shop.wosente-tech.com\/es\/\">https:\/\/shop.wosente-tech.com\/<\/a><\/p>\n\t\t\t\t\t<\/div>\n\t\t\t\t\t\t<\/div>\n\t\t\t\t<\/div>\n\t\t\t\t<div class=\"elementor-element elementor-element-b0080de elementor-widget elementor-widget-wd_text_block\" data-id=\"b0080de\" data-element_type=\"widget\" data-widget_type=\"wd_text_block.default\">\n\t\t\t\t<div class=\"elementor-widget-container\">\n\t\t\t\t\t\t\t<div class=\"wd-text-block reset-last-child text-left\">\n\t\t\t\n\t\t\t<h3><span style=\"color: #00c6b8;\">\u00bfQu\u00e9 son las cookies?<\/span><\/h3><p data-v-7d7d467a=\"\">Como es pr\u00e1ctica habitual en casi todos los sitios web profesionales, este sitio utiliza cookies, que son peque\u00f1os archivos que se descargan en su ordenador para mejorar su experiencia. Esta p\u00e1gina describe qu\u00e9 informaci\u00f3n recopilamos, c\u00f3mo la utilizamos y por qu\u00e9 a veces necesitamos almacenar estas cookies. Tambi\u00e9n le explicaremos c\u00f3mo puede evitar que se almacenen, aunque esto podr\u00eda afectar negativamente o incluso impedir el funcionamiento de ciertas partes del sitio.  <\/p>\n\t\t\t\t\t<\/div>\n\t\t\t\t\t\t<\/div>\n\t\t\t\t<\/div>\n\t\t\t\t<div class=\"elementor-element elementor-element-e31ec35 elementor-widget elementor-widget-pp-divider\" data-id=\"e31ec35\" data-element_type=\"widget\" data-widget_type=\"pp-divider.default\">\n\t\t\t\t<div class=\"elementor-widget-container\">\n\t\t\t\t\t\t\t<div class=\"pp-divider-wrap\">\n\t\t\t\t\t\t\t<div class=\"pp-divider pp-divider-horizontal horizontal\"><\/div>\n\t\t\t\t\t\t<\/div>    \n\t\t\t\t\t\t<\/div>\n\t\t\t\t<\/div>\n\t\t\t\t<div class=\"elementor-element elementor-element-b6a8452 elementor-widget elementor-widget-wd_text_block\" data-id=\"b6a8452\" data-element_type=\"widget\" data-widget_type=\"wd_text_block.default\">\n\t\t\t\t<div class=\"elementor-widget-container\">\n\t\t\t\t\t\t\t<div class=\"wd-text-block reset-last-child text-left\">\n\t\t\t\n\t\t\t<h3><span style=\"color: #00c6b8;\">C\u00f3mo utilizamos las cookies<\/span><\/h3><p data-v-7d7d467a=\"\"><a href=\"https:\/\/shop.wosente-tech.com\/es\/\">shop.wosente-tech.com<\/a> se reserva el derecho de cancelar las cuentas de los clientes en cualquier momento, con o sin previo aviso. Proporcionar informaci\u00f3n de cuenta falsa o inv\u00e1lida puede resultar en la cancelaci\u00f3n de su cuenta. <\/p><p data-v-7d7d467a=\"\">Usted acepta utilizar el Sitio o los Servicios \u00fanicamente para sus propios fines privados e internos. Usted acepta que <\/p><p data-v-7d7d467a=\"\">(a) No podr\u00e1 copiar, reproducir, descargar, republicar, vender, distribuir ni revender ning\u00fan servicio ni ninguna informaci\u00f3n, texto, imagen, gr\u00e1fico, videoclip, sonido, directorio, archivo, base de datos o listado, etc., disponibles en o a trav\u00e9s del sitio <a href=\"https:\/\/shop.wosente-tech.com\/es\/\">shop.wosente-tech.com<\/a>.<\/p><p data-v-7d7d467a=\"\">(b) No podr\u00e1 copiar, reproducir, descargar, compilar ni utilizar de ninguna otra forma el Contenido del Sitio para operar un negocio que compita con <a href=\"https:\/\/shop.wosente-tech.com\/es\/\">shop.wosente-tech.com<\/a>, ni para explotar comercialmente dicho contenido. Se proh\u00edbe la extracci\u00f3n sistem\u00e1tica del Contenido del Sitio para crear o compilar, directa o indirectamente, una colecci\u00f3n, compilaci\u00f3n, base de datos o directorio (ya sea mediante robots, ara\u00f1as web, dispositivos autom\u00e1ticos o procesos manuales) sin la autorizaci\u00f3n por escrito de <g id=\"gid_1\">shop.wosente-tech.com<\/g>. Se proh\u00edbe el uso de cualquier contenido o material del Sitio para cualquier fin no expresamente permitido en los T\u00e9rminos.  <\/p><p class=\"margin-t20\" data-v-7d7d467a=\"\">Debe leer la Pol\u00edtica de Privacidad de shop.wosente-tech.com, que rige la protecci\u00f3n y el uso de la informaci\u00f3n personal de los Usuarios que obra en poder de <a href=\"https:\/\/shop.wosente-tech.com\/es\/\">shop.wosente-tech.com<\/a> y sus afiliados. Al aceptar los t\u00e9rminos de la Pol\u00edtica de Privacidad, usted consiente el uso de su informaci\u00f3n personal de acuerdo con dicha Pol\u00edtica. <\/p><p class=\"margin-t20\" data-v-7d7d467a=\"\">De acuerdo con las regulaciones aduaneras, los clientes deben proporcionar datos v\u00e1lidos y precisos. Todos los nombres, direcciones y datos del pagador deben ser correctos. En algunos pa\u00edses, el destinatario podr\u00eda tener que presentar su documento de identidad o pasaporte para el despacho de aduana o para la verificaci\u00f3n del pago. Los clientes son los \u00fanicos responsables de la exactitud de los datos que proporcionan a <g id=\"gid_0\">shop.wosente-tech.com<\/g>. Si alguna informaci\u00f3n es incorrecta e impide el env\u00edo, la entrega o el despacho de aduana, Wosente no se responsabilizar\u00e1 ni ofrecer\u00e1 compensaci\u00f3n alguna.    <\/p><p data-v-7d7d467a=\"\">Tras el registro inicial, los clientes se a\u00f1aden a nuestra lista de correo con ofertas especiales, cupones y promociones. Esto les permite beneficiarse de descuentos exclusivos. Todos los clientes pueden darse de baja de nuestros correos electr\u00f3nicos de marketing en cualquier momento haciendo clic en el enlace que aparece al pie del correo.  <\/p>\n\t\t\t\t\t<\/div>\n\t\t\t\t\t\t<\/div>\n\t\t\t\t<\/div>\n\t\t\t\t<div class=\"elementor-element elementor-element-f314432 elementor-widget elementor-widget-pp-divider\" data-id=\"f314432\" data-element_type=\"widget\" data-widget_type=\"pp-divider.default\">\n\t\t\t\t<div class=\"elementor-widget-container\">\n\t\t\t\t\t\t\t<div class=\"pp-divider-wrap\">\n\t\t\t\t\t\t\t<div class=\"pp-divider pp-divider-horizontal horizontal\"><\/div>\n\t\t\t\t\t\t<\/div>    \n\t\t\t\t\t\t<\/div>\n\t\t\t\t<\/div>\n\t\t\t\t<div class=\"elementor-element elementor-element-a3b07cc elementor-widget elementor-widget-wd_text_block\" data-id=\"a3b07cc\" data-element_type=\"widget\" data-widget_type=\"wd_text_block.default\">\n\t\t\t\t<div class=\"elementor-widget-container\">\n\t\t\t\t\t\t\t<div class=\"wd-text-block reset-last-child text-left\">\n\t\t\t\n\t\t\t<h3><span style=\"color: #00c6b8;\">Desactivar las cookies<\/span><\/h3><p data-v-7d7d467a=\"\">Puedes impedir que se guarden cookies ajustando la configuraci\u00f3n de tu navegador (consulta la ayuda de tu navegador para saber c\u00f3mo hacerlo). Ten en cuenta que deshabilitar las cookies afectar\u00e1 al funcionamiento de este y muchos otros sitios web que visites. Deshabilitar las cookies suele conllevar tambi\u00e9n la deshabilitaci\u00f3n de ciertas funciones y caracter\u00edsticas de este sitio. Por lo tanto, se recomienda no deshabilitar las cookies.   <\/p>\n\t\t\t\t\t<\/div>\n\t\t\t\t\t\t<\/div>\n\t\t\t\t<\/div>\n\t\t\t\t<div class=\"elementor-element elementor-element-b7df72b elementor-widget elementor-widget-pp-divider\" data-id=\"b7df72b\" data-element_type=\"widget\" data-widget_type=\"pp-divider.default\">\n\t\t\t\t<div class=\"elementor-widget-container\">\n\t\t\t\t\t\t\t<div class=\"pp-divider-wrap\">\n\t\t\t\t\t\t\t<div class=\"pp-divider pp-divider-horizontal horizontal\"><\/div>\n\t\t\t\t\t\t<\/div>    \n\t\t\t\t\t\t<\/div>\n\t\t\t\t<\/div>\n\t\t\t\t<div class=\"elementor-element elementor-element-79ef30a elementor-widget elementor-widget-wd_text_block\" data-id=\"79ef30a\" data-element_type=\"widget\" data-widget_type=\"wd_text_block.default\">\n\t\t\t\t<div class=\"elementor-widget-container\">\n\t\t\t\t\t\t\t<div class=\"wd-text-block reset-last-child text-left\">\n\t\t\t\n\t\t\t<h3><span style=\"color: #00c6b8;\">Las cookies que utilizamos<\/span><\/h3><ul><li><span class=\"listhead\">Cookies relacionadas con la cuenta<\/span>: Si crea una cuenta con nosotros, utilizaremos cookies para gestionar el proceso de registro y la administraci\u00f3n general. Estas cookies se eliminar\u00e1n normalmente al cerrar sesi\u00f3n; sin embargo, en algunos casos, pueden permanecer para recordar sus preferencias del sitio web. <\/li><li>Cookies relacionadas con el inicio de sesi\u00f3n<br>Utilizamos cookies cuando inicias sesi\u00f3n para recordar que lo has hecho. Esto evita que tengas que iniciar sesi\u00f3n cada vez que visitas una p\u00e1gina nueva. Estas cookies se eliminan al cerrar sesi\u00f3n para garantizar que solo puedas acceder a las funciones y \u00e1reas restringidas cuando est\u00e9s conectado.  <\/li><li><span class=\"listhead\">Cookies relacionadas con los boletines informativos por correo electr\u00f3nico<\/span><br>Este sitio ofrece servicios de suscripci\u00f3n a boletines informativos o correos electr\u00f3nicos y puede utilizar cookies para recordar si ya est\u00e1 registrado y si se deben mostrar ciertas notificaciones que podr\u00edan ser v\u00e1lidas solo para usuarios suscritos o no suscritos.<\/li><li><span class=\"listhead\">Surveys related cookies<\/span><br>From time to time we offer user surveys and questionnaires to provide you with interesting insights, and helpful tools, or to understand our user base more accurately. These surveys may use cookies to remember who has already taken part in a survey or to provide you with accurate results after you change pages. <\/li><li><span class=\"listhead\">Cookies relacionadas con formularios<\/span><br>Cuando env\u00edas datos a trav\u00e9s de un formulario, como los que se encuentran en las p\u00e1ginas de contacto o en los formularios de comentarios, se pueden configurar cookies para recordar tus datos de usuario para futuras comunicaciones.<\/li><li>Cookies de preferencias del sitio<br>Para ofrecerte una experiencia \u00f3ptima en este sitio web, te permitimos configurar tus preferencias sobre c\u00f3mo funciona. Para recordar tus preferencias, necesitamos usar cookies que nos permitan acceder a esta informaci\u00f3n cada vez que interact\u00faes con una p\u00e1gina que se vea afectada por ellas. <\/li><\/ul>\n\t\t\t\t\t<\/div>\n\t\t\t\t\t\t<\/div>\n\t\t\t\t<\/div>\n\t\t\t\t<div class=\"elementor-element elementor-element-0829680 elementor-widget elementor-widget-pp-divider\" data-id=\"0829680\" data-element_type=\"widget\" data-widget_type=\"pp-divider.default\">\n\t\t\t\t<div class=\"elementor-widget-container\">\n\t\t\t\t\t\t\t<div class=\"pp-divider-wrap\">\n\t\t\t\t\t\t\t<div class=\"pp-divider pp-divider-horizontal horizontal\"><\/div>\n\t\t\t\t\t\t<\/div>    \n\t\t\t\t\t\t<\/div>\n\t\t\t\t<\/div>\n\t\t\t\t<div class=\"elementor-element elementor-element-52b0c75 elementor-widget elementor-widget-wd_text_block\" data-id=\"52b0c75\" data-element_type=\"widget\" data-widget_type=\"wd_text_block.default\">\n\t\t\t\t<div class=\"elementor-widget-container\">\n\t\t\t\t\t\t\t<div class=\"wd-text-block reset-last-child text-left\">\n\t\t\t\n\t\t\t<h3><span style=\"color: #00c6b8;\">Cookies de terceros<\/span><\/h3><p>En algunos casos especiales, tambi\u00e9n utilizamos cookies de terceros de confianza. La siguiente secci\u00f3n detalla las cookies de terceros que podr\u00eda encontrar en este sitio. <\/p><ul class=\"list2\"><li>Este sitio web utiliza Google Analytics, una de las soluciones de an\u00e1lisis web m\u00e1s extendidas y fiables, para comprender c\u00f3mo utiliza el sitio y c\u00f3mo podemos mejorar su experiencia. Estas cookies pueden registrar informaci\u00f3n como el tiempo que pasa en el sitio y las p\u00e1ginas que visita, lo que nos permite seguir creando contenido interesante. Para obtener m\u00e1s informaci\u00f3n sobre las cookies de Google Analytics, consulte la p\u00e1gina oficial de Google Analytics.  <\/li><li>De vez en cuando, probamos nuevas funciones y realizamos peque\u00f1os cambios en la forma en que se muestra el sitio. Mientras probamos estas nuevas funciones, estas cookies pueden utilizarse para garantizar que usted tenga una experiencia consistente en el sitio y para comprender qu\u00e9 optimizaciones aprecian m\u00e1s nuestros usuarios. <\/li><li>Tambi\u00e9n utilizamos botones y\/o complementos de redes sociales en este sitio web que le permiten conectarse con su red social de diversas maneras. Para que estos funcionen, las siguientes redes sociales, incluyendo Facebook, YouTube, LinkedIn, X, etc., instalar\u00e1n cookies a trav\u00e9s de nuestro sitio web. Estas cookies pueden utilizarse para mejorar su perfil en sus sitios web o contribuir a los datos que estas redes recopilan para los diversos fines descritos en sus respectivas pol\u00edticas de privacidad. <\/li><\/ul>\n\t\t\t\t\t<\/div>\n\t\t\t\t\t\t<\/div>\n\t\t\t\t<\/div>\n\t\t\t\t<div class=\"elementor-element elementor-element-ef08d5c elementor-widget elementor-widget-pp-divider\" data-id=\"ef08d5c\" data-element_type=\"widget\" data-widget_type=\"pp-divider.default\">\n\t\t\t\t<div class=\"elementor-widget-container\">\n\t\t\t\t\t\t\t<div class=\"pp-divider-wrap\">\n\t\t\t\t\t\t\t<div class=\"pp-divider pp-divider-horizontal horizontal\"><\/div>\n\t\t\t\t\t\t<\/div>    \n\t\t\t\t\t\t<\/div>\n\t\t\t\t<\/div>\n\t\t\t\t<div class=\"elementor-element elementor-element-94fe338 elementor-widget elementor-widget-wd_text_block\" data-id=\"94fe338\" data-element_type=\"widget\" data-widget_type=\"wd_text_block.default\">\n\t\t\t\t<div class=\"elementor-widget-container\">\n\t\t\t\t\t\t\t<div class=\"wd-text-block reset-last-child text-left\">\n\t\t\t\n\t\t\t<h3><span style=\"color: #00c6b8;\">Cookies de terceros<\/span><\/h3><p>Esperamos que esto le haya aclarado las cosas y, como ya se mencion\u00f3, si no est\u00e1 seguro de si necesita algo o no, generalmente es m\u00e1s seguro dejar las cookies habilitadas por si acaso interact\u00faan con alguna de las funciones que utiliza en nuestro sitio.<\/p><p>Sin embargo, si a\u00fan desea obtener m\u00e1s informaci\u00f3n, puede ponerse en contacto con nosotros a trav\u00e9s de uno de nuestros m\u00e9todos de contacto preferidos:<\/p><ul><li>Email: <a href=\"mailto:service@wosente-tech.com\">service@wosente-tech.com<\/a><\/li><\/ul>\n\t\t\t\t\t<\/div>\n\t\t\t\t\t\t<\/div>\n\t\t\t\t<\/div>\n\t\t\t\t<\/div>\n\t\t\t\t\t<\/div>\n\t\t\t\t<\/div>\n\t\t\t\t<\/div>\n\t\t","protected":false},"excerpt":{"rendered":"<p>Galleta Esta es la Pol\u00edtica de Cookies de Wosente Tech, accesible desde https:\/\/shop.wosente-tech.com\/ \u00bfQu\u00e9 son las cookies? Como es pr\u00e1ctica<\/p>\n","protected":false},"author":1,"featured_media":0,"parent":0,"menu_order":0,"comment_status":"closed","ping_status":"closed","template":"","meta":{"footnotes":""},"class_list":["post-32545","page","type-page","status-publish","hentry"],"_links":{"self":[{"href":"https:\/\/shop.wosente-tech.com\/es\/wp-json\/wp\/v2\/pages\/32545","targetHints":{"allow":["GET"]}}],"collection":[{"href":"https:\/\/shop.wosente-tech.com\/es\/wp-json\/wp\/v2\/pages"}],"about":[{"href":"https:\/\/shop.wosente-tech.com\/es\/wp-json\/wp\/v2\/types\/page"}],"author":[{"embeddable":true,"href":"https:\/\/shop.wosente-tech.com\/es\/wp-json\/wp\/v2\/users\/1"}],"replies":[{"embeddable":true,"href":"https:\/\/shop.wosente-tech.com\/es\/wp-json\/wp\/v2\/comments?post=32545"}],"version-history":[{"count":0,"href":"https:\/\/shop.wosente-tech.com\/es\/wp-json\/wp\/v2\/pages\/32545\/revisions"}],"wp:attachment":[{"href":"https:\/\/shop.wosente-tech.com\/es\/wp-json\/wp\/v2\/media?parent=32545"}],"curies":[{"name":"wp","href":"https:\/\/api.w.org\/{rel}","templated":true}]}}