{"id":32541,"date":"2025-05-08T14:08:35","date_gmt":"2025-05-08T06:08:35","guid":{"rendered":"https:\/\/shop.wosente-tech.com\/condiciones-de-uso\/"},"modified":"2025-11-16T05:54:23","modified_gmt":"2025-11-15T21:54:23","slug":"condiciones-de-uso","status":"publish","type":"page","link":"https:\/\/shop.wosente-tech.com\/es\/condiciones-de-uso\/","title":{"rendered":"Condiciones de uso"},"content":{"rendered":"\t\t<div data-elementor-type=\"wp-page\" data-elementor-id=\"32541\" class=\"elementor elementor-32541 elementor-28515\" data-elementor-post-type=\"page\">\n\t\t\t\t<div class=\"wd-negative-gap elementor-element elementor-element-7c7c544 e-flex e-con-boxed e-con e-parent\" data-id=\"7c7c544\" data-element_type=\"container\">\n\t\t\t\t\t<div class=\"e-con-inner\">\n\t\t<div class=\"elementor-element elementor-element-97d6084 e-con-full e-flex e-con e-child\" data-id=\"97d6084\" data-element_type=\"container\">\n\t\t\t\t<div class=\"elementor-element elementor-element-98d830b wd-width-100 elementor-widget elementor-widget-wd_title\" data-id=\"98d830b\" data-element_type=\"widget\" data-widget_type=\"wd_title.default\">\n\t\t\t\t<div class=\"elementor-widget-container\">\n\t\t\t\t\t\t\t<div class=\"title-wrapper wd-set-mb reset-last-child wd-title-color-primary wd-title-style-default wd-title-size-large text-left\">\n\n\t\t\t\n\t\t\t<div class=\"liner-continer\">\n\t\t\t\t<h4 class=\"woodmart-title-container title wd-fontsize-xxl\">Condiciones de uso<\/h4> \n\t\t\t\t\t\t\t<\/div>\n\n\t\t\t\t\t<\/div>\n\t\t\t\t\t\t<\/div>\n\t\t\t\t<\/div>\n\t\t\t\t<div class=\"elementor-element elementor-element-66e47ad elementor-widget elementor-widget-wd_text_block\" data-id=\"66e47ad\" data-element_type=\"widget\" data-widget_type=\"wd_text_block.default\">\n\t\t\t\t<div class=\"elementor-widget-container\">\n\t\t\t\t\t\t\t<div class=\"wd-text-block reset-last-child text-left\">\n\t\t\t\n\t\t\t<p id=\"company\" class=\"c5 pad-ub20 border-b-e4\" data-v-7d7d467a=\"\">Bienvenido a <a href=\"https:\/\/shop.wosente-tech.com\/es\/\"><span class=\"c60 bold text-decoration\" data-v-7d7d467a=\"\">shop.wosente-tech.com<\/span><\/a>\u00a1! Estas Condiciones de uso describen los t\u00e9rminos y condiciones aplicables a tu acceso y uso del sitio web <a href=\"https:\/\/shop.wosente-tech.com\/es\/\">shop.wosente-tech. com <\/a>Al utilizar este sitio web, aceptas estas Condiciones de uso en su totalidad. Si no est\u00e1s de acuerdo con estas Condiciones de uso o con alguna de sus partes, no debes utilizar este sitio web. <\/p>\n\t\t\t\t\t<\/div>\n\t\t\t\t\t\t<\/div>\n\t\t\t\t<\/div>\n\t\t\t\t<div class=\"elementor-element elementor-element-b0080de elementor-widget elementor-widget-wd_text_block\" data-id=\"b0080de\" data-element_type=\"widget\" data-widget_type=\"wd_text_block.default\">\n\t\t\t\t<div class=\"elementor-widget-container\">\n\t\t\t\t\t\t\t<div class=\"wd-text-block reset-last-child text-left\">\n\t\t\t\n\t\t\t<h3><span style=\"color: #00c6b8;\">ACEPTACI\u00d3N DE LA POL\u00cdTICA Y APLICACIONES<\/span><\/h3><p data-v-7d7d467a=\"\">Este sitio web utiliza cookies. Al utilizar este sitio web y aceptar estas Condiciones de uso, usted consiente el uso de cookies por parte de <a href=\"https:\/\/shop.wosente-tech.com\/es\/\">shop.wosente-tech.com<\/a> de acuerdo con la Pol\u00edtica de privacidad de <a href=\"https:\/\/shop.wosente-tech.com\/es\/\">shop.wosente-tech.com<\/a>. <\/p><p class=\"margin-t20\" data-v-7d7d467a=\"\">Usted reconoce y acepta que <a href=\"https:\/\/shop.wosente-tech.com\/es\/\">shop.wosente-tech.com<\/a> podr\u00e1 modificar los T\u00e9rminos en cualquier momento mediante la publicaci\u00f3n de los T\u00e9rminos modificados y actualizados en el Sitio. Al continuar utilizando los Servicios o el Sitio, usted acepta que los T\u00e9rminos modificados le ser\u00e1n aplicables. <\/p><p class=\"margin-t20\" data-v-7d7d467a=\"\">Los T\u00e9rminos no podr\u00e1n ser modificados de ninguna otra forma, excepto por escrito por un funcionario autorizado de <a href=\"https:\/\/shop.wosente-tech.com\/es\/\">shop.wosente-tech.com.<\/a><\/p>\n\t\t\t\t\t<\/div>\n\t\t\t\t\t\t<\/div>\n\t\t\t\t<\/div>\n\t\t\t\t<div class=\"elementor-element elementor-element-81c0bbb elementor-widget elementor-widget-pp-divider\" data-id=\"81c0bbb\" data-element_type=\"widget\" data-widget_type=\"pp-divider.default\">\n\t\t\t\t<div class=\"elementor-widget-container\">\n\t\t\t\t\t\t\t<div class=\"pp-divider-wrap\">\n\t\t\t\t\t\t\t<div class=\"pp-divider pp-divider-horizontal horizontal\"><\/div>\n\t\t\t\t\t\t<\/div>    \n\t\t\t\t\t\t<\/div>\n\t\t\t\t<\/div>\n\t\t\t\t<div class=\"elementor-element elementor-element-b6a8452 elementor-widget elementor-widget-wd_text_block\" data-id=\"b6a8452\" data-element_type=\"widget\" data-widget_type=\"wd_text_block.default\">\n\t\t\t\t<div class=\"elementor-widget-container\">\n\t\t\t\t\t\t\t<div class=\"wd-text-block reset-last-child text-left\">\n\t\t\t\n\t\t\t<h3><span style=\"color: #00c6b8;\">POL\u00cdTICA EST\u00c1NDAR<\/span><\/h3><p data-v-7d7d467a=\"\"><a href=\"https:\/\/shop.wosente-tech.com\/es\/\">shop.wosente-tech.com<\/a> se reserva el derecho de cancelar las cuentas de los clientes en cualquier momento, con o sin previo aviso. Proporcionar informaci\u00f3n de cuenta falsa o inv\u00e1lida puede resultar en la cancelaci\u00f3n de su cuenta. <\/p><p data-v-7d7d467a=\"\">Usted acepta utilizar el Sitio o los Servicios \u00fanicamente para sus propios fines privados e internos. Usted acepta que <\/p><p data-v-7d7d467a=\"\">(a) No podr\u00e1 copiar, reproducir, descargar, republicar, vender, distribuir ni revender ning\u00fan servicio ni ninguna informaci\u00f3n, texto, imagen, gr\u00e1fico, videoclip, sonido, directorio, archivo, base de datos o listado, etc., disponibles en o a trav\u00e9s del sitio <a href=\"https:\/\/shop.wosente-tech.com\/es\/\">shop.wosente-tech.com<\/a>.<\/p><p data-v-7d7d467a=\"\">(b) No podr\u00e1 copiar, reproducir, descargar, compilar ni utilizar de ninguna otra forma el Contenido del Sitio para operar un negocio que compita con <a href=\"https:\/\/shop.wosente-tech.com\/es\/\">shop.wosente-tech.com<\/a>, ni para explotar comercialmente dicho contenido. Se proh\u00edbe la extracci\u00f3n sistem\u00e1tica del Contenido del Sitio para crear o compilar, directa o indirectamente, una colecci\u00f3n, compilaci\u00f3n, base de datos o directorio (ya sea mediante robots, ara\u00f1as web, dispositivos autom\u00e1ticos o procesos manuales) sin la autorizaci\u00f3n por escrito de <g id=\"gid_1\">shop.wosente-tech.com<\/g>. Se proh\u00edbe el uso de cualquier contenido o material del Sitio para cualquier fin no expresamente permitido en los T\u00e9rminos.  <\/p><p class=\"margin-t20\" data-v-7d7d467a=\"\">Debe leer la Pol\u00edtica de Privacidad de <a href=\"https:\/\/shop.wosente-tech.com\/es\/\">shop.wosente-tech.com<\/a>, que rige la protecci\u00f3n y el uso de la informaci\u00f3n personal de los Usuarios que obra en poder de <a href=\"https:\/\/shop.wosente-tech.com\/es\/\">shop.wosente-tech.com<\/a> y sus afiliados. Al aceptar los t\u00e9rminos de la Pol\u00edtica de Privacidad, usted consiente el uso de su informaci\u00f3n personal de acuerdo con dicha Pol\u00edtica. <\/p><p class=\"margin-t20\" data-v-7d7d467a=\"\">De acuerdo con las regulaciones aduaneras, los clientes deben proporcionar datos v\u00e1lidos y precisos. Todos los nombres, direcciones y datos del pagador deben ser correctos. En algunos pa\u00edses, el destinatario podr\u00eda tener que presentar su documento de identidad o pasaporte para el despacho de aduana o para la verificaci\u00f3n del pago. Los clientes son los \u00fanicos responsables de la exactitud de los datos que proporcionan a <g id=\"gid_0\">shop.wosente-tech.com<\/g>. Si alguna informaci\u00f3n es incorrecta e impide el env\u00edo, la entrega o el despacho de aduana, Wosente no se responsabilizar\u00e1 ni ofrecer\u00e1 compensaci\u00f3n alguna.    <\/p><p data-v-7d7d467a=\"\">Tras el registro inicial, los clientes se a\u00f1aden a nuestra lista de correo con ofertas especiales, cupones y promociones. Esto les permite beneficiarse de descuentos exclusivos. Todos los clientes pueden darse de baja de nuestros correos electr\u00f3nicos de marketing en cualquier momento haciendo clic en el enlace que aparece al pie del correo.  <\/p>\n\t\t\t\t\t<\/div>\n\t\t\t\t\t\t<\/div>\n\t\t\t\t<\/div>\n\t\t\t\t<div class=\"elementor-element elementor-element-2c57ff6 elementor-widget elementor-widget-pp-divider\" data-id=\"2c57ff6\" data-element_type=\"widget\" data-widget_type=\"pp-divider.default\">\n\t\t\t\t<div class=\"elementor-widget-container\">\n\t\t\t\t\t\t\t<div class=\"pp-divider-wrap\">\n\t\t\t\t\t\t\t<div class=\"pp-divider pp-divider-horizontal horizontal\"><\/div>\n\t\t\t\t\t\t<\/div>    \n\t\t\t\t\t\t<\/div>\n\t\t\t\t<\/div>\n\t\t\t\t<div class=\"elementor-element elementor-element-a3b07cc elementor-widget elementor-widget-wd_text_block\" data-id=\"a3b07cc\" data-element_type=\"widget\" data-widget_type=\"wd_text_block.default\">\n\t\t\t\t<div class=\"elementor-widget-container\">\n\t\t\t\t\t\t\t<div class=\"wd-text-block reset-last-child text-left\">\n\t\t\t\n\t\t\t<h3><span style=\"color: #00c6b8;\">ORDERS<\/span><\/h3><p data-v-7d7d467a=\"\">Si bien nos esforzamos por garantizar la exactitud de las descripciones, especificaciones y precios de los productos, pueden producirse errores. En tal caso, <a href=\"https:\/\/shop.wosente-tech.com\/es\/\">shop.wosente-tech.com<\/a> no podr\u00e1 aceptar su pedido. Nos pondremos en contacto con usted para explicarle detalladamente el error y enviarle una oferta corregida. La informaci\u00f3n mostrada se considera una invitaci\u00f3n a realizar una compra, no una oferta de venta en firme. El contrato se formaliza con la entrega de la mercanc\u00eda.    <\/p><p class=\"margin-t20\" data-v-7d7d467a=\"\">Debido a la popularidad y\/o las limitaciones de suministro de algunos de nuestros productos, <a href=\"https:\/\/shop.wosente-tech.com\/es\/\">shop.wosente-tech.com<\/a> podr\u00eda verse obligado a limitar la cantidad de productos disponibles para la compra. <a href=\"https:\/\/shop.wosente-tech.com\/es\/\">shop.wosente-tech.com<\/a> se reserva el derecho de modificar las cantidades disponibles para la compra en cualquier momento, incluso despu\u00e9s de que usted haya realizado un pedido.<\/p><p class=\"margin-t20\" data-v-7d7d467a=\"\">Ambas partes acuerdan que, una vez enviado el pedido, el transporte es responsabilidad exclusiva de la empresa de mensajer\u00eda. Durante esta etapa, la propiedad total del\/los producto\/s corresponde al comprador; toda responsabilidad y los riesgos asociados durante el transporte correr\u00e1n a cargo del comprador. <\/p>\n\t\t\t\t\t<\/div>\n\t\t\t\t\t\t<\/div>\n\t\t\t\t<\/div>\n\t\t\t\t<div class=\"elementor-element elementor-element-6690cef elementor-widget elementor-widget-pp-divider\" data-id=\"6690cef\" data-element_type=\"widget\" data-widget_type=\"pp-divider.default\">\n\t\t\t\t<div class=\"elementor-widget-container\">\n\t\t\t\t\t\t\t<div class=\"pp-divider-wrap\">\n\t\t\t\t\t\t\t<div class=\"pp-divider pp-divider-horizontal horizontal\"><\/div>\n\t\t\t\t\t\t<\/div>    \n\t\t\t\t\t\t<\/div>\n\t\t\t\t<\/div>\n\t\t\t\t<div class=\"elementor-element elementor-element-79ef30a elementor-widget elementor-widget-wd_text_block\" data-id=\"79ef30a\" data-element_type=\"widget\" data-widget_type=\"wd_text_block.default\">\n\t\t\t\t<div class=\"elementor-widget-container\">\n\t\t\t\t\t\t\t<div class=\"wd-text-block reset-last-child text-left\">\n\t\t\t\n\t\t\t<h3><span style=\"color: #00c6b8;\">CANCELACIONES DE PEDIDOS<\/span><\/h3>\n<p>Los clientes pueden cancelar su pedido en cualquier momento antes del env\u00edo; para ello, deben contactar con nuestro Centro de Soporte. Sin embargo, una vez enviado el pedido, no se podr\u00e1 cancelar, modificar ni reembolsar. Al recibir el paquete, entrar\u00e1 en vigor nuestra pol\u00edtica de garant\u00eda y devoluciones.  <\/p>\n\n\t\t\t\t\t<\/div>\n\t\t\t\t\t\t<\/div>\n\t\t\t\t<\/div>\n\t\t\t\t<div class=\"elementor-element elementor-element-107cc15 elementor-widget elementor-widget-pp-divider\" data-id=\"107cc15\" data-element_type=\"widget\" data-widget_type=\"pp-divider.default\">\n\t\t\t\t<div class=\"elementor-widget-container\">\n\t\t\t\t\t\t\t<div class=\"pp-divider-wrap\">\n\t\t\t\t\t\t\t<div class=\"pp-divider pp-divider-horizontal horizontal\"><\/div>\n\t\t\t\t\t\t<\/div>    \n\t\t\t\t\t\t<\/div>\n\t\t\t\t<\/div>\n\t\t\t\t<div class=\"elementor-element elementor-element-52b0c75 elementor-widget elementor-widget-wd_text_block\" data-id=\"52b0c75\" data-element_type=\"widget\" data-widget_type=\"wd_text_block.default\">\n\t\t\t\t<div class=\"elementor-widget-container\">\n\t\t\t\t\t\t\t<div class=\"wd-text-block reset-last-child text-left\">\n\t\t\t\n\t\t\t<h3><span style=\"color: #00c6b8;\">DESCRIPCIONES DE PRODUCTOS<\/span><\/h3><p data-v-7d7d467a=\"\">Si bien nos esforzamos por ser lo m\u00e1s precisos posible, no garantizamos que las descripciones de los productos u otro contenido sean exactos, completos, fiables o est\u00e9n libres de errores. Ocasionalmente, puede haber informaci\u00f3n en <a href=\"https:\/\/shop.wosente-tech.com\/es\/\">shop.wosente-tech.com<\/a> que contenga errores tipogr\u00e1ficos, imprecisiones u omisiones relacionadas con las descripciones de los productos, los precios y la disponibilidad. <\/p><p class=\"margin-t20\" data-v-7d7d467a=\"\">Nos reservamos el derecho de corregir cualquier error, inexactitud u omisi\u00f3n, y de modificar o actualizar la informaci\u00f3n en cualquier momento sin previo aviso. Si se modifica alguna especificaci\u00f3n clave del producto despu\u00e9s de realizar el pedido o dentro de los siete d\u00edas posteriores a la entrega, podr\u00e1 cancelarlo y devolverlo para obtener un reembolso completo. <\/p>\n\t\t\t\t\t<\/div>\n\t\t\t\t\t\t<\/div>\n\t\t\t\t<\/div>\n\t\t\t\t<div class=\"elementor-element elementor-element-e9180e7 elementor-widget elementor-widget-pp-divider\" data-id=\"e9180e7\" data-element_type=\"widget\" data-widget_type=\"pp-divider.default\">\n\t\t\t\t<div class=\"elementor-widget-container\">\n\t\t\t\t\t\t\t<div class=\"pp-divider-wrap\">\n\t\t\t\t\t\t\t<div class=\"pp-divider pp-divider-horizontal horizontal\"><\/div>\n\t\t\t\t\t\t<\/div>    \n\t\t\t\t\t\t<\/div>\n\t\t\t\t<\/div>\n\t\t\t\t<div class=\"elementor-element elementor-element-94fe338 elementor-widget elementor-widget-wd_text_block\" data-id=\"94fe338\" data-element_type=\"widget\" data-widget_type=\"wd_text_block.default\">\n\t\t\t\t<div class=\"elementor-widget-container\">\n\t\t\t\t\t\t\t<div class=\"wd-text-block reset-last-child text-left\">\n\t\t\t\n\t\t\t<h3><span style=\"color: #00c6b8;\">PRICE<\/span><\/h3><p>Los precios y la disponibilidad de los art\u00edculos est\u00e1n sujetos a cambios sin previo aviso. Los precios no incluyen IVA, impuestos de importaci\u00f3n ni aranceles, en caso de que su paquete sea inspeccionado y considerado gravable por la aduana local. El pago de estos cargos es responsabilidad del comprador.  <\/p>\n\t\t\t\t\t<\/div>\n\t\t\t\t\t\t<\/div>\n\t\t\t\t<\/div>\n\t\t\t\t<div class=\"elementor-element elementor-element-d885919 elementor-widget elementor-widget-pp-divider\" data-id=\"d885919\" data-element_type=\"widget\" data-widget_type=\"pp-divider.default\">\n\t\t\t\t<div class=\"elementor-widget-container\">\n\t\t\t\t\t\t\t<div class=\"pp-divider-wrap\">\n\t\t\t\t\t\t\t<div class=\"pp-divider pp-divider-horizontal horizontal\"><\/div>\n\t\t\t\t\t\t<\/div>    \n\t\t\t\t\t\t<\/div>\n\t\t\t\t<\/div>\n\t\t\t\t<div class=\"elementor-element elementor-element-236cf35 elementor-widget elementor-widget-wd_text_block\" data-id=\"236cf35\" data-element_type=\"widget\" data-widget_type=\"wd_text_block.default\">\n\t\t\t\t<div class=\"elementor-widget-container\">\n\t\t\t\t\t\t\t<div class=\"wd-text-block reset-last-child text-left\">\n\t\t\t\n\t\t\t<h3><span style=\"color: #00c6b8;\">PAGO<\/span><\/h3><p>El Cliente se compromete a efectuar el pago correspondiente por los productos recibidos del Proveedor, de acuerdo con la factura y por adelantado, antes del plazo de entrega o del plazo de cr\u00e9dito estipulado. La recepci\u00f3n de cualquier producto o mercanc\u00eda del Proveedor implica la aceptaci\u00f3n de la factura, y el Cliente queda obligado a cumplir y aceptar el importe \u00edntegro de la misma. <\/p>\n\t\t\t\t\t<\/div>\n\t\t\t\t\t\t<\/div>\n\t\t\t\t<\/div>\n\t\t\t\t<div class=\"elementor-element elementor-element-132d65e elementor-widget elementor-widget-pp-divider\" data-id=\"132d65e\" data-element_type=\"widget\" data-widget_type=\"pp-divider.default\">\n\t\t\t\t<div class=\"elementor-widget-container\">\n\t\t\t\t\t\t\t<div class=\"pp-divider-wrap\">\n\t\t\t\t\t\t\t<div class=\"pp-divider pp-divider-horizontal horizontal\"><\/div>\n\t\t\t\t\t\t<\/div>    \n\t\t\t\t\t\t<\/div>\n\t\t\t\t<\/div>\n\t\t\t\t<div class=\"elementor-element elementor-element-c5d1a2f elementor-widget elementor-widget-wd_text_block\" data-id=\"c5d1a2f\" data-element_type=\"widget\" data-widget_type=\"wd_text_block.default\">\n\t\t\t\t<div class=\"elementor-widget-container\">\n\t\t\t\t\t\t\t<div class=\"wd-text-block reset-last-child text-left\">\n\t\t\t\n\t\t\t<h3><span style=\"color: #00c6b8;\">FUERZA MAYOR<\/span><\/h3><p>En ning\u00fan caso <a href=\"https:\/\/shop.wosente-tech.com\/es\/\">shop.wosente-tech.com<\/a> ser\u00e1 responsable de cualquier retraso, fallo o interrupci\u00f3n del contenido o los servicios prestados a trav\u00e9s del Sitio que resulten directa o indirectamente de actos de la naturaleza, fuerzas o causas fuera de nuestro control razonable, incluyendo, entre otros, fallos de Internet, fallos inform\u00e1ticos, de telecomunicaciones o de cualquier otro equipo, fallos de energ\u00eda el\u00e9ctrica, huelgas, conflictos laborales, disturbios, insurrecciones, disturbios civiles, escasez de mano de obra o materiales, incendios, inundaciones, tormentas, explosiones, casos fortuitos, guerra, acciones gubernamentales, \u00f3rdenes de tribunales nacionales o extranjeros o incumplimiento de terceros.<\/p>\n\t\t\t\t\t<\/div>\n\t\t\t\t\t\t<\/div>\n\t\t\t\t<\/div>\n\t\t\t\t<div class=\"elementor-element elementor-element-942c441 elementor-widget elementor-widget-pp-divider\" data-id=\"942c441\" data-element_type=\"widget\" data-widget_type=\"pp-divider.default\">\n\t\t\t\t<div class=\"elementor-widget-container\">\n\t\t\t\t\t\t\t<div class=\"pp-divider-wrap\">\n\t\t\t\t\t\t\t<div class=\"pp-divider pp-divider-horizontal horizontal\"><\/div>\n\t\t\t\t\t\t<\/div>    \n\t\t\t\t\t\t<\/div>\n\t\t\t\t<\/div>\n\t\t\t\t<div class=\"elementor-element elementor-element-2f1bc81 elementor-widget elementor-widget-wd_text_block\" data-id=\"2f1bc81\" data-element_type=\"widget\" data-widget_type=\"wd_text_block.default\">\n\t\t\t\t<div class=\"elementor-widget-container\">\n\t\t\t\t\t\t\t<div class=\"wd-text-block reset-last-child text-left\">\n\t\t\t\n\t\t\t<h3><span style=\"color: #00c6b8;\">DERECHOS DE AUTOR Y PATENTES<\/span><\/h3><p>Todo el contenido de este sitio web, como textos, gr\u00e1ficos, logotipos, iconos, im\u00e1genes, clips de audio, descargas digitales, compilaciones de datos y software, es propiedad de <a href=\"https:\/\/shop.wosente-tech.com\/es\/\">shop.wosente-tech.com<\/a> o de sus proveedores de contenido y est\u00e1 protegido por las leyes internacionales de derechos de autor. Queda terminantemente prohibido el uso de cualquier marca registrada o de servicio de <a href=\"https:\/\/shop.wosente-tech.com\/es\/\">shop.wosente-tech.com<\/a> sin nuestro consentimiento expreso por escrito. <\/p>\n\t\t\t\t\t<\/div>\n\t\t\t\t\t\t<\/div>\n\t\t\t\t<\/div>\n\t\t\t\t<div class=\"elementor-element elementor-element-628da6c elementor-widget elementor-widget-pp-divider\" data-id=\"628da6c\" data-element_type=\"widget\" data-widget_type=\"pp-divider.default\">\n\t\t\t\t<div class=\"elementor-widget-container\">\n\t\t\t\t\t\t\t<div class=\"pp-divider-wrap\">\n\t\t\t\t\t\t\t<div class=\"pp-divider pp-divider-horizontal horizontal\"><\/div>\n\t\t\t\t\t\t<\/div>    \n\t\t\t\t\t\t<\/div>\n\t\t\t\t<\/div>\n\t\t\t\t<div class=\"elementor-element elementor-element-d329d4c elementor-widget elementor-widget-wd_text_block\" data-id=\"d329d4c\" data-element_type=\"widget\" data-widget_type=\"wd_text_block.default\">\n\t\t\t\t<div class=\"elementor-widget-container\">\n\t\t\t\t\t\t\t<div class=\"wd-text-block reset-last-child text-left\">\n\t\t\t\n\t\t\t<h3><span style=\"color: #00c6b8;\">RECLAMACI\u00d3N DE DERECHOS DE PROPIEDAD INTELECTUAL<\/span><\/h3><p><a href=\"https:\/\/shop.wosente-tech.com\/es\/\">shop.wosente-tech.com<\/a> no es un distribuidor autorizado de repuestos, ni pretendemos estar afiliados de ninguna manera con los dise\u00f1adores originales ni con los titulares de los derechos de propiedad intelectual de los productos electr\u00f3nicos de consumo para los que vendemos repuestos. Contamos con una cadena de suministro global que ampl\u00eda continuamente sus contratos y ajusta sus canales de suministro para lograr la m\u00e1xima competitividad y eficiencia en respuesta a la demanda de nuestros clientes. <\/p>\n\t\t\t\t\t<\/div>\n\t\t\t\t\t\t<\/div>\n\t\t\t\t<\/div>\n\t\t\t\t<div class=\"elementor-element elementor-element-120c315 elementor-widget elementor-widget-pp-divider\" data-id=\"120c315\" data-element_type=\"widget\" data-widget_type=\"pp-divider.default\">\n\t\t\t\t<div class=\"elementor-widget-container\">\n\t\t\t\t\t\t\t<div class=\"pp-divider-wrap\">\n\t\t\t\t\t\t\t<div class=\"pp-divider pp-divider-horizontal horizontal\"><\/div>\n\t\t\t\t\t\t<\/div>    \n\t\t\t\t\t\t<\/div>\n\t\t\t\t<\/div>\n\t\t\t\t<div class=\"elementor-element elementor-element-ecd9d99 elementor-widget elementor-widget-wd_text_block\" data-id=\"ecd9d99\" data-element_type=\"widget\" data-widget_type=\"wd_text_block.default\">\n\t\t\t\t<div class=\"elementor-widget-container\">\n\t\t\t\t\t\t\t<div class=\"wd-text-block reset-last-child text-left\">\n\t\t\t\n\t\t\t<div id=\"disclaimers\" class=\"content-wrap line24 border-b-e4 pad-b30 c5\" data-v-7d7d467a=\"\"><h3><span style=\"color: #00c6b8;\">DISCLAIMERS<\/span><\/h3><p data-v-7d7d467a=\"\">El proveedor no ser\u00e1 responsable de los da\u00f1os que su empresa pueda sufrir. El proveedor no ofrece garant\u00edas de ning\u00fan tipo, ni expresas ni impl\u00edcitas, sobre los servicios que presta. El proveedor se exime de cualquier garant\u00eda de comerciabilidad o idoneidad para un prop\u00f3sito particular. Esto incluye la p\u00e9rdida de datos resultante de retrasos, falta de entrega, entrega err\u00f3nea y cualquier interrupci\u00f3n del servicio causada por el proveedor y sus empleados.   <\/p><\/div>\n\t\t\t\t\t<\/div>\n\t\t\t\t\t\t<\/div>\n\t\t\t\t<\/div>\n\t\t\t\t<div class=\"elementor-element elementor-element-21cac55 elementor-widget elementor-widget-pp-divider\" data-id=\"21cac55\" data-element_type=\"widget\" data-widget_type=\"pp-divider.default\">\n\t\t\t\t<div class=\"elementor-widget-container\">\n\t\t\t\t\t\t\t<div class=\"pp-divider-wrap\">\n\t\t\t\t\t\t\t<div class=\"pp-divider pp-divider-horizontal horizontal\"><\/div>\n\t\t\t\t\t\t<\/div>    \n\t\t\t\t\t\t<\/div>\n\t\t\t\t<\/div>\n\t\t\t\t<div class=\"elementor-element elementor-element-fe94455 elementor-widget elementor-widget-wd_text_block\" data-id=\"fe94455\" data-element_type=\"widget\" data-widget_type=\"wd_text_block.default\">\n\t\t\t\t<div class=\"elementor-widget-container\">\n\t\t\t\t\t\t\t<div class=\"wd-text-block reset-last-child text-left\">\n\t\t\t\n\t\t\t<h3><span style=\"color: #00c6b8;\">LEY APLICABLE<\/span><\/h3><p data-v-7d7d467a=\"\">Al finalizar tu compra, recibir\u00e1s un extracto de facturaci\u00f3n que incluye <a href=\"https:\/\/shop.wosente-tech.com\/es\/\"><span class=\"c60 bold text-decoration\" data-v-7d7d467a=\"\">https:\/\/shop.wosente-tech.com<\/span><\/a> y el c\u00f3digo de pa\u00eds, como \"HK\", \"UK\", etc., aparecer\u00e1 en la p\u00e1gina de pago y\/o en el extracto de tu tarjeta. Todas las compras ser\u00e1n procesadas por nuestra entidad respectiva en el pa\u00eds correspondiente seg\u00fan lo indicado por el c\u00f3digo de pa\u00eds en el extracto de facturaci\u00f3n y se rigen por la Ley Local. <\/p><p class=\"c9\" data-v-7d7d467a=\"\">Piso\/Habitaci\u00f3n J, Piso 11, Edificio Winner Factory, 55 Hunt to Road, Kwun Tong, Hong Kong<\/p>\n\t\t\t\t\t<\/div>\n\t\t\t\t\t\t<\/div>\n\t\t\t\t<\/div>\n\t\t\t\t<\/div>\n\t\t\t\t\t<\/div>\n\t\t\t\t<\/div>\n\t\t\t\t<\/div>\n\t\t","protected":false},"excerpt":{"rendered":"<p>Condiciones de uso Bienvenido a shop.wosente-tech.com\u00a1! Estas Condiciones de uso describen los t\u00e9rminos y condiciones aplicables a tu acceso y<\/p>\n","protected":false},"author":1,"featured_media":0,"parent":0,"menu_order":0,"comment_status":"closed","ping_status":"closed","template":"","meta":{"footnotes":""},"class_list":["post-32541","page","type-page","status-publish","hentry"],"_links":{"self":[{"href":"https:\/\/shop.wosente-tech.com\/es\/wp-json\/wp\/v2\/pages\/32541","targetHints":{"allow":["GET"]}}],"collection":[{"href":"https:\/\/shop.wosente-tech.com\/es\/wp-json\/wp\/v2\/pages"}],"about":[{"href":"https:\/\/shop.wosente-tech.com\/es\/wp-json\/wp\/v2\/types\/page"}],"author":[{"embeddable":true,"href":"https:\/\/shop.wosente-tech.com\/es\/wp-json\/wp\/v2\/users\/1"}],"replies":[{"embeddable":true,"href":"https:\/\/shop.wosente-tech.com\/es\/wp-json\/wp\/v2\/comments?post=32541"}],"version-history":[{"count":0,"href":"https:\/\/shop.wosente-tech.com\/es\/wp-json\/wp\/v2\/pages\/32541\/revisions"}],"wp:attachment":[{"href":"https:\/\/shop.wosente-tech.com\/es\/wp-json\/wp\/v2\/media?parent=32541"}],"curies":[{"name":"wp","href":"https:\/\/api.w.org\/{rel}","templated":true}]}}